{"id":47502,"date":"2019-08-09T11:53:46","date_gmt":"2019-08-09T11:53:46","guid":{"rendered":"https:\/\/hoejskolenmors.dk\/?page_id=47502"},"modified":"2024-10-21T13:58:16","modified_gmt":"2024-10-21T11:58:16","slug":"tegning-og-maleri","status":"publish","type":"page","link":"https:\/\/hoejskolenmors.dk\/en\/korte-kurser\/tegning-og-maleri\/","title":{"rendered":"Tegning og maleri"},"content":{"rendered":"<p>[et_pb_section fb_built=&#8221;1&#8243; admin_label=&#8221;Page Title Section&#8221; _builder_version=&#8221;3.26.6&#8243; use_background_color_gradient=&#8221;on&#8221; background_color_gradient_start=&#8221;#000000&#8243; background_color_gradient_end=&#8221;rgba(0,0,0,0)&#8221; background_color_gradient_direction=&#8221;120deg&#8221; background_color_gradient_overlays_image=&#8221;on&#8221; background_image=&#8221;https:\/\/hoejskolenmors.dk\/wp-content\/uploads\/2019\/03\/pexels-photo-1340502.jpeg&#8221; custom_padding=&#8221;1px||1px||true|&#8221;][et_pb_row column_structure=&#8221;2_3,1_3&#8243; admin_label=&#8221;Page Title Area&#8221; _builder_version=&#8221;3.25&#8243; background_size=&#8221;initial&#8221; background_position=&#8221;top_left&#8221; background_repeat=&#8221;repeat&#8221; custom_padding=&#8221;31px|||||&#8221;][et_pb_column type=&#8221;2_3&#8243; _builder_version=&#8221;3.25&#8243; custom_padding=&#8221;|||&#8221; custom_padding__hover=&#8221;|||&#8221;][et_pb_text admin_label=&#8221;Title&#8221; _builder_version=&#8221;4.4.8&#8243; text_font=&#8221;||||||||&#8221; header_font=&#8221;Oswald|300||on|||||&#8221; header_font_size=&#8221;64px&#8221; header_letter_spacing=&#8221;4px&#8221; header_line_height=&#8221;1.2em&#8221; header_2_font=&#8221;||||||||&#8221; background_layout=&#8221;dark&#8221; custom_margin=&#8221;||20px|&#8221; custom_padding=&#8221;|||&#8221; animation_style=&#8221;fade&#8221; header_font_size_tablet=&#8221;&#8221; header_font_size_phone=&#8221;40px&#8221; header_font_size_last_edited=&#8221;on|desktop&#8221; header_2_font_size_last_edited=&#8221;off|desktop&#8221;]<\/p>\n<h1>Tegning og maleri<\/h1>\n<p>[\/et_pb_text][et_pb_text admin_label=&#8221;Page Subtitle&#8221; _builder_version=&#8221;3.27.4&#8243; text_font=&#8221;Poppins||||||||&#8221; text_font_size=&#8221;18px&#8221; text_line_height=&#8221;1.2em&#8221; header_font=&#8221;||||||||&#8221; background_layout=&#8221;dark&#8221; custom_margin=&#8221;||2px|||&#8221; animation_style=&#8221;fade&#8221;]<\/p>\n<p>Periode: 5. sep. &#8211; 18. sep. 2020<\/p>\n<p>Kursusleder: Jens Bredholt<\/p>\n<p>[\/et_pb_text][\/et_pb_column][et_pb_column type=&#8221;1_3&#8243; _builder_version=&#8221;3.25&#8243; custom_padding=&#8221;|||&#8221; custom_padding__hover=&#8221;|||&#8221;][et_pb_button button_url=&#8221;https:\/\/hoejskolenmors.dk\/wp-content\/uploads\/2020\/07\/Tegning-og-Maling-Sept.-flyer-2020.pdf&#8221; url_new_window=&#8221;on&#8221; button_text=&#8221;download kursusbrochuren her!&#8221; button_alignment=&#8221;left&#8221; _builder_version=&#8221;4.5.1&#8243; custom_button=&#8221;on&#8221; button_text_size=&#8221;13px&#8221; button_text_color=&#8221;#ffffff&#8221; button_bg_color=&#8221;#5f0082&#8243; button_border_width=&#8221;1px&#8221; button_border_color=&#8221;rgba(0,0,0,0)&#8221; button_border_radius=&#8221;0px&#8221; button_letter_spacing=&#8221;5px&#8221; button_font=&#8221;Poppins|700||on|||||&#8221; button_use_icon=&#8221;off&#8221; custom_margin=&#8221;8px||8px|40px|true|false&#8221; custom_padding=&#8221;14px|28px|14px|28px|true|true&#8221; hover_enabled=&#8221;0&#8243; locked=&#8221;off&#8221; button_bg_color__hover=&#8221;#ffffff&#8221; button_border_width__hover=&#8221;2px&#8221; button_text_color__hover=&#8221;#000000&#8243; button_border_color__hover=&#8221;#ffffff&#8221; box_shadow_vertical__hover_enabled=&#8221;on&#8221; box_shadow_vertical__hover=&#8221;8px&#8221;][\/et_pb_button][\/et_pb_column][\/et_pb_row][\/et_pb_section][et_pb_section fb_built=&#8221;1&#8243; admin_label=&#8221;Class Details Section&#8221; _builder_version=&#8221;3.26.6&#8243; custom_padding=&#8221;90px||90px|&#8221;][et_pb_row column_structure=&#8221;3_4,1_4&#8243; admin_label=&#8221;Course Overview Area &#8221; _builder_version=&#8221;3.25&#8243; custom_margin=&#8221;|||&#8221; custom_padding=&#8221;|||&#8221;][et_pb_column type=&#8221;3_4&#8243; _builder_version=&#8221;3.25&#8243; custom_padding=&#8221;|||&#8221; custom_padding__hover=&#8221;|||&#8221;][et_pb_text admin_label=&#8221;Title&#8221; _builder_version=&#8221;3.27.4&#8243; header_font=&#8221;Oswald|||on|||||&#8221; header_3_font=&#8221;Poppins|600|||||||&#8221; header_3_line_height=&#8221;1.2em&#8221; custom_margin=&#8221;||20px|&#8221; animation_style=&#8221;fade&#8221;]<\/p>\n<h1 class=\"tw-data-text tw-ta tw-text-medium\" data-placeholder=\"Translation\" id=\"tw-target-text\" dir=\"ltr\"><span lang=\"da\" tabindex=\"0\">kursusoversigt<\/span>:<\/h1>\n<p>[\/et_pb_text][et_pb_text _builder_version=&#8221;3.27.4&#8243; text_font=&#8221;Roboto|300|||||||&#8221; text_text_color=&#8221;#000000&#8243; text_line_height=&#8221;1.8em&#8221; header_font=&#8221;||||||||&#8221; header_3_font=&#8221;||||||||&#8221; animation_style=&#8221;fade&#8221;]<\/p>\n<p>At hengive sig til at lave billeder, at f\u00e5 det sete omsat til et personligt udtryk, er p\u00e5 samme tid en kamp og en stor gl\u00e6de. Gennem f\u00e6lles opl\u00e6g og \u00f8velser i at bruge pensel og blyant, blande farver, s\u00e6tte streger og komponere billeder f\u00e5r du tr\u00e6ning i at se, finde og indkredse dine motiver.\u00a0<\/p>\n<p>I den f\u00f8rste uge l\u00e6gger vi hovedv\u00e6gten p\u00e5 tegningen. Gennem \u00f8velser arbejder vi med forskellige m\u00e5der at tegne p\u00e5; hurtige skitser og mere gennemarbejdede billeder. Vi arbejder med brugen af forskellige tegneredskaber, herunder ogs\u00e5 akvarel. I den anden uge l\u00e6gger vi mere v\u00e6gt p\u00e5 den koloristiske side og arbejder med farverne i sin udtryksform.<\/p>\n<p>&nbsp;<\/p>\n<p>[\/et_pb_text][et_pb_text admin_label=&#8221;Title&#8221; _builder_version=&#8221;3.27.4&#8243; header_font=&#8221;Oswald|||on|||||&#8221; header_3_font=&#8221;Poppins|600|||||||&#8221; header_3_line_height=&#8221;1.2em&#8221; custom_margin=&#8221;||20px|&#8221; animation_style=&#8221;fade&#8221;]<\/p>\n<h1 class=\"tw-data-text tw-ta tw-text-medium\" data-placeholder=\"Translation\" id=\"tw-target-text\" dir=\"ltr\">pris:<\/h1>\n<p>[\/et_pb_text][et_pb_text _builder_version=&#8221;3.27.4&#8243; text_font=&#8221;Oswald|300|||||||&#8221; text_text_color=&#8221;#000000&#8243; text_font_size=&#8221;19px&#8221; text_line_height=&#8221;1.8em&#8221; header_font=&#8221;|300|||||||&#8221; header_3_font=&#8221;||||||||&#8221; animation_style=&#8221;fade&#8221;]<\/p>\n<p>ENESTE\u00a0 LEDIGE PLADSER\u00a0 Dagskursist: 5000,- (DVS. UDEN OVERNATNING)\u00a0\u00a0<\/p>\n<p>[\/et_pb_text][et_pb_button button_url=&#8221;https:\/\/www.WebTilmeldinger.dk\/TilmeldingsFormularV2\/Tilmelding.aspx?FormId=%7BC1FA77E8-E8B2-491D-9B12-9DA7AA47E529%7D&#8221; button_text=&#8221; tilmeld nu&#8221; button_alignment=&#8221;left&#8221; _builder_version=&#8221;4.0.7&#8243; custom_button=&#8221;on&#8221; button_text_size=&#8221;16px&#8221; button_text_color=&#8221;#ffffff&#8221; button_bg_color=&#8221;#0c71c3&#8243; button_border_width=&#8221;0px&#8221; button_border_color=&#8221;#000000&#8243; button_border_radius=&#8221;0px&#8221; button_letter_spacing=&#8221;5px&#8221; button_font=&#8221;Poppins|700||on|||||&#8221; button_use_icon=&#8221;off&#8221; custom_margin=&#8221;0px||3px|0px|false|false&#8221; custom_padding=&#8221;14px|28px|14px|28px|true|true&#8221; locked=&#8221;off&#8221; button_bg_color__hover=&#8221;#0bc169&#8243; button_border_width__hover=&#8221;2px&#8221; button_text_color__hover=&#8221;#000000&#8243; button_border_color__hover=&#8221;#ffffff&#8221; box_shadow_vertical__hover_enabled=&#8221;on&#8221; box_shadow_vertical__hover=&#8221;8px&#8221; button_bg_color__hover_enabled=&#8221;on&#8221; button_bg_enable_color__hover=&#8221;on&#8221;][\/et_pb_button][\/et_pb_column][et_pb_column type=&#8221;1_4&#8243; _builder_version=&#8221;3.25&#8243; custom_padding=&#8221;|||&#8221; custom_padding__hover=&#8221;|||&#8221;][et_pb_toggle title=&#8221;Kurser 2020&#8243; open=&#8221;on&#8221; open_toggle_text_color=&#8221;#ffffff&#8221; open_toggle_background_color=&#8221;#0c0c0c&#8221; icon_color=&#8221;#000000&#8243; use_icon_font_size=&#8221;on&#8221; _builder_version=&#8221;3.26.6&#8243; title_font=&#8221;Oswald|200||on|||||&#8221; closed_title_font=&#8221;Roboto|300|||||||&#8221; body_font=&#8221;Roboto|300|||||||&#8221; body_text_color=&#8221;#ffffff&#8221;]<\/p>\n<p class=\"p2\"><a href=\"https:\/\/hoejskolenmors.dk\/maleri-2\/\">Maleri <\/a><\/p>\n<p class=\"p2\"><a href=\"https:\/\/hoejskolenmors.dk\/tegning-og-akvarel-2\/\">Tegning og akvarel<\/a><\/p>\n<p class=\"p2\"><a href=\"https:\/\/hoejskolenmors.dk\/kajak-og-akvarel\/\">Kajak og akvarel<\/a><\/p>\n<p class=\"p2\"><a href=\"https:\/\/hoejskolenmors.dk\/laengsel-og-livsmod\/\">L\u00e6ngsel og livsmod<\/a><\/p>\n<p class=\"p2\"><a href=\"https:\/\/hoejskolenmors.dk\/eventyroen-familiekursus\/\">Eventyr\u00f8en &#8211; familiekursus<\/a><\/p>\n<p class=\"p2\"><a href=\"https:\/\/hoejskolenmors.dk\/pa-sporet-af-historien\/\">P\u00e5 sporet af historien<\/a><\/p>\n<p class=\"p2\"><a href=\"https:\/\/hoejskolenmors.dk\/kultur-pa-toppen\/\">Kultur p\u00e5 toppen<\/a><\/p>\n<p class=\"p2\"><strong>&lt; Tegning og maleri<\/strong><\/p>\n<p class=\"p2\"><a href=\"https:\/\/hoejskolenmors.dk\/nar-livet-bliver-en-fortaelling\/\">N\u00e5r livet bliver en fort\u00e6lling<\/a><\/p>\n<p class=\"p2\"><a href=\"https:\/\/hoejskolenmors.dk\/fortaellekursus\/\">Fort\u00e6llekursus<\/a><\/p>\n<p class=\"p2\"><a href=\"https:\/\/hoejskolenmors.dk\/nytarskursus\/\">Nyt\u00e5rskursus<\/a><\/p>\n<p>[\/et_pb_toggle][\/et_pb_column][\/et_pb_row][\/et_pb_section][et_pb_section fb_built=&#8221;1&#8243; admin_label=&#8221;Borwse More Course Section&#8221; _builder_version=&#8221;3.22&#8243; background_color=&#8221;#282624&#8243;][et_pb_row admin_label=&#8221;Browse More Course Area &#8221; _builder_version=&#8221;3.25&#8243;][et_pb_column type=&#8221;4_4&#8243; _builder_version=&#8221;3.25&#8243; custom_padding=&#8221;|||&#8221; custom_padding__hover=&#8221;|||&#8221;][et_pb_button button_url=&#8221;https:\/\/hoejskolenmors.dk\/?page_id=46947&#8243; button_text=&#8221;Se flere kurser&#8221; button_alignment=&#8221;center&#8221; _builder_version=&#8221;3.26.6&#8243; custom_button=&#8221;on&#8221; button_text_size=&#8221;18px&#8221; button_text_color=&#8221;#ffffff&#8221; button_bg_color=&#8221;#282624&#8243; button_border_width=&#8221;8px&#8221; button_border_color=&#8221;#282624&#8243; button_border_radius=&#8221;0px&#8221; button_letter_spacing=&#8221;2px&#8221; button_font=&#8221;Poppins|600||on|||||&#8221; button_icon=&#8221;%%3%%&#8221; animation_style=&#8221;fade&#8221; button_text_size__hover_enabled=&#8221;off&#8221; button_one_text_size__hover_enabled=&#8221;off&#8221; button_two_text_size__hover_enabled=&#8221;off&#8221; button_text_color__hover_enabled=&#8221;off&#8221; button_one_text_color__hover_enabled=&#8221;off&#8221; button_two_text_color__hover_enabled=&#8221;off&#8221; button_border_width__hover_enabled=&#8221;off&#8221; button_one_border_width__hover_enabled=&#8221;off&#8221; button_two_border_width__hover_enabled=&#8221;off&#8221; button_border_color__hover_enabled=&#8221;off&#8221; button_one_border_color__hover_enabled=&#8221;off&#8221; button_two_border_color__hover_enabled=&#8221;off&#8221; button_border_radius__hover_enabled=&#8221;off&#8221; button_one_border_radius__hover_enabled=&#8221;off&#8221; button_two_border_radius__hover_enabled=&#8221;off&#8221; button_letter_spacing__hover_enabled=&#8221;off&#8221; button_one_letter_spacing__hover_enabled=&#8221;off&#8221; button_two_letter_spacing__hover_enabled=&#8221;off&#8221; button_bg_color__hover_enabled=&#8221;off&#8221; button_one_bg_color__hover_enabled=&#8221;off&#8221; button_two_bg_color__hover_enabled=&#8221;off&#8221;][\/et_pb_button][\/et_pb_column][\/et_pb_row][\/et_pb_section][et_pb_section fb_built=&#8221;1&#8243; admin_label=&#8221;Footer Section&#8221; _builder_version=&#8221;3.27&#8243; background_color=&#8221;#f2f2f2&#8243; background_image=&#8221;https:\/\/hoejskolenmors.dk\/wp-content\/uploads\/2019\/06\/bg2-copy-1.jpg&#8221; parallax=&#8221;on&#8221; max_width=&#8221;100%&#8221; max_width_tablet=&#8221;&#8221; max_width_phone=&#8221;&#8221; max_width_last_edited=&#8221;on|tablet&#8221; custom_margin=&#8221;||0px||false|false&#8221; custom_margin_tablet=&#8221;||0vw&#8221; custom_margin_phone=&#8221;&#8221; custom_margin_last_edited=&#8221;on|desktop&#8221; custom_padding=&#8221;0px|0|2px|0|false|true&#8221; box_shadow_style=&#8221;preset7&#8243; box_shadow_position=&#8221;outer&#8221; global_module=&#8221;46759&#8243; saved_tabs=&#8221;all&#8221;][et_pb_row _builder_version=&#8221;4.4.1&#8243; min_height=&#8221;568px&#8221;][et_pb_column type=&#8221;4_4&#8243; _builder_version=&#8221;4.4.1&#8243;][\/et_pb_column][\/et_pb_row][et_pb_row disabled_on=&#8221;off|off|off&#8221; admin_label=&#8221;Social Media&#8221; _builder_version=&#8221;3.27&#8243; custom_margin=&#8221;30px|||&#8221; custom_margin_tablet=&#8221;&#8221; custom_margin_phone=&#8221;0px||||false|false&#8221; custom_margin_last_edited=&#8221;on|phone&#8221;][et_pb_column type=&#8221;4_4&#8243; _builder_version=&#8221;3.25&#8243; custom_padding=&#8221;|||&#8221; custom_padding__hover=&#8221;|||&#8221;][\/et_pb_column][\/et_pb_row][\/et_pb_section][et_pb_section fb_built=&#8221;1&#8243; _builder_version=&#8221;3.21.1&#8243; background_color=&#8221;#000000&#8243; custom_padding=&#8221;5px|0px|5px|0px|true|false&#8221; global_module=&#8221;46760&#8243; saved_tabs=&#8221;all&#8221;][et_pb_row _builder_version=&#8221;3.25&#8243;][et_pb_column type=&#8221;4_4&#8243; _builder_version=&#8221;3.25&#8243; custom_padding=&#8221;|||&#8221; custom_padding__hover=&#8221;|||&#8221;][et_pb_social_media_follow _builder_version=&#8221;4.4.2&#8243; text_orientation=&#8221;center&#8221;][et_pb_social_media_follow_network social_network=&#8221;facebook&#8221; url=&#8221;https:\/\/www.facebook.com\/hojskolenmors\/&#8221; icon_color=&#8221;#ffffff&#8221; _builder_version=&#8221;4.4.2&#8243; background_color=&#8221;#000000&#8243; custom_margin=&#8221;|8px||8px&#8221; custom_padding=&#8221;14px|14px|14px|14px&#8221; border_radii=&#8221;on|100px|100px|100px|100px&#8221; border_width_all=&#8221;2px&#8221; border_color_all=&#8221;#ffffff&#8221; follow_button=&#8221;off&#8221; url_new_window=&#8221;on&#8221;]facebook[\/et_pb_social_media_follow_network][et_pb_social_media_follow_network social_network=&#8221;instagram&#8221; url=&#8221;https:\/\/www.instagram.com\/hojskolenmors\/&#8221; _builder_version=&#8221;4.4.2&#8243; background_color=&#8221;#000000&#8243; custom_margin=&#8221;|8px||8px&#8221; custom_padding=&#8221;14px|14px|14px|14px&#8221; border_radii=&#8221;on|100px|100px|100px|100px&#8221; border_width_all=&#8221;2px&#8221; border_color_all=&#8221;#ffffff&#8221; follow_button=&#8221;off&#8221; url_new_window=&#8221;on&#8221;]instagram[\/et_pb_social_media_follow_network][\/et_pb_social_media_follow][\/et_pb_column][\/et_pb_row][et_pb_row _builder_version=&#8221;4.4.2&#8243;][et_pb_column type=&#8221;4_4&#8243; _builder_version=&#8221;4.4.2&#8243;][et_pb_text _builder_version=&#8221;4.4.6&#8243; text_orientation=&#8221;center&#8221;]<\/p>\n<p><span style=\"font-size: medium;\">H\u00f8jskolen Mors\u00a0\u2022 Salgerh\u00f8jvej 36\u00a0\u2022 7900 Nyk\u00f8bing Mors\u00a0<\/span><\/p>\n<p><span style=\"font-size: medium;\">Mail: <a href=\"mailto:info@hoejskolenmors.dk\">info@hoejskolenmors.dk<\/a>\u00a0<\/span><\/p>\n<p><span style=\"font-size: medium;\">Tel. +45 88 77 97 20<\/span><\/p>\n<p><span style=\"font-size: small;\">cvr. nr.\u00a040073507 \u2022\u00a0Reg. 9133\u00a0Kontonr. 0002000693<\/span><\/p>\n<p>[\/et_pb_text][et_pb_text _builder_version=&#8221;4.4.7&#8243; text_font=&#8221;Poppins||||||||&#8221; text_text_color=&#8221;#ffffff&#8221; link_font=&#8221;Poppins||||||||&#8221; link_text_color=&#8221;#ffffff&#8221; link_font_size=&#8221;12px&#8221; text_orientation=&#8221;center&#8221; text_font_size_tablet=&#8221;&#8221; text_font_size_phone=&#8221;12px&#8221; text_font_size_last_edited=&#8221;on|phone&#8221;]<\/p>\n<p><span>\u00a9Hoejskolenmors.dk |\u00a0<\/span><span>Web design:<strong>\u00a0<\/strong><\/span><strong><a href=\"http:\/\/www.radesign.dk\/\" target=\"_blank\" rel=\"nofollow noopener noreferrer\">RADESIGN<\/a><\/strong><\/p>\n<p>[\/et_pb_text][\/et_pb_column][\/et_pb_row][\/et_pb_section]<\/p>\n","protected":false},"excerpt":{"rendered":"<p>Tegning og maleriPeriode: 5. sep. &#8211; 18. sep. 2020 Kursusleder: Jens Bredholtkursusoversigt:At hengive sig til at lave billeder, at f\u00e5 det sete omsat til et personligt udtryk, er p\u00e5 samme tid en kamp og en stor gl\u00e6de. Gennem f\u00e6lles opl\u00e6g og \u00f8velser i at bruge pensel og blyant, blande farver, s\u00e6tte streger og komponere billeder [&hellip;]<\/p>\n","protected":false},"author":3,"featured_media":0,"parent":46947,"menu_order":0,"comment_status":"closed","ping_status":"closed","template":"","meta":{"_et_pb_use_builder":"on","_et_pb_old_content":"<!-- wp:divi\/placeholder \/-->","_et_gb_content_width":"","inline_featured_image":false,"footnotes":""},"class_list":["post-47502","page","type-page","status-publish","hentry"],"yoast_head":"<!-- This site is optimized with the Yoast SEO plugin v27.4 - https:\/\/yoast.com\/product\/yoast-seo-wordpress\/ -->\n<title>Tegning og maleri - L\u00e6r det p\u00e5 h\u00f8jskoleophold her - Og bliv bedre!<\/title>\n<meta name=\"description\" content=\"Gennem f\u00e6lles opl\u00e6g og \u00f8velser i at bruge pensel og blyant, blande farver, s\u00e6tte streger og komponere billeder f\u00e5r du tr\u00e6ning i at se, finde og indkredse dine motiver.\" \/>\n<meta name=\"robots\" content=\"index, follow, max-snippet:-1, max-image-preview:large, max-video-preview:-1\" \/>\n<link rel=\"canonical\" href=\"https:\/\/hoejskolenmors.dk\/en\/korte-kurser\/tegning-og-maleri\/\" \/>\n<meta property=\"og:locale\" content=\"en_GB\" \/>\n<meta property=\"og:type\" content=\"article\" \/>\n<meta property=\"og:title\" content=\"Tegning og maleri - L\u00e6r det p\u00e5 h\u00f8jskoleophold her - Og bliv bedre!\" \/>\n<meta property=\"og:description\" content=\"Gennem f\u00e6lles opl\u00e6g og \u00f8velser i at bruge pensel og blyant, blande farver, s\u00e6tte streger og komponere billeder f\u00e5r du tr\u00e6ning i at se, finde og indkredse dine motiver.\" \/>\n<meta property=\"og:url\" content=\"https:\/\/hoejskolenmors.dk\/en\/korte-kurser\/tegning-og-maleri\/\" \/>\n<meta property=\"og:site_name\" content=\"H\u00f8jskolen Mors\" \/>\n<meta property=\"article:publisher\" content=\"https:\/\/www.facebook.com\/hojskolenmors\/\" \/>\n<meta property=\"article:modified_time\" content=\"2024-10-21T11:58:16+00:00\" \/>\n<meta name=\"twitter:card\" content=\"summary_large_image\" \/>\n<meta name=\"twitter:label1\" content=\"Estimated reading time\" \/>\n\t<meta name=\"twitter:data1\" content=\"8 minutes\" \/>\n<script type=\"application\/ld+json\" class=\"yoast-schema-graph\">{\"@context\":\"https:\\\/\\\/schema.org\",\"@graph\":[{\"@type\":\"WebPage\",\"@id\":\"https:\\\/\\\/hoejskolenmors.dk\\\/korte-kurser\\\/tegning-og-maleri\\\/\",\"url\":\"https:\\\/\\\/hoejskolenmors.dk\\\/korte-kurser\\\/tegning-og-maleri\\\/\",\"name\":\"Tegning og maleri - L\u00e6r det p\u00e5 h\u00f8jskoleophold her - Og bliv bedre!\",\"isPartOf\":{\"@id\":\"https:\\\/\\\/hoejskolenmors.dk\\\/#website\"},\"datePublished\":\"2019-08-09T11:53:46+00:00\",\"dateModified\":\"2024-10-21T11:58:16+00:00\",\"description\":\"Gennem f\u00e6lles opl\u00e6g og \u00f8velser i at bruge pensel og blyant, blande farver, s\u00e6tte streger og komponere billeder f\u00e5r du tr\u00e6ning i at se, finde og indkredse dine motiver.\",\"breadcrumb\":{\"@id\":\"https:\\\/\\\/hoejskolenmors.dk\\\/korte-kurser\\\/tegning-og-maleri\\\/#breadcrumb\"},\"inLanguage\":\"en-GB\",\"potentialAction\":[{\"@type\":\"ReadAction\",\"target\":[\"https:\\\/\\\/hoejskolenmors.dk\\\/korte-kurser\\\/tegning-og-maleri\\\/\"]}]},{\"@type\":\"BreadcrumbList\",\"@id\":\"https:\\\/\\\/hoejskolenmors.dk\\\/korte-kurser\\\/tegning-og-maleri\\\/#breadcrumb\",\"itemListElement\":[{\"@type\":\"ListItem\",\"position\":1,\"name\":\"Home\",\"item\":\"https:\\\/\\\/hoejskolenmors.dk\\\/\"},{\"@type\":\"ListItem\",\"position\":2,\"name\":\"Korte kurser\",\"item\":\"https:\\\/\\\/hoejskolenmors.dk\\\/korte-kurser\\\/\"},{\"@type\":\"ListItem\",\"position\":3,\"name\":\"Tegning og maleri\"}]},{\"@type\":\"WebSite\",\"@id\":\"https:\\\/\\\/hoejskolenmors.dk\\\/#website\",\"url\":\"https:\\\/\\\/hoejskolenmors.dk\\\/\",\"name\":\"H\u00f8jskolen Mors\",\"description\":\"Kultur p\u00e5 toppen\",\"publisher\":{\"@id\":\"https:\\\/\\\/hoejskolenmors.dk\\\/#organization\"},\"potentialAction\":[{\"@type\":\"SearchAction\",\"target\":{\"@type\":\"EntryPoint\",\"urlTemplate\":\"https:\\\/\\\/hoejskolenmors.dk\\\/?s={search_term_string}\"},\"query-input\":{\"@type\":\"PropertyValueSpecification\",\"valueRequired\":true,\"valueName\":\"search_term_string\"}}],\"inLanguage\":\"en-GB\"},{\"@type\":\"Organization\",\"@id\":\"https:\\\/\\\/hoejskolenmors.dk\\\/#organization\",\"name\":\"H\u00f8jskolen Mors\",\"url\":\"https:\\\/\\\/hoejskolenmors.dk\\\/\",\"logo\":{\"@type\":\"ImageObject\",\"inLanguage\":\"en-GB\",\"@id\":\"https:\\\/\\\/hoejskolenmors.dk\\\/#\\\/schema\\\/logo\\\/image\\\/\",\"url\":\"https:\\\/\\\/hoejskolenmors.dk\\\/wp-content\\\/uploads\\\/2017\\\/10\\\/Logo22.svg\",\"contentUrl\":\"https:\\\/\\\/hoejskolenmors.dk\\\/wp-content\\\/uploads\\\/2017\\\/10\\\/Logo22.svg\",\"width\":1,\"height\":1,\"caption\":\"H\u00f8jskolen Mors\"},\"image\":{\"@id\":\"https:\\\/\\\/hoejskolenmors.dk\\\/#\\\/schema\\\/logo\\\/image\\\/\"},\"sameAs\":[\"https:\\\/\\\/www.facebook.com\\\/hojskolenmors\\\/\",\"https:\\\/\\\/www.instagram.com\\\/hojskolenmors\\\/?hl=da\",\"https:\\\/\\\/www.tiktok.com\\\/@hojskolenmors\",\"https:\\\/\\\/www.linkedin.com\\\/company\\\/r-dding-h-jskole\"]}]}<\/script>\n<!-- \/ Yoast SEO plugin. -->","yoast_head_json":{"title":"Tegning og maleri - L\u00e6r det p\u00e5 h\u00f8jskoleophold her - Og bliv bedre!","description":"Gennem f\u00e6lles opl\u00e6g og \u00f8velser i at bruge pensel og blyant, blande farver, s\u00e6tte streger og komponere billeder f\u00e5r du tr\u00e6ning i at se, finde og indkredse dine motiver.","robots":{"index":"index","follow":"follow","max-snippet":"max-snippet:-1","max-image-preview":"max-image-preview:large","max-video-preview":"max-video-preview:-1"},"canonical":"https:\/\/hoejskolenmors.dk\/en\/korte-kurser\/tegning-og-maleri\/","og_locale":"en_GB","og_type":"article","og_title":"Tegning og maleri - L\u00e6r det p\u00e5 h\u00f8jskoleophold her - Og bliv bedre!","og_description":"Gennem f\u00e6lles opl\u00e6g og \u00f8velser i at bruge pensel og blyant, blande farver, s\u00e6tte streger og komponere billeder f\u00e5r du tr\u00e6ning i at se, finde og indkredse dine motiver.","og_url":"https:\/\/hoejskolenmors.dk\/en\/korte-kurser\/tegning-og-maleri\/","og_site_name":"H\u00f8jskolen Mors","article_publisher":"https:\/\/www.facebook.com\/hojskolenmors\/","article_modified_time":"2024-10-21T11:58:16+00:00","twitter_card":"summary_large_image","twitter_misc":{"Estimated reading time":"8 minutes"},"schema":{"@context":"https:\/\/schema.org","@graph":[{"@type":"WebPage","@id":"https:\/\/hoejskolenmors.dk\/korte-kurser\/tegning-og-maleri\/","url":"https:\/\/hoejskolenmors.dk\/korte-kurser\/tegning-og-maleri\/","name":"Tegning og maleri - L\u00e6r det p\u00e5 h\u00f8jskoleophold her - Og bliv bedre!","isPartOf":{"@id":"https:\/\/hoejskolenmors.dk\/#website"},"datePublished":"2019-08-09T11:53:46+00:00","dateModified":"2024-10-21T11:58:16+00:00","description":"Gennem f\u00e6lles opl\u00e6g og \u00f8velser i at bruge pensel og blyant, blande farver, s\u00e6tte streger og komponere billeder f\u00e5r du tr\u00e6ning i at se, finde og indkredse dine motiver.","breadcrumb":{"@id":"https:\/\/hoejskolenmors.dk\/korte-kurser\/tegning-og-maleri\/#breadcrumb"},"inLanguage":"en-GB","potentialAction":[{"@type":"ReadAction","target":["https:\/\/hoejskolenmors.dk\/korte-kurser\/tegning-og-maleri\/"]}]},{"@type":"BreadcrumbList","@id":"https:\/\/hoejskolenmors.dk\/korte-kurser\/tegning-og-maleri\/#breadcrumb","itemListElement":[{"@type":"ListItem","position":1,"name":"Home","item":"https:\/\/hoejskolenmors.dk\/"},{"@type":"ListItem","position":2,"name":"Korte kurser","item":"https:\/\/hoejskolenmors.dk\/korte-kurser\/"},{"@type":"ListItem","position":3,"name":"Tegning og maleri"}]},{"@type":"WebSite","@id":"https:\/\/hoejskolenmors.dk\/#website","url":"https:\/\/hoejskolenmors.dk\/","name":"H\u00f8jskolen Mors","description":"Culture at the top","publisher":{"@id":"https:\/\/hoejskolenmors.dk\/#organization"},"potentialAction":[{"@type":"SearchAction","target":{"@type":"EntryPoint","urlTemplate":"https:\/\/hoejskolenmors.dk\/?s={search_term_string}"},"query-input":{"@type":"PropertyValueSpecification","valueRequired":true,"valueName":"search_term_string"}}],"inLanguage":"en-GB"},{"@type":"Organization","@id":"https:\/\/hoejskolenmors.dk\/#organization","name":"H\u00f8jskolen Mors","url":"https:\/\/hoejskolenmors.dk\/","logo":{"@type":"ImageObject","inLanguage":"en-GB","@id":"https:\/\/hoejskolenmors.dk\/#\/schema\/logo\/image\/","url":"https:\/\/hoejskolenmors.dk\/wp-content\/uploads\/2017\/10\/Logo22.svg","contentUrl":"https:\/\/hoejskolenmors.dk\/wp-content\/uploads\/2017\/10\/Logo22.svg","width":1,"height":1,"caption":"H\u00f8jskolen Mors"},"image":{"@id":"https:\/\/hoejskolenmors.dk\/#\/schema\/logo\/image\/"},"sameAs":["https:\/\/www.facebook.com\/hojskolenmors\/","https:\/\/www.instagram.com\/hojskolenmors\/?hl=da","https:\/\/www.tiktok.com\/@hojskolenmors","https:\/\/www.linkedin.com\/company\/r-dding-h-jskole"]}]}},"_links":{"self":[{"href":"https:\/\/hoejskolenmors.dk\/en\/wp-json\/wp\/v2\/pages\/47502","targetHints":{"allow":["GET"]}}],"collection":[{"href":"https:\/\/hoejskolenmors.dk\/en\/wp-json\/wp\/v2\/pages"}],"about":[{"href":"https:\/\/hoejskolenmors.dk\/en\/wp-json\/wp\/v2\/types\/page"}],"author":[{"embeddable":true,"href":"https:\/\/hoejskolenmors.dk\/en\/wp-json\/wp\/v2\/users\/3"}],"replies":[{"embeddable":true,"href":"https:\/\/hoejskolenmors.dk\/en\/wp-json\/wp\/v2\/comments?post=47502"}],"version-history":[{"count":3,"href":"https:\/\/hoejskolenmors.dk\/en\/wp-json\/wp\/v2\/pages\/47502\/revisions"}],"predecessor-version":[{"id":51079,"href":"https:\/\/hoejskolenmors.dk\/en\/wp-json\/wp\/v2\/pages\/47502\/revisions\/51079"}],"up":[{"embeddable":true,"href":"https:\/\/hoejskolenmors.dk\/en\/wp-json\/wp\/v2\/pages\/46947"}],"wp:attachment":[{"href":"https:\/\/hoejskolenmors.dk\/en\/wp-json\/wp\/v2\/media?parent=47502"}],"curies":[{"name":"wp","href":"https:\/\/api.w.org\/{rel}","templated":true}]}}