{"id":47755,"date":"2019-08-10T12:36:49","date_gmt":"2019-08-10T12:36:49","guid":{"rendered":"https:\/\/hoejskolenmors.dk\/?page_id=47755"},"modified":"2025-06-23T09:46:13","modified_gmt":"2025-06-23T07:46:13","slug":"laengsel-og-livsmod2","status":"publish","type":"page","link":"https:\/\/hoejskolenmors.dk\/en\/korte-kurser\/laengsel-og-livsmod2\/","title":{"rendered":"Longing and courage"},"content":{"rendered":"\n[et_pb_section fb_built=&#8221;1&#8243; admin_label=&#8221;Page Title Section&#8221; _builder_version=&#8221;4.16&#8243; background_color_gradient_direction=&#8221;120deg&#8221; background_image=&#8221;https:\/\/hoejskolenmors.dk\/wp-content\/uploads\/2021\/01\/IMG_2750-scaled.jpeg&#8221; parallax=&#8221;on&#8221; parallax_method=&#8221;off&#8221; min_height=&#8221;301px&#8221; custom_padding=&#8221;1px||1px||true|&#8221; global_colors_info=&#8221;{}&#8221;][et_pb_row column_structure=&#8221;2_3,1_3&#8243; admin_label=&#8221;Page Title Area&#8221; _builder_version=&#8221;4.16&#8243; background_size=&#8221;initial&#8221; background_position=&#8221;top_left&#8221; background_repeat=&#8221;repeat&#8221; custom_padding=&#8221;31px|||||&#8221; global_colors_info=&#8221;{}&#8221;][et_pb_column type=&#8221;2_3&#8243; _builder_version=&#8221;4.16&#8243; custom_padding=&#8221;|||&#8221; global_colors_info=&#8221;{}&#8221; custom_padding__hover=&#8221;|||&#8221;][et_pb_text admin_label=&#8221;Title&#8221; _builder_version=&#8221;4.16&#8243; text_font=&#8221;||||||||&#8221; header_font=&#8221;Oswald|300||on|||||&#8221; header_font_size=&#8221;64px&#8221; header_letter_spacing=&#8221;4px&#8221; header_line_height=&#8221;1.2em&#8221; header_2_font=&#8221;||||||||&#8221; background_layout=&#8221;dark&#8221; custom_margin=&#8221;||20px|&#8221; custom_padding=&#8221;|||&#8221; animation_style=&#8221;fade&#8221; header_font_size_tablet=&#8221;&#8221; header_font_size_phone=&#8221;40px&#8221; header_font_size_last_edited=&#8221;on|desktop&#8221; header_2_font_size_last_edited=&#8221;off|desktop&#8221; global_colors_info=&#8221;{}&#8221;]<div class=\"page\" title=\"Page 14\">\n<div class=\"section\">\n<div class=\"layoutArea\">\n<div class=\"column\">\n<div class=\"et_pb_module et_pb_text et_pb_text_0 et_pb_bg_layout_dark  et_pb_text_align_left et_had_animation\">\n<div class=\"et_pb_text_inner\">\n<h1>L\u00c6NGSEL OG LIVSMOD<\/h1>\n<\/div>\n<\/div>\n<div class=\"et_pb_module et_pb_text et_pb_text_1 et_pb_bg_layout_dark  et_pb_text_align_left et_had_animation\">\n<div class=\"et_pb_text_inner\"><\/div>\n<\/div>\n<\/div>\n<\/div>\n<\/div>\n<\/div>[\/et_pb_text][et_pb_text admin_label=&#8221;Page Subtitle&#8221; _builder_version=&#8221;4.16&#8243; text_font=&#8221;Poppins||||||||&#8221; text_font_size=&#8221;18px&#8221; text_line_height=&#8221;1.2em&#8221; header_font=&#8221;||||||||&#8221; background_layout=&#8221;dark&#8221; custom_margin=&#8221;||2px|||&#8221; animation_style=&#8221;fade&#8221; global_colors_info=&#8221;{}&#8221;]<div class=\"page\" title=\"Page 14\">\n<div class=\"section\">\n<div class=\"layoutArea\">\n<div class=\"column\">\n<div class=\"page\" title=\"Page 17\">\n<div class=\"section\">\n<div class=\"layoutArea\">\n<div class=\"column\">\n<div class=\"page\" title=\"Page 18\">\n<div class=\"section\">\n<div class=\"layoutArea\">\n<div class=\"column\">\n<p><span><br \/>Periode: <\/span><span>25. juni &#8211; 1. juli 2023<\/span><\/p>\n<p><span>Kursusleder: <\/span><span>Nikolai Seidelin<\/span><\/p>\n<\/div>\n<\/div>\n<\/div>\n<\/div>\n<\/div>\n<\/div>\n<\/div>\n<\/div>\n<\/div>\n<\/div>\n<\/div>\n<\/div>[\/et_pb_text][\/et_pb_column][et_pb_column type=&#8221;1_3&#8243; _builder_version=&#8221;4.16&#8243; custom_padding=&#8221;|||&#8221; global_colors_info=&#8221;{}&#8221; custom_padding__hover=&#8221;|||&#8221;][et_pb_button button_text=&#8221;Download program her&#8221; button_alignment=&#8221;center&#8221; _builder_version=&#8221;4.18.0&#8243; _module_preset=&#8221;default&#8221; background_layout=&#8221;dark&#8221; global_colors_info=&#8221;{}&#8221; button_text__hover_enabled=&#8221;off|desktop&#8221;][\/et_pb_button][\/et_pb_column][\/et_pb_row][\/et_pb_section][et_pb_section fb_built=&#8221;1&#8243; admin_label=&#8221;Class Details Section&#8221; _builder_version=&#8221;4.16&#8243; custom_padding=&#8221;36px||90px|||&#8221; global_colors_info=&#8221;{}&#8221;][et_pb_row column_structure=&#8221;3_5,2_5&#8243; admin_label=&#8221;Course Overview Area &#8221; _builder_version=&#8221;4.16&#8243; custom_margin=&#8221;|||&#8221; custom_padding=&#8221;|||&#8221; global_colors_info=&#8221;{}&#8221;][et_pb_column type=&#8221;3_5&#8243; _builder_version=&#8221;4.16&#8243; custom_padding=&#8221;|||&#8221; global_colors_info=&#8221;{}&#8221; custom_padding__hover=&#8221;|||&#8221;][et_pb_text admin_label=&#8221;Title&#8221; _builder_version=&#8221;4.16&#8243; header_font=&#8221;Oswald|||on|||||&#8221; header_3_font=&#8221;Poppins|600|||||||&#8221; header_3_line_height=&#8221;1.2em&#8221; custom_margin=&#8221;||20px|&#8221; animation_style=&#8221;fade&#8221; global_colors_info=&#8221;{}&#8221;]<h1 class=\"tw-data-text tw-ta tw-text-medium\" data-placeholder=\"Translation\" id=\"tw-target-text\" dir=\"ltr\"><span lang=\"da\" tabindex=\"0\">kursusoversigt<\/span>:\u00a0<\/h1>[\/et_pb_text][et_pb_text _builder_version=&#8221;4.16&#8243; text_font=&#8221;Roboto|300|||||||&#8221; text_text_color=&#8221;#000000&#8243; text_line_height=&#8221;1.8em&#8221; header_font=&#8221;||||||||&#8221; header_3_font=&#8221;||||||||&#8221; animation_style=&#8221;fade&#8221; global_colors_info=&#8221;{}&#8221;]<div class=\"page\" title=\"Page 17\">\n<div class=\"section\">\n<div class=\"layoutArea\">\n<div class=\"column\">\n<p>L\u00e6ngsel og livsmod kender vi alle til i menneskelivet. Er det muligt at t\u00e6nke sig et menneskeliv uden l\u00e6ngsel? Og er der en kilde, som l\u00e6ngslen og livsmodet udspringer af? Vi skal p\u00e5 rejse i de landskaber, som sp\u00f8rgsm\u00e5lene \u00e5bner op for.<\/p>\n<p>Man kan gl\u00e6de sig til at h\u00f8re om forfatter og nobelprismodtager <span>Svetlana Aleksijevitj, vi skal have en litter\u00e6r middag med inspiration fra orienten. Den danske kunstner Peter Callesen kendt for sin fantastiske papirskunst kommer og holder foredrag. <\/span><\/p>\n<p>Vi kommer vidt omkring fra de meget danske Aakj\u00e6r og Kierkegaard til den iranske digter Forugh Farrrokhzad. Vi skal tage temperaturen p\u00e5 den danske litter\u00e6re scene med Lars Bukdahl og h\u00f8re om at der er h\u00e5b for Europa med\u00a0 tidl. chefredakt\u00f8r for ugebrevet Mandag morgen Bjarke M\u00f8ller.<\/p>\n<p>L\u00e6ngsel og livsmod er et kursus med poetisk saft og kraft, et kursus fyldt med foredrag, vandreture, koncerter, sang, gode samtaler, ekskursion, god mad og fest.<\/p>\n<p>Vel m\u00f8dt p\u00e5 <span style=\"color: #070707;\"><a href=\"https:\/\/hoejskolenmors.dk\" style=\"color: #070707;\">H\u00f8jskole<\/a><\/span>n Mors!<\/p>\n<h1 class=\"tw-data-text tw-ta tw-text-medium\" data-placeholder=\"Translation\" id=\"tw-target-text\" dir=\"ltr\">Priser<\/h1>\n<table border=\"1\" style=\"border-collapse: collapse; width: 91.654%;\">\n<tbody>\n<tr>\n<td style=\"width: 80.5326%;\"><span style=\"font-family: inherit;\">Dagskursist<\/span>\u00a0<\/td>\n<td style=\"width: 38.5045%;\">4200,-<\/td>\n<\/tr>\n<tr>\n<td style=\"width: 80.5326%;\">Dobbeltv\u00e6relse<\/td>\n<td style=\"width: 38.5045%;\">4900,-<\/td>\n<\/tr>\n<tr>\n<td style=\"width: 80.5326%;\">Dobbeltv\u00e6relse m. bad\/toilet<\/td>\n<td style=\"width: 38.5045%;\">5500,-<\/td>\n<\/tr>\n<tr>\n<td style=\"width: 80.5326%;\">Enev\u00e6relse\u00a0<\/td>\n<td style=\"width: 38.5045%;\">5600,-<\/td>\n<\/tr>\n<tr>\n<td style=\"width: 80.5326%;\">Enev\u00e6relse m. bad\/toilet<\/td>\n<td style=\"width: 38.5045%;\">6200,-<\/td>\n<\/tr>\n<\/tbody>\n<\/table>\n<p>N\u00e5r du tilmelder dig skal du betale 500 kr. i depositum. Kursusprisen opkr\u00e6ves ca. 8 uger f\u00f8r kursusstart.<\/p>\n<p>Har du sp\u00f8rgsm\u00e5l til din tilmelding, kan du altid kontakte os p\u00e5 88 77 97 20.<\/p>\n<\/div>\n<\/div>\n<\/div>\n<\/div>[\/et_pb_text][et_pb_button button_text=&#8221;tilmeld her&#8221; button_alignment=&#8221;left&#8221; _builder_version=&#8221;4.18.0&#8243; custom_button=&#8221;on&#8221; button_text_size=&#8221;16px&#8221; button_text_color=&#8221;#ffffff&#8221; button_bg_color=&#8221;#0c71c3&#8243; button_border_width=&#8221;0px&#8221; button_border_color=&#8221;#000000&#8243; button_border_radius=&#8221;0px&#8221; button_letter_spacing=&#8221;5px&#8221; button_font=&#8221;Poppins|700||on|||||&#8221; button_use_icon=&#8221;off&#8221; custom_margin=&#8221;0px||3px|0px|false|false&#8221; custom_padding=&#8221;14px|28px|14px|28px|true|true&#8221; locked=&#8221;off&#8221; global_colors_info=&#8221;{}&#8221; button_bg_color__hover=&#8221;#0bc169&#8243; button_border_width__hover=&#8221;2px&#8221; button_text_color__hover=&#8221;#000000&#8243; button_border_color__hover=&#8221;#ffffff&#8221; box_shadow_vertical__hover_enabled=&#8221;on&#8221; box_shadow_vertical__hover=&#8221;8px&#8221; button_bg_color__hover_enabled=&#8221;on&#8221; button_bg_enable_color__hover=&#8221;on&#8221;][\/et_pb_button][\/et_pb_column][et_pb_column type=&#8221;2_5&#8243; _builder_version=&#8221;4.16&#8243; background_enable_image=&#8221;off&#8221; custom_padding=&#8221;|||&#8221; global_colors_info=&#8221;{}&#8221; custom_padding__hover=&#8221;|||&#8221;][et_pb_image src=&#8221;https:\/\/hoejskolenmors.dk\/wp-content\/uploads\/2020\/09\/IMG_2750-scaled.jpeg&#8221; title_text=&#8221;IMG_2750&#8243; _builder_version=&#8221;4.16&#8243; _module_preset=&#8221;default&#8221; global_colors_info=&#8221;{}&#8221;][\/et_pb_image][et_pb_image src=&#8221;https:\/\/hoejskolenmors.dk\/wp-content\/uploads\/2021\/01\/IMG_2782-scaled.jpeg&#8221; title_text=&#8221;IMG_2782&#8243; _builder_version=&#8221;4.16&#8243; _module_preset=&#8221;default&#8221; custom_margin=&#8221;-10px|||||&#8221; global_colors_info=&#8221;{}&#8221;][\/et_pb_image][et_pb_image src=&#8221;https:\/\/hoejskolenmors.dk\/wp-content\/uploads\/2021\/09\/IMG_3615-scaled.jpeg&#8221; title_text=&#8221;IMG_3615&#8243; _builder_version=&#8221;4.16&#8243; _module_preset=&#8221;default&#8221; custom_margin=&#8221;-8px|||||&#8221; global_colors_info=&#8221;{}&#8221;][\/et_pb_image][\/et_pb_column][\/et_pb_row][\/et_pb_section][et_pb_section fb_built=&#8221;1&#8243; admin_label=&#8221;Borwse More Course Section&#8221; _builder_version=&#8221;4.16&#8243; background_color=&#8221;#282624&#8243; global_colors_info=&#8221;{}&#8221;][et_pb_row admin_label=&#8221;Browse More Course Area &#8221; _builder_version=&#8221;4.16&#8243; global_colors_info=&#8221;{}&#8221;][et_pb_column type=&#8221;4_4&#8243; _builder_version=&#8221;4.16&#8243; custom_padding=&#8221;|||&#8221; global_colors_info=&#8221;{}&#8221; custom_padding__hover=&#8221;|||&#8221;][et_pb_button button_url=&#8221;https:\/\/hoejskolenmors.dk\/?page_id=46947&#8243; button_text=&#8221;Se flere kurser&#8221; button_alignment=&#8221;center&#8221; _builder_version=&#8221;4.16&#8243; custom_button=&#8221;on&#8221; button_text_size=&#8221;18px&#8221; button_text_color=&#8221;#ffffff&#8221; button_bg_color=&#8221;#282624&#8243; button_border_width=&#8221;8px&#8221; button_border_color=&#8221;#282624&#8243; button_border_radius=&#8221;0px&#8221; button_letter_spacing=&#8221;2px&#8221; button_font=&#8221;Poppins|600||on|||||&#8221; button_icon=&#8221;&#x24;||divi||400&#8243; animation_style=&#8221;fade&#8221; global_colors_info=&#8221;{}&#8221; button_text_size__hover_enabled=&#8221;off&#8221; button_one_text_size__hover_enabled=&#8221;off&#8221; button_two_text_size__hover_enabled=&#8221;off&#8221; button_text_color__hover_enabled=&#8221;off&#8221; button_one_text_color__hover_enabled=&#8221;off&#8221; button_two_text_color__hover_enabled=&#8221;off&#8221; button_border_width__hover_enabled=&#8221;off&#8221; button_one_border_width__hover_enabled=&#8221;off&#8221; button_two_border_width__hover_enabled=&#8221;off&#8221; button_border_color__hover_enabled=&#8221;off&#8221; button_one_border_color__hover_enabled=&#8221;off&#8221; button_two_border_color__hover_enabled=&#8221;off&#8221; button_border_radius__hover_enabled=&#8221;off&#8221; button_one_border_radius__hover_enabled=&#8221;off&#8221; button_two_border_radius__hover_enabled=&#8221;off&#8221; button_letter_spacing__hover_enabled=&#8221;off&#8221; button_one_letter_spacing__hover_enabled=&#8221;off&#8221; button_two_letter_spacing__hover_enabled=&#8221;off&#8221; button_bg_color__hover_enabled=&#8221;off&#8221; button_one_bg_color__hover_enabled=&#8221;off&#8221; button_two_bg_color__hover_enabled=&#8221;off&#8221;][\/et_pb_button][\/et_pb_column][\/et_pb_row][\/et_pb_section][et_pb_section fb_built=&#8221;1&#8243; _builder_version=&#8221;4.17.5&#8243; background_color=&#8221;#000000&#8243; min_height=&#8221;336px&#8221; custom_padding=&#8221;71px|0px|71px|0px|true|false&#8221; global_module=&#8221;46760&#8243; saved_tabs=&#8221;all&#8221; global_colors_info=&#8221;{}&#8221;][et_pb_row _builder_version=&#8221;4.16&#8243; global_colors_info=&#8221;{}&#8221;][et_pb_column type=&#8221;4_4&#8243; _builder_version=&#8221;4.16&#8243; background_color=&#8221;#000000&#8243; custom_padding=&#8221;|||&#8221; global_colors_info=&#8221;{}&#8221; custom_padding__hover=&#8221;|||&#8221;][et_pb_social_media_follow _builder_version=&#8221;4.17.4&#8243; text_orientation=&#8221;center&#8221; global_colors_info=&#8221;{}&#8221;][et_pb_social_media_follow_network social_network=&#8221;facebook&#8221; url=&#8221;https:\/\/www.facebook.com\/hojskolenmors\/&#8221; icon_color=&#8221;#ffffff&#8221; _builder_version=&#8221;4.16&#8243; background_color=&#8221;#000000&#8243; custom_margin=&#8221;|8px||8px&#8221; custom_padding=&#8221;14px|14px|14px|14px&#8221; border_radii=&#8221;on|100px|100px|100px|100px&#8221; border_width_all=&#8221;2px&#8221; border_color_all=&#8221;#ffffff&#8221; global_colors_info=&#8221;{}&#8221; follow_button=&#8221;off&#8221; url_new_window=&#8221;on&#8221;]facebook[\/et_pb_social_media_follow_network][et_pb_social_media_follow_network social_network=&#8221;instagram&#8221; url=&#8221;https:\/\/www.instagram.com\/hojskolenmors\/&#8221; _builder_version=&#8221;4.16&#8243; background_color=&#8221;#000000&#8243; custom_margin=&#8221;|8px||8px&#8221; custom_padding=&#8221;14px|14px|14px|14px&#8221; border_radii=&#8221;on|100px|100px|100px|100px&#8221; border_width_all=&#8221;2px&#8221; border_color_all=&#8221;#ffffff&#8221; global_colors_info=&#8221;{}&#8221; follow_button=&#8221;off&#8221; url_new_window=&#8221;on&#8221;]instagram[\/et_pb_social_media_follow_network][\/et_pb_social_media_follow][\/et_pb_column][\/et_pb_row][et_pb_row _builder_version=&#8221;4.16&#8243; global_colors_info=&#8221;{}&#8221;][et_pb_column type=&#8221;4_4&#8243; _builder_version=&#8221;4.16&#8243; global_colors_info=&#8221;{}&#8221;][et_pb_text _builder_version=&#8221;4.16&#8243; text_orientation=&#8221;center&#8221; global_colors_info=&#8221;{}&#8221;]<p><span style=\"font-size: medium;\">H\u00f8jskolen Mors\u00a0\u2022 Salgerh\u00f8jvej 36\u00a0\u2022 7900 Nyk\u00f8bing Mors\u00a0<\/span><\/p>\n<p><span style=\"font-size: medium;\">Mail: <a href=\"mailto:info@hoejskolenmors.dk\">info@hoejskolenmors.dk<\/a>\u00a0<\/span><\/p>\n<p><span style=\"font-size: medium;\">Tel. +45 88 77 97 20<\/span><\/p>\n<p><span style=\"font-size: small;\">cvr. nr.\u00a040073507 \u2022\u00a0Reg. 9133\u00a0Kontonr. 0002000693<\/span><\/p>[\/et_pb_text][et_pb_text _builder_version=&#8221;4.16&#8243; text_font=&#8221;Poppins||||||||&#8221; text_text_color=&#8221;#ffffff&#8221; link_font=&#8221;Poppins||||||||&#8221; link_text_color=&#8221;#ffffff&#8221; link_font_size=&#8221;12px&#8221; text_orientation=&#8221;center&#8221; text_font_size_tablet=&#8221;&#8221; text_font_size_phone=&#8221;12px&#8221; text_font_size_last_edited=&#8221;on|phone&#8221; global_colors_info=&#8221;{}&#8221;]<p><span>\u00a9Hoejskolenmors.dk |\u00a0<\/span><span>Web design:<strong>\u00a0<\/strong><\/span><strong><a href=\"http:\/\/www.radesign.dk\/\" target=\"_blank\" rel=\"nofollow noopener noreferrer\">RADESIGN<\/a><\/strong><\/p>[\/et_pb_text][\/et_pb_column][\/et_pb_row][\/et_pb_section]\n","protected":false},"excerpt":{"rendered":"<p>L\u00c6NGSEL OG LIVSMOD Periode: 25. juni &#8211; 1. juli 2023 Kursusleder: Nikolai Seidelin kursusoversigt:\u00a0 L\u00e6ngsel og livsmod kender vi alle til i menneskelivet. Er det muligt at t\u00e6nke sig et menneskeliv uden l\u00e6ngsel? Og er der en kilde, som l\u00e6ngslen og livsmodet udspringer af? Vi skal p\u00e5 rejse i de landskaber, som sp\u00f8rgsm\u00e5lene \u00e5bner op [&hellip;]<\/p>\n","protected":false},"author":3,"featured_media":0,"parent":46947,"menu_order":0,"comment_status":"closed","ping_status":"closed","template":"","meta":{"_et_pb_use_builder":"on","_et_pb_old_content":"<!-- wp:divi\/placeholder \/-->","_et_gb_content_width":"","inline_featured_image":false,"footnotes":""},"class_list":["post-47755","page","type-page","status-publish","hentry"],"yoast_head":"<!-- This site is optimized with the Yoast SEO plugin v27.4 - https:\/\/yoast.com\/product\/yoast-seo-wordpress\/ -->\n<title>L\u00e6ngsel og livsmod<\/title>\n<meta name=\"robots\" content=\"noindex, follow\" \/>\n<meta property=\"og:locale\" content=\"en_GB\" \/>\n<meta property=\"og:type\" content=\"article\" \/>\n<meta property=\"og:title\" content=\"L\u00e6ngsel og livsmod\" \/>\n<meta property=\"og:description\" content=\"L\u00c6NGSEL OG LIVSMOD Periode: 25. juni - 1. juli 2023 Kursusleder: Nikolai Seidelin kursusoversigt:\u00a0 L\u00e6ngsel og livsmod kender vi alle til i menneskelivet. Er det muligt at t\u00e6nke sig et menneskeliv uden l\u00e6ngsel? Og er der en kilde, som l\u00e6ngslen og livsmodet udspringer af? Vi skal p\u00e5 rejse i de landskaber, som sp\u00f8rgsm\u00e5lene \u00e5bner op [&hellip;]\" \/>\n<meta property=\"og:url\" content=\"https:\/\/hoejskolenmors.dk\/en\/korte-kurser\/laengsel-og-livsmod2\/\" \/>\n<meta property=\"og:site_name\" content=\"H\u00f8jskolen Mors\" \/>\n<meta property=\"article:publisher\" content=\"https:\/\/www.facebook.com\/hojskolenmors\/\" \/>\n<meta property=\"article:modified_time\" content=\"2025-06-23T07:46:13+00:00\" \/>\n<meta name=\"twitter:card\" content=\"summary_large_image\" \/>\n<meta name=\"twitter:label1\" content=\"Estimated reading time\" \/>\n\t<meta name=\"twitter:data1\" content=\"3 minutes\" \/>\n<script type=\"application\/ld+json\" class=\"yoast-schema-graph\">{\"@context\":\"https:\\\/\\\/schema.org\",\"@graph\":[{\"@type\":\"WebPage\",\"@id\":\"https:\\\/\\\/hoejskolenmors.dk\\\/korte-kurser\\\/laengsel-og-livsmod2\\\/\",\"url\":\"https:\\\/\\\/hoejskolenmors.dk\\\/korte-kurser\\\/laengsel-og-livsmod2\\\/\",\"name\":\"L\u00e6ngsel og livsmod\",\"isPartOf\":{\"@id\":\"https:\\\/\\\/hoejskolenmors.dk\\\/#website\"},\"datePublished\":\"2019-08-10T12:36:49+00:00\",\"dateModified\":\"2025-06-23T07:46:13+00:00\",\"breadcrumb\":{\"@id\":\"https:\\\/\\\/hoejskolenmors.dk\\\/korte-kurser\\\/laengsel-og-livsmod2\\\/#breadcrumb\"},\"inLanguage\":\"en-GB\",\"potentialAction\":[{\"@type\":\"ReadAction\",\"target\":[\"https:\\\/\\\/hoejskolenmors.dk\\\/korte-kurser\\\/laengsel-og-livsmod2\\\/\"]}]},{\"@type\":\"BreadcrumbList\",\"@id\":\"https:\\\/\\\/hoejskolenmors.dk\\\/korte-kurser\\\/laengsel-og-livsmod2\\\/#breadcrumb\",\"itemListElement\":[{\"@type\":\"ListItem\",\"position\":1,\"name\":\"Home\",\"item\":\"https:\\\/\\\/hoejskolenmors.dk\\\/\"},{\"@type\":\"ListItem\",\"position\":2,\"name\":\"Korte kurser\",\"item\":\"https:\\\/\\\/hoejskolenmors.dk\\\/korte-kurser\\\/\"},{\"@type\":\"ListItem\",\"position\":3,\"name\":\"L\u00e6ngsel og livsmod\"}]},{\"@type\":\"WebSite\",\"@id\":\"https:\\\/\\\/hoejskolenmors.dk\\\/#website\",\"url\":\"https:\\\/\\\/hoejskolenmors.dk\\\/\",\"name\":\"H\u00f8jskolen Mors\",\"description\":\"Kultur p\u00e5 toppen\",\"publisher\":{\"@id\":\"https:\\\/\\\/hoejskolenmors.dk\\\/#organization\"},\"potentialAction\":[{\"@type\":\"SearchAction\",\"target\":{\"@type\":\"EntryPoint\",\"urlTemplate\":\"https:\\\/\\\/hoejskolenmors.dk\\\/?s={search_term_string}\"},\"query-input\":{\"@type\":\"PropertyValueSpecification\",\"valueRequired\":true,\"valueName\":\"search_term_string\"}}],\"inLanguage\":\"en-GB\"},{\"@type\":\"Organization\",\"@id\":\"https:\\\/\\\/hoejskolenmors.dk\\\/#organization\",\"name\":\"H\u00f8jskolen Mors\",\"url\":\"https:\\\/\\\/hoejskolenmors.dk\\\/\",\"logo\":{\"@type\":\"ImageObject\",\"inLanguage\":\"en-GB\",\"@id\":\"https:\\\/\\\/hoejskolenmors.dk\\\/#\\\/schema\\\/logo\\\/image\\\/\",\"url\":\"https:\\\/\\\/hoejskolenmors.dk\\\/wp-content\\\/uploads\\\/2017\\\/10\\\/Logo22.svg\",\"contentUrl\":\"https:\\\/\\\/hoejskolenmors.dk\\\/wp-content\\\/uploads\\\/2017\\\/10\\\/Logo22.svg\",\"width\":1,\"height\":1,\"caption\":\"H\u00f8jskolen Mors\"},\"image\":{\"@id\":\"https:\\\/\\\/hoejskolenmors.dk\\\/#\\\/schema\\\/logo\\\/image\\\/\"},\"sameAs\":[\"https:\\\/\\\/www.facebook.com\\\/hojskolenmors\\\/\",\"https:\\\/\\\/www.instagram.com\\\/hojskolenmors\\\/?hl=da\",\"https:\\\/\\\/www.tiktok.com\\\/@hojskolenmors\",\"https:\\\/\\\/www.linkedin.com\\\/company\\\/r-dding-h-jskole\"]}]}<\/script>\n<!-- \/ Yoast SEO plugin. -->","yoast_head_json":{"title":"Longing and courage","robots":{"index":"noindex","follow":"follow"},"og_locale":"en_GB","og_type":"article","og_title":"L\u00e6ngsel og livsmod","og_description":"L\u00c6NGSEL OG LIVSMOD Periode: 25. juni - 1. juli 2023 Kursusleder: Nikolai Seidelin kursusoversigt:\u00a0 L\u00e6ngsel og livsmod kender vi alle til i menneskelivet. Er det muligt at t\u00e6nke sig et menneskeliv uden l\u00e6ngsel? Og er der en kilde, som l\u00e6ngslen og livsmodet udspringer af? Vi skal p\u00e5 rejse i de landskaber, som sp\u00f8rgsm\u00e5lene \u00e5bner op [&hellip;]","og_url":"https:\/\/hoejskolenmors.dk\/en\/korte-kurser\/laengsel-og-livsmod2\/","og_site_name":"H\u00f8jskolen Mors","article_publisher":"https:\/\/www.facebook.com\/hojskolenmors\/","article_modified_time":"2025-06-23T07:46:13+00:00","twitter_card":"summary_large_image","twitter_misc":{"Estimated reading time":"3 minutes"},"schema":{"@context":"https:\/\/schema.org","@graph":[{"@type":"WebPage","@id":"https:\/\/hoejskolenmors.dk\/korte-kurser\/laengsel-og-livsmod2\/","url":"https:\/\/hoejskolenmors.dk\/korte-kurser\/laengsel-og-livsmod2\/","name":"Longing and courage","isPartOf":{"@id":"https:\/\/hoejskolenmors.dk\/#website"},"datePublished":"2019-08-10T12:36:49+00:00","dateModified":"2025-06-23T07:46:13+00:00","breadcrumb":{"@id":"https:\/\/hoejskolenmors.dk\/korte-kurser\/laengsel-og-livsmod2\/#breadcrumb"},"inLanguage":"en-GB","potentialAction":[{"@type":"ReadAction","target":["https:\/\/hoejskolenmors.dk\/korte-kurser\/laengsel-og-livsmod2\/"]}]},{"@type":"BreadcrumbList","@id":"https:\/\/hoejskolenmors.dk\/korte-kurser\/laengsel-og-livsmod2\/#breadcrumb","itemListElement":[{"@type":"ListItem","position":1,"name":"Home","item":"https:\/\/hoejskolenmors.dk\/"},{"@type":"ListItem","position":2,"name":"Korte kurser","item":"https:\/\/hoejskolenmors.dk\/korte-kurser\/"},{"@type":"ListItem","position":3,"name":"L\u00e6ngsel og livsmod"}]},{"@type":"WebSite","@id":"https:\/\/hoejskolenmors.dk\/#website","url":"https:\/\/hoejskolenmors.dk\/","name":"H\u00f8jskolen Mors","description":"Culture at the top","publisher":{"@id":"https:\/\/hoejskolenmors.dk\/#organization"},"potentialAction":[{"@type":"SearchAction","target":{"@type":"EntryPoint","urlTemplate":"https:\/\/hoejskolenmors.dk\/?s={search_term_string}"},"query-input":{"@type":"PropertyValueSpecification","valueRequired":true,"valueName":"search_term_string"}}],"inLanguage":"en-GB"},{"@type":"Organization","@id":"https:\/\/hoejskolenmors.dk\/#organization","name":"H\u00f8jskolen Mors","url":"https:\/\/hoejskolenmors.dk\/","logo":{"@type":"ImageObject","inLanguage":"en-GB","@id":"https:\/\/hoejskolenmors.dk\/#\/schema\/logo\/image\/","url":"https:\/\/hoejskolenmors.dk\/wp-content\/uploads\/2017\/10\/Logo22.svg","contentUrl":"https:\/\/hoejskolenmors.dk\/wp-content\/uploads\/2017\/10\/Logo22.svg","width":1,"height":1,"caption":"H\u00f8jskolen Mors"},"image":{"@id":"https:\/\/hoejskolenmors.dk\/#\/schema\/logo\/image\/"},"sameAs":["https:\/\/www.facebook.com\/hojskolenmors\/","https:\/\/www.instagram.com\/hojskolenmors\/?hl=da","https:\/\/www.tiktok.com\/@hojskolenmors","https:\/\/www.linkedin.com\/company\/r-dding-h-jskole"]}]}},"_links":{"self":[{"href":"https:\/\/hoejskolenmors.dk\/en\/wp-json\/wp\/v2\/pages\/47755","targetHints":{"allow":["GET"]}}],"collection":[{"href":"https:\/\/hoejskolenmors.dk\/en\/wp-json\/wp\/v2\/pages"}],"about":[{"href":"https:\/\/hoejskolenmors.dk\/en\/wp-json\/wp\/v2\/types\/page"}],"author":[{"embeddable":true,"href":"https:\/\/hoejskolenmors.dk\/en\/wp-json\/wp\/v2\/users\/3"}],"replies":[{"embeddable":true,"href":"https:\/\/hoejskolenmors.dk\/en\/wp-json\/wp\/v2\/comments?post=47755"}],"version-history":[{"count":3,"href":"https:\/\/hoejskolenmors.dk\/en\/wp-json\/wp\/v2\/pages\/47755\/revisions"}],"predecessor-version":[{"id":59093,"href":"https:\/\/hoejskolenmors.dk\/en\/wp-json\/wp\/v2\/pages\/47755\/revisions\/59093"}],"up":[{"embeddable":true,"href":"https:\/\/hoejskolenmors.dk\/en\/wp-json\/wp\/v2\/pages\/46947"}],"wp:attachment":[{"href":"https:\/\/hoejskolenmors.dk\/en\/wp-json\/wp\/v2\/media?parent=47755"}],"curies":[{"name":"wp","href":"https:\/\/api.w.org\/{rel}","templated":true}]}}