{"id":48180,"date":"2019-08-14T18:47:46","date_gmt":"2019-08-14T18:47:46","guid":{"rendered":"https:\/\/hoejskolenmors.dk\/?page_id=48180"},"modified":"2024-10-21T13:39:00","modified_gmt":"2024-10-21T11:39:00","slug":"filmanalyse","status":"publish","type":"page","link":"https:\/\/hoejskolenmors.dk\/en\/fag\/filmanalyse\/","title":{"rendered":"Movie analysis"},"content":{"rendered":"<p>[et_pb_section fb_built=&#8221;1&#8243; admin_label=&#8221;Page Title Section&#8221; _builder_version=&#8221;4.16&#8243; use_background_color_gradient=&#8221;on&#8221; background_color_gradient_direction=&#8221;120deg&#8221; background_color_gradient_stops=&#8221;#000000 0%|rgba(0,0,0,0) 100%&#8221; background_color_gradient_overlays_image=&#8221;on&#8221; background_color_gradient_start=&#8221;#000000&#8243; background_color_gradient_end=&#8221;rgba(0,0,0,0)&#8221; background_image=&#8221;https:\/\/hoejskolenmors.dk\/wp-content\/uploads\/2019\/08\/jakob-owens-205637-unsplash-e1565360034974.jpg&#8221; custom_padding=&#8221;1px||1px||true|&#8221; global_colors_info=&#8221;{}&#8221;][et_pb_row column_structure=&#8221;2_3,1_3&#8243; admin_label=&#8221;Page Title Area&#8221; _builder_version=&#8221;4.16&#8243; background_size=&#8221;initial&#8221; background_position=&#8221;top_left&#8221; background_repeat=&#8221;repeat&#8221; custom_padding=&#8221;4vw||4vw||true|false&#8221; global_colors_info=&#8221;{}&#8221;][et_pb_column type=&#8221;2_3&#8243; _builder_version=&#8221;4.16&#8243; custom_padding=&#8221;|||&#8221; global_colors_info=&#8221;{}&#8221; custom_padding__hover=&#8221;|||&#8221;][et_pb_text admin_label=&#8221;Title&#8221; _builder_version=&#8221;4.16&#8243; text_font=&#8221;||||||||&#8221; header_font=&#8221;Oswald|300||on|||||&#8221; header_font_size=&#8221;64px&#8221; header_letter_spacing=&#8221;4px&#8221; header_line_height=&#8221;1.2em&#8221; header_2_font=&#8221;||||||||&#8221; background_layout=&#8221;dark&#8221; custom_margin=&#8221;||20px|&#8221; custom_padding=&#8221;|||&#8221; animation_style=&#8221;fade&#8221; header_font_size_tablet=&#8221;&#8221; header_font_size_phone=&#8221;40px&#8221; header_font_size_last_edited=&#8221;on|desktop&#8221; header_2_font_size_last_edited=&#8221;off|desktop&#8221; global_colors_info=&#8221;{}&#8221;]<\/p>\n<div class=\"page\" title=\"Page 14\">\n<div class=\"section\">\n<div class=\"layoutArea\">\n<div class=\"column\">\n<h1 class=\"p2\">Filmanalyse<\/h1>\n<\/div>\n<\/div>\n<\/div>\n<\/div>\n<p>[\/et_pb_text][\/et_pb_column][et_pb_column type=&#8221;1_3&#8243; _builder_version=&#8221;4.16&#8243; custom_padding=&#8221;|||&#8221; global_colors_info=&#8221;{}&#8221; custom_padding__hover=&#8221;|||&#8221;][\/et_pb_column][\/et_pb_row][\/et_pb_section][et_pb_section fb_built=&#8221;1&#8243; admin_label=&#8221;Class Details Section&#8221; _builder_version=&#8221;4.16&#8243; custom_padding=&#8221;90px||90px|&#8221; global_colors_info=&#8221;{}&#8221;][et_pb_row column_structure=&#8221;2_3,1_3&#8243; admin_label=&#8221;Course Overview Area &#8221; _builder_version=&#8221;4.16&#8243; custom_margin=&#8221;|||&#8221; custom_padding=&#8221;|||&#8221; global_colors_info=&#8221;{}&#8221;][et_pb_column type=&#8221;2_3&#8243; _builder_version=&#8221;4.16&#8243; custom_padding=&#8221;|||&#8221; global_colors_info=&#8221;{}&#8221; custom_padding__hover=&#8221;|||&#8221;][et_pb_text admin_label=&#8221;Title&#8221; _builder_version=&#8221;4.16&#8243; header_font=&#8221;Oswald|||on|||||&#8221; header_3_font=&#8221;Poppins|600|||||||&#8221; header_3_line_height=&#8221;1.2em&#8221; custom_margin=&#8221;||20px|&#8221; animation_style=&#8221;fade&#8221; global_colors_info=&#8221;{}&#8221;]<\/p>\n<h1 class=\"tw-data-text tw-ta tw-text-medium\" data-placeholder=\"Translation\" id=\"tw-target-text\" dir=\"ltr\">Hvorfor skal du v\u00e6lge filmanalyse\u00a0<\/h1>\n<p>[\/et_pb_text][et_pb_text _builder_version=&#8221;4.17.4&#8243; text_font=&#8221;Roboto|300|||||||&#8221; text_text_color=&#8221;#000000&#8243; text_line_height=&#8221;1.8em&#8221; header_font=&#8221;||||||||&#8221; header_3_font=&#8221;||||||||&#8221; width=&#8221;86%&#8221; animation_style=&#8221;fade&#8221; global_colors_info=&#8221;{}&#8221;]<\/p>\n<div class=\"page\" title=\"Page 17\">\n<div class=\"section\">\n<div class=\"layoutArea\">\n<div class=\"column\">\n<p>Har du gennemf\u00f8rt Netflix mere end \u00e9n gang, kan du navnene p\u00e5 samtlige Tarantino <span style=\"color: #050505;\"><a href=\"https:\/\/hoejskolenmors.dk\/film\/\" style=\"color: #050505;\">film<\/a><\/span>, eller er du bare tosset med filmens univers? I Filmanalyse kan du blive meget klogere p\u00e5 de magiske, levende billeder. Hvad betyder musik for film? Hvad bidrager forskellige filmiske perspektiver til? Hvordan f\u00e5r film en bestemt f\u00f8lelse frem i seeren? Alle de sp\u00f8rgsm\u00e5l, og mange flere, vil du komme til at arbejde med, n\u00e5r du og dine filmvenner m\u00f8des i undervisningslokalet til Filmanalyse p\u00e5 H\u00f8jskolen Mors.\u00a0<\/p>\n<p>I faget gennemg\u00e5r vi filmklassikere i forskellige genrer. Vi skal diskutere og analyserer deres ops\u00e6tning og s\u00e6tte dem i et kulturelt perspektiv. Vi vil diskutere filmens udtryk og virkemidler, og hvilket indtryk filmen g\u00f8r p\u00e5 os, samt de sp\u00f8rgsm\u00e5l den igangs\u00e6tter.\u00a0 Der er med andre ord lagt op til mange timer i godt selskab med store filmkunstnere, gode film, gode samtaler og nye opdagelser.<\/p>\n<p>Hvis du vil have et helt h\u00f8jskoleophold, der centrer sig om film, kan du faktisk f\u00e5 film p\u00e5 skemaet hver dag \u2013 du skal blot v\u00e6lge <span style=\"text-decoration: underline; color: #111111;\"><a href=\"https:\/\/hoejskolenmors.dk\/film\/\" style=\"color: #111111; text-decoration: underline;\">Film<\/a><\/span> som hovedfag, og supplerer faget med sidefagene Filmanalyse og <span style=\"text-decoration: underline; color: #0f0f0f;\"><a href=\"https:\/\/hoejskolenmors.dk\/videokunst\/\" style=\"color: #0f0f0f; text-decoration: underline;\">Videokunst<\/a><\/span>.<\/p>\n<p>&nbsp;<\/p>\n<\/div>\n<\/div>\n<\/div>\n<\/div>\n<p>[\/et_pb_text][\/et_pb_column][et_pb_column type=&#8221;1_3&#8243; _builder_version=&#8221;4.16&#8243; custom_padding=&#8221;|||&#8221; global_colors_info=&#8221;{}&#8221; custom_padding__hover=&#8221;|||&#8221;][et_pb_text _builder_version=&#8221;4.17.4&#8243; text_font=&#8221;Roboto||||||||&#8221; text_text_color=&#8221;#000000&#8243; text_font_size=&#8221;25px&#8221; text_line_height=&#8221;1.4em&#8221; global_colors_info=&#8221;{}&#8221;]<\/p>\n<p><span>Se ogs\u00e5:<\/span><\/p>\n<p>[\/et_pb_text][et_pb_button button_url=&#8221;@ET-DC@eyJkeW5hbWljIjp0cnVlLCJjb250ZW50IjoicG9zdF9saW5rX3VybF9wYWdlIiwic2V0dGluZ3MiOnsicG9zdF9pZCI6IjQ4MTg0In19@&#8221; button_text=&#8221;Videokunst&#8221; button_alignment=&#8221;left&#8221; _builder_version=&#8221;4.16&#8243; _dynamic_attributes=&#8221;button_url&#8221; custom_button=&#8221;on&#8221; button_text_size=&#8221;20px&#8221; button_text_color=&#8221;#000000&#8243; button_border_width=&#8221;0px&#8221; button_border_radius=&#8221;0px&#8221; button_letter_spacing=&#8221;0px&#8221; button_font=&#8221;Poppins|600|||||||&#8221; button_icon=&#8221;&#x3d;||divi||400&#8243; button_icon_color=&#8221;#000000&#8243; button_on_hover=&#8221;off&#8221; box_shadow_style=&#8221;preset4&#8243; box_shadow_horizontal=&#8221;0px&#8221; box_shadow_vertical=&#8221;6px&#8221; box_shadow_color=&#8221;#12876f&#8221; global_colors_info=&#8221;{}&#8221; box_shadow_color__hover_enabled=&#8221;on&#8221; box_shadow_color__hover=&#8221;#000000&#8243; button_icon_color__hover_enabled=&#8221;on&#8221; button_icon_color__hover=&#8221;#12876f&#8221;][\/et_pb_button][et_pb_button button_url=&#8221;@ET-DC@eyJkeW5hbWljIjp0cnVlLCJjb250ZW50IjoicG9zdF9saW5rX3VybF9wYWdlIiwic2V0dGluZ3MiOnsicG9zdF9pZCI6IjQ4MTQ4In19@&#8221; button_text=&#8221;Film&#8221; button_alignment=&#8221;left&#8221; _builder_version=&#8221;4.16&#8243; _dynamic_attributes=&#8221;button_url&#8221; custom_button=&#8221;on&#8221; button_text_size=&#8221;20px&#8221; button_text_color=&#8221;#000000&#8243; button_border_width=&#8221;0px&#8221; button_border_radius=&#8221;0px&#8221; button_letter_spacing=&#8221;0px&#8221; button_font=&#8221;Poppins|600|||||||&#8221; button_icon=&#8221;&#x3d;||divi||400&#8243; button_icon_color=&#8221;#000000&#8243; button_on_hover=&#8221;off&#8221; box_shadow_style=&#8221;preset4&#8243; box_shadow_horizontal=&#8221;0px&#8221; box_shadow_vertical=&#8221;6px&#8221; box_shadow_color=&#8221;#12876f&#8221; global_colors_info=&#8221;{}&#8221; box_shadow_color__hover_enabled=&#8221;on&#8221; box_shadow_color__hover=&#8221;#000000&#8243; button_icon_color__hover_enabled=&#8221;on&#8221; button_icon_color__hover=&#8221;#12876f&#8221;][\/et_pb_button][et_pb_button button_url=&#8221;@ET-DC@eyJkeW5hbWljIjp0cnVlLCJjb250ZW50IjoicG9zdF9saW5rX3VybF9wYWdlIiwic2V0dGluZ3MiOnsicG9zdF9pZCI6IjQ4MTgyIn19@&#8221; button_text=&#8221;Forfatterv\u00e6rksted&#8221; button_alignment=&#8221;left&#8221; _builder_version=&#8221;4.18.0&#8243; _dynamic_attributes=&#8221;button_url&#8221; custom_button=&#8221;on&#8221; button_text_size=&#8221;20px&#8221; button_text_color=&#8221;#000000&#8243; button_border_width=&#8221;0px&#8221; button_border_radius=&#8221;0px&#8221; button_letter_spacing=&#8221;0px&#8221; button_font=&#8221;Poppins|600|||||||&#8221; button_icon=&#8221;&#x3d;||divi||400&#8243; button_icon_color=&#8221;#000000&#8243; button_on_hover=&#8221;off&#8221; box_shadow_style=&#8221;preset4&#8243; box_shadow_horizontal=&#8221;0px&#8221; box_shadow_vertical=&#8221;6px&#8221; box_shadow_color=&#8221;#12876f&#8221; global_colors_info=&#8221;{}&#8221; box_shadow_color__hover_enabled=&#8221;on&#8221; box_shadow_color__hover=&#8221;#000000&#8243; button_icon_color__hover_enabled=&#8221;on&#8221; button_icon_color__hover=&#8221;#12876f&#8221;][\/et_pb_button][\/et_pb_column][\/et_pb_row][\/et_pb_section][et_pb_section fb_built=&#8221;1&#8243; admin_label=&#8221;Borwse More Course Section&#8221; _builder_version=&#8221;4.21.0&#8243; background_color=&#8221;#12876f&#8221; background_image=&#8221;https:\/\/hoejskolenmors.dk\/wp-content\/uploads\/2023\/06\/353107578_1197884017725974_4240241281794762359_n.jpeg&#8221; border_color_all=&#8221;#12876f&#8221; global_colors_info=&#8221;{}&#8221;][et_pb_row admin_label=&#8221;Browse More Course Area &#8221; _builder_version=&#8221;4.16&#8243; global_colors_info=&#8221;{}&#8221;][et_pb_column type=&#8221;4_4&#8243; _builder_version=&#8221;4.16&#8243; custom_padding=&#8221;|||&#8221; global_colors_info=&#8221;{}&#8221; custom_padding__hover=&#8221;|||&#8221;][et_pb_button button_url=&#8221;https:\/\/hoejskolenmors.dk\/?page_id=46953&#8243; button_text=&#8221;tilbage til alle fag&#8221; button_alignment=&#8221;center&#8221; _builder_version=&#8221;4.16&#8243; custom_button=&#8221;on&#8221; button_text_size=&#8221;28px&#8221; button_text_color=&#8221;#ffffff&#8221; button_bg_color=&#8221;#12876f&#8221; button_border_width=&#8221;3px&#8221; button_border_color=&#8221;#12876f&#8221; button_border_radius=&#8221;0px&#8221; button_letter_spacing=&#8221;2px&#8221; button_font=&#8221;Oswald|600||on|||||&#8221; button_use_icon=&#8221;off&#8221; animation_style=&#8221;fade&#8221; global_colors_info=&#8221;{}&#8221; button_text_size__hover_enabled=&#8221;off&#8221; button_one_text_size__hover_enabled=&#8221;off&#8221; button_two_text_size__hover_enabled=&#8221;off&#8221; button_text_color__hover_enabled=&#8221;off&#8221; button_one_text_color__hover_enabled=&#8221;off&#8221; button_two_text_color__hover_enabled=&#8221;off&#8221; button_border_width__hover_enabled=&#8221;off&#8221; button_one_border_width__hover_enabled=&#8221;off&#8221; button_two_border_width__hover_enabled=&#8221;off&#8221; button_border_color__hover_enabled=&#8221;on&#8221; button_one_border_color__hover_enabled=&#8221;off&#8221; button_two_border_color__hover_enabled=&#8221;off&#8221; button_border_radius__hover_enabled=&#8221;off&#8221; button_one_border_radius__hover_enabled=&#8221;off&#8221; button_two_border_radius__hover_enabled=&#8221;off&#8221; button_letter_spacing__hover_enabled=&#8221;off&#8221; button_one_letter_spacing__hover_enabled=&#8221;off&#8221; button_two_letter_spacing__hover_enabled=&#8221;off&#8221; button_bg_color__hover_enabled=&#8221;off&#8221; button_one_bg_color__hover_enabled=&#8221;off&#8221; button_two_bg_color__hover_enabled=&#8221;off&#8221; button_border_color__hover=&#8221;#ffffff&#8221; button_icon_color__hover_enabled=&#8221;on&#8221;][\/et_pb_button][\/et_pb_column][\/et_pb_row][\/et_pb_section][et_pb_section fb_built=&#8221;1&#8243; _builder_version=&#8221;4.17.5&#8243; background_color=&#8221;#000000&#8243; min_height=&#8221;278px&#8221; custom_padding=&#8221;71px|0px|71px|0px|true|false&#8221; global_module=&#8221;46760&#8243; saved_tabs=&#8221;all&#8221; global_colors_info=&#8221;{}&#8221;][et_pb_row _builder_version=&#8221;4.16&#8243; global_colors_info=&#8221;{}&#8221;][et_pb_column type=&#8221;4_4&#8243; _builder_version=&#8221;4.16&#8243; background_color=&#8221;#000000&#8243; custom_padding=&#8221;|||&#8221; global_colors_info=&#8221;{}&#8221; custom_padding__hover=&#8221;|||&#8221;][et_pb_social_media_follow _builder_version=&#8221;4.17.4&#8243; text_orientation=&#8221;center&#8221; global_colors_info=&#8221;{}&#8221;][et_pb_social_media_follow_network social_network=&#8221;facebook&#8221; url=&#8221;https:\/\/www.facebook.com\/hojskolenmors\/&#8221; icon_color=&#8221;#ffffff&#8221; _builder_version=&#8221;4.16&#8243; background_color=&#8221;#000000&#8243; custom_margin=&#8221;|8px||8px&#8221; custom_padding=&#8221;14px|14px|14px|14px&#8221; border_radii=&#8221;on|100px|100px|100px|100px&#8221; border_width_all=&#8221;2px&#8221; border_color_all=&#8221;#ffffff&#8221; global_colors_info=&#8221;{}&#8221; follow_button=&#8221;off&#8221; url_new_window=&#8221;on&#8221;]facebook[\/et_pb_social_media_follow_network][et_pb_social_media_follow_network social_network=&#8221;instagram&#8221; url=&#8221;https:\/\/www.instagram.com\/hojskolenmors\/&#8221; _builder_version=&#8221;4.16&#8243; background_color=&#8221;#000000&#8243; custom_margin=&#8221;|8px||8px&#8221; custom_padding=&#8221;14px|14px|14px|14px&#8221; border_radii=&#8221;on|100px|100px|100px|100px&#8221; border_width_all=&#8221;2px&#8221; border_color_all=&#8221;#ffffff&#8221; global_colors_info=&#8221;{}&#8221; follow_button=&#8221;off&#8221; url_new_window=&#8221;on&#8221;]instagram[\/et_pb_social_media_follow_network][\/et_pb_social_media_follow][\/et_pb_column][\/et_pb_row][et_pb_row _builder_version=&#8221;4.16&#8243; global_colors_info=&#8221;{}&#8221;][et_pb_column type=&#8221;4_4&#8243; _builder_version=&#8221;4.16&#8243; global_colors_info=&#8221;{}&#8221;][et_pb_text _builder_version=&#8221;4.24.0&#8243; text_orientation=&#8221;center&#8221; global_colors_info=&#8221;{}&#8221;]<\/p>\n<p><span style=\"font-size: medium;\">H\u00f8jskolen Mors\u00a0\u2022 Salgerh\u00f8jvej 36\u00a0\u2022 7900 Nyk\u00f8bing Mors\u00a0<\/span><\/p>\n<p><span style=\"font-size: medium;\">Mail: <a href=\"mailto:info@hoejskolenmors.dk\">info@hoejskolenmors.dk<\/a>\u00a0<\/span><\/p>\n<p><span style=\"font-size: medium;\">Tel. +45 88 77 97 20<\/span><\/p>\n<p><span style=\"font-size: small;\">cvr. nr. 40073507 \u2022 Reg. 9133 Kontonr. 0002000693 \u2022 EAN:5790002725647<\/span><\/p>\n<p>[\/et_pb_text][et_pb_text _builder_version=&#8221;4.16&#8243; text_font=&#8221;Poppins||||||||&#8221; text_text_color=&#8221;#ffffff&#8221; link_font=&#8221;Poppins||||||||&#8221; link_text_color=&#8221;#ffffff&#8221; link_font_size=&#8221;12px&#8221; text_orientation=&#8221;center&#8221; text_font_size_tablet=&#8221;&#8221; text_font_size_phone=&#8221;12px&#8221; text_font_size_last_edited=&#8221;on|phone&#8221; global_colors_info=&#8221;{}&#8221;]<\/p>\n<p><span>\u00a9Hoejskolenmors.dk |\u00a0<\/span><span>Web design:<strong>\u00a0<\/strong><\/span><strong><a href=\"http:\/\/www.radesign.dk\/\" target=\"_blank\" rel=\"nofollow noopener noreferrer\">RADESIGN<\/a><\/strong><\/p>\n<p>[\/et_pb_text][\/et_pb_column][\/et_pb_row][\/et_pb_section]<\/p>\n","protected":false},"excerpt":{"rendered":"<p>Filmanalyse Hvorfor skal du v\u00e6lge filmanalyse\u00a0 Har du gennemf\u00f8rt Netflix mere end \u00e9n gang, kan du navnene p\u00e5 samtlige Tarantino film, eller er du bare tosset med filmens univers? I Filmanalyse kan du blive meget klogere p\u00e5 de magiske, levende billeder. Hvad betyder musik for film? Hvad bidrager forskellige filmiske perspektiver til? Hvordan f\u00e5r film [&hellip;]<\/p>\n","protected":false},"author":3,"featured_media":0,"parent":46953,"menu_order":0,"comment_status":"closed","ping_status":"closed","template":"","meta":{"_et_pb_use_builder":"on","_et_pb_old_content":"<!-- wp:divi\/placeholder \/-->","_et_gb_content_width":"","inline_featured_image":false,"footnotes":""},"class_list":["post-48180","page","type-page","status-publish","hentry"],"yoast_head":"<!-- This site is optimized with the Yoast SEO plugin v27.4 - https:\/\/yoast.com\/product\/yoast-seo-wordpress\/ -->\n<title>Filmanalyse - forst\u00e5 filmens magi | F\u00e5 3 film-fag p\u00e5 H\u00f8jskolen Mors<\/title>\n<meta name=\"description\" content=\"I Filmanalyse skal vi se film med helt nye \u00f8jne! Analysebrillerne skal p\u00e5, og vi skal blive endnu bedre til at forst\u00e5 filmuniverset\" \/>\n<meta name=\"robots\" content=\"index, follow, max-snippet:-1, max-image-preview:large, max-video-preview:-1\" \/>\n<link rel=\"canonical\" href=\"https:\/\/hoejskolenmors.dk\/en\/fag\/filmanalyse\/\" \/>\n<meta property=\"og:locale\" content=\"en_GB\" \/>\n<meta property=\"og:type\" content=\"article\" \/>\n<meta property=\"og:title\" content=\"Filmanalyse - forst\u00e5 filmens magi | F\u00e5 3 film-fag p\u00e5 H\u00f8jskolen Mors\" \/>\n<meta property=\"og:description\" content=\"I Filmanalyse skal vi se film med helt nye \u00f8jne! Analysebrillerne skal p\u00e5, og vi skal blive endnu bedre til at forst\u00e5 filmuniverset\" \/>\n<meta property=\"og:url\" content=\"https:\/\/hoejskolenmors.dk\/en\/fag\/filmanalyse\/\" \/>\n<meta property=\"og:site_name\" content=\"H\u00f8jskolen Mors\" \/>\n<meta property=\"article:publisher\" content=\"https:\/\/www.facebook.com\/hojskolenmors\/\" \/>\n<meta property=\"article:modified_time\" content=\"2024-10-21T11:39:00+00:00\" \/>\n<meta name=\"twitter:card\" content=\"summary_large_image\" \/>\n<meta name=\"twitter:label1\" content=\"Estimated reading time\" \/>\n\t<meta name=\"twitter:data1\" content=\"4 minutes\" \/>\n<script type=\"application\/ld+json\" class=\"yoast-schema-graph\">{\"@context\":\"https:\\\/\\\/schema.org\",\"@graph\":[{\"@type\":\"WebPage\",\"@id\":\"https:\\\/\\\/hoejskolenmors.dk\\\/fag\\\/filmanalyse\\\/\",\"url\":\"https:\\\/\\\/hoejskolenmors.dk\\\/fag\\\/filmanalyse\\\/\",\"name\":\"Filmanalyse - forst\u00e5 filmens magi | F\u00e5 3 film-fag p\u00e5 H\u00f8jskolen Mors\",\"isPartOf\":{\"@id\":\"https:\\\/\\\/hoejskolenmors.dk\\\/#website\"},\"datePublished\":\"2019-08-14T18:47:46+00:00\",\"dateModified\":\"2024-10-21T11:39:00+00:00\",\"description\":\"I Filmanalyse skal vi se film med helt nye \u00f8jne! Analysebrillerne skal p\u00e5, og vi skal blive endnu bedre til at forst\u00e5 filmuniverset\",\"breadcrumb\":{\"@id\":\"https:\\\/\\\/hoejskolenmors.dk\\\/fag\\\/filmanalyse\\\/#breadcrumb\"},\"inLanguage\":\"en-GB\",\"potentialAction\":[{\"@type\":\"ReadAction\",\"target\":[\"https:\\\/\\\/hoejskolenmors.dk\\\/fag\\\/filmanalyse\\\/\"]}]},{\"@type\":\"BreadcrumbList\",\"@id\":\"https:\\\/\\\/hoejskolenmors.dk\\\/fag\\\/filmanalyse\\\/#breadcrumb\",\"itemListElement\":[{\"@type\":\"ListItem\",\"position\":1,\"name\":\"Home\",\"item\":\"https:\\\/\\\/hoejskolenmors.dk\\\/\"},{\"@type\":\"ListItem\",\"position\":2,\"name\":\"Fag\",\"item\":\"https:\\\/\\\/hoejskolenmors.dk\\\/fag\\\/\"},{\"@type\":\"ListItem\",\"position\":3,\"name\":\"Filmanalyse\"}]},{\"@type\":\"WebSite\",\"@id\":\"https:\\\/\\\/hoejskolenmors.dk\\\/#website\",\"url\":\"https:\\\/\\\/hoejskolenmors.dk\\\/\",\"name\":\"H\u00f8jskolen Mors\",\"description\":\"Kultur p\u00e5 toppen\",\"publisher\":{\"@id\":\"https:\\\/\\\/hoejskolenmors.dk\\\/#organization\"},\"potentialAction\":[{\"@type\":\"SearchAction\",\"target\":{\"@type\":\"EntryPoint\",\"urlTemplate\":\"https:\\\/\\\/hoejskolenmors.dk\\\/?s={search_term_string}\"},\"query-input\":{\"@type\":\"PropertyValueSpecification\",\"valueRequired\":true,\"valueName\":\"search_term_string\"}}],\"inLanguage\":\"en-GB\"},{\"@type\":\"Organization\",\"@id\":\"https:\\\/\\\/hoejskolenmors.dk\\\/#organization\",\"name\":\"H\u00f8jskolen Mors\",\"url\":\"https:\\\/\\\/hoejskolenmors.dk\\\/\",\"logo\":{\"@type\":\"ImageObject\",\"inLanguage\":\"en-GB\",\"@id\":\"https:\\\/\\\/hoejskolenmors.dk\\\/#\\\/schema\\\/logo\\\/image\\\/\",\"url\":\"https:\\\/\\\/hoejskolenmors.dk\\\/wp-content\\\/uploads\\\/2017\\\/10\\\/Logo22.svg\",\"contentUrl\":\"https:\\\/\\\/hoejskolenmors.dk\\\/wp-content\\\/uploads\\\/2017\\\/10\\\/Logo22.svg\",\"width\":1,\"height\":1,\"caption\":\"H\u00f8jskolen Mors\"},\"image\":{\"@id\":\"https:\\\/\\\/hoejskolenmors.dk\\\/#\\\/schema\\\/logo\\\/image\\\/\"},\"sameAs\":[\"https:\\\/\\\/www.facebook.com\\\/hojskolenmors\\\/\",\"https:\\\/\\\/www.instagram.com\\\/hojskolenmors\\\/?hl=da\",\"https:\\\/\\\/www.tiktok.com\\\/@hojskolenmors\",\"https:\\\/\\\/www.linkedin.com\\\/company\\\/r-dding-h-jskole\"]}]}<\/script>\n<!-- \/ Yoast SEO plugin. -->","yoast_head_json":{"title":"Filmanalyse - forst\u00e5 filmens magi | F\u00e5 3 film-fag p\u00e5 H\u00f8jskolen Mors","description":"I Filmanalyse skal vi se film med helt nye \u00f8jne! Analysebrillerne skal p\u00e5, og vi skal blive endnu bedre til at forst\u00e5 filmuniverset","robots":{"index":"index","follow":"follow","max-snippet":"max-snippet:-1","max-image-preview":"max-image-preview:large","max-video-preview":"max-video-preview:-1"},"canonical":"https:\/\/hoejskolenmors.dk\/en\/fag\/filmanalyse\/","og_locale":"en_GB","og_type":"article","og_title":"Filmanalyse - forst\u00e5 filmens magi | F\u00e5 3 film-fag p\u00e5 H\u00f8jskolen Mors","og_description":"I Filmanalyse skal vi se film med helt nye \u00f8jne! Analysebrillerne skal p\u00e5, og vi skal blive endnu bedre til at forst\u00e5 filmuniverset","og_url":"https:\/\/hoejskolenmors.dk\/en\/fag\/filmanalyse\/","og_site_name":"H\u00f8jskolen Mors","article_publisher":"https:\/\/www.facebook.com\/hojskolenmors\/","article_modified_time":"2024-10-21T11:39:00+00:00","twitter_card":"summary_large_image","twitter_misc":{"Estimated reading time":"4 minutes"},"schema":{"@context":"https:\/\/schema.org","@graph":[{"@type":"WebPage","@id":"https:\/\/hoejskolenmors.dk\/fag\/filmanalyse\/","url":"https:\/\/hoejskolenmors.dk\/fag\/filmanalyse\/","name":"Filmanalyse - forst\u00e5 filmens magi | F\u00e5 3 film-fag p\u00e5 H\u00f8jskolen Mors","isPartOf":{"@id":"https:\/\/hoejskolenmors.dk\/#website"},"datePublished":"2019-08-14T18:47:46+00:00","dateModified":"2024-10-21T11:39:00+00:00","description":"I Filmanalyse skal vi se film med helt nye \u00f8jne! Analysebrillerne skal p\u00e5, og vi skal blive endnu bedre til at forst\u00e5 filmuniverset","breadcrumb":{"@id":"https:\/\/hoejskolenmors.dk\/fag\/filmanalyse\/#breadcrumb"},"inLanguage":"en-GB","potentialAction":[{"@type":"ReadAction","target":["https:\/\/hoejskolenmors.dk\/fag\/filmanalyse\/"]}]},{"@type":"BreadcrumbList","@id":"https:\/\/hoejskolenmors.dk\/fag\/filmanalyse\/#breadcrumb","itemListElement":[{"@type":"ListItem","position":1,"name":"Home","item":"https:\/\/hoejskolenmors.dk\/"},{"@type":"ListItem","position":2,"name":"Fag","item":"https:\/\/hoejskolenmors.dk\/fag\/"},{"@type":"ListItem","position":3,"name":"Filmanalyse"}]},{"@type":"WebSite","@id":"https:\/\/hoejskolenmors.dk\/#website","url":"https:\/\/hoejskolenmors.dk\/","name":"H\u00f8jskolen Mors","description":"Culture at the top","publisher":{"@id":"https:\/\/hoejskolenmors.dk\/#organization"},"potentialAction":[{"@type":"SearchAction","target":{"@type":"EntryPoint","urlTemplate":"https:\/\/hoejskolenmors.dk\/?s={search_term_string}"},"query-input":{"@type":"PropertyValueSpecification","valueRequired":true,"valueName":"search_term_string"}}],"inLanguage":"en-GB"},{"@type":"Organization","@id":"https:\/\/hoejskolenmors.dk\/#organization","name":"H\u00f8jskolen Mors","url":"https:\/\/hoejskolenmors.dk\/","logo":{"@type":"ImageObject","inLanguage":"en-GB","@id":"https:\/\/hoejskolenmors.dk\/#\/schema\/logo\/image\/","url":"https:\/\/hoejskolenmors.dk\/wp-content\/uploads\/2017\/10\/Logo22.svg","contentUrl":"https:\/\/hoejskolenmors.dk\/wp-content\/uploads\/2017\/10\/Logo22.svg","width":1,"height":1,"caption":"H\u00f8jskolen Mors"},"image":{"@id":"https:\/\/hoejskolenmors.dk\/#\/schema\/logo\/image\/"},"sameAs":["https:\/\/www.facebook.com\/hojskolenmors\/","https:\/\/www.instagram.com\/hojskolenmors\/?hl=da","https:\/\/www.tiktok.com\/@hojskolenmors","https:\/\/www.linkedin.com\/company\/r-dding-h-jskole"]}]}},"_links":{"self":[{"href":"https:\/\/hoejskolenmors.dk\/en\/wp-json\/wp\/v2\/pages\/48180","targetHints":{"allow":["GET"]}}],"collection":[{"href":"https:\/\/hoejskolenmors.dk\/en\/wp-json\/wp\/v2\/pages"}],"about":[{"href":"https:\/\/hoejskolenmors.dk\/en\/wp-json\/wp\/v2\/types\/page"}],"author":[{"embeddable":true,"href":"https:\/\/hoejskolenmors.dk\/en\/wp-json\/wp\/v2\/users\/3"}],"replies":[{"embeddable":true,"href":"https:\/\/hoejskolenmors.dk\/en\/wp-json\/wp\/v2\/comments?post=48180"}],"version-history":[{"count":3,"href":"https:\/\/hoejskolenmors.dk\/en\/wp-json\/wp\/v2\/pages\/48180\/revisions"}],"predecessor-version":[{"id":56832,"href":"https:\/\/hoejskolenmors.dk\/en\/wp-json\/wp\/v2\/pages\/48180\/revisions\/56832"}],"up":[{"embeddable":true,"href":"https:\/\/hoejskolenmors.dk\/en\/wp-json\/wp\/v2\/pages\/46953"}],"wp:attachment":[{"href":"https:\/\/hoejskolenmors.dk\/en\/wp-json\/wp\/v2\/media?parent=48180"}],"curies":[{"name":"wp","href":"https:\/\/api.w.org\/{rel}","templated":true}]}}