{"id":49771,"date":"2019-11-27T13:15:22","date_gmt":"2019-11-27T12:15:22","guid":{"rendered":"https:\/\/hoejskolenmors.dk\/?page_id=49771"},"modified":"2022-11-01T09:40:51","modified_gmt":"2022-11-01T08:40:51","slug":"ups-der-gik-noget-galt","status":"publish","type":"page","link":"https:\/\/hoejskolenmors.dk\/en\/ups-der-gik-noget-galt\/","title":{"rendered":"Ups&#8230; Der gik noget galt"},"content":{"rendered":"<p>[et_pb_section fb_built=&#8221;1&#8243; custom_padding_last_edited=&#8221;off|desktop&#8221; admin_label=&#8221;Header&#8221; _builder_version=&#8221;4.16&#8243; background_color=&#8221;rgba(0,27,40,0.57)&#8221; background_image=&#8221;https:\/\/hoejskolenmors.dk\/wp-content\/uploads\/2019\/08\/eKUMp7FcT3OejDBGmwR9zA_thumb_6ab1.jpg&#8221; background_blend=&#8221;soft-light&#8221; custom_padding=&#8221;62px||62px||true|false&#8221; custom_padding_tablet=&#8221;0vw||&#8221; custom_padding_phone=&#8221;0vw||&#8221; global_colors_info=&#8221;{}&#8221;][et_pb_row _builder_version=&#8221;4.16&#8243; module_alignment=&#8221;left&#8221; custom_padding=&#8221;0|0px|0|0px|true|false&#8221; global_colors_info=&#8221;{}&#8221;][et_pb_column type=&#8221;4_4&#8243; _builder_version=&#8221;4.16&#8243; custom_padding=&#8221;|||&#8221; global_colors_info=&#8221;{}&#8221; custom_padding__hover=&#8221;|||&#8221;][\/et_pb_column][\/et_pb_row][\/et_pb_section][et_pb_section fb_built=&#8221;1&#8243; _builder_version=&#8221;4.16&#8243; global_colors_info=&#8221;{}&#8221;][et_pb_row _builder_version=&#8221;4.16&#8243; global_colors_info=&#8221;{}&#8221;][et_pb_column type=&#8221;4_4&#8243; _builder_version=&#8221;4.16&#8243; global_colors_info=&#8221;{}&#8221;][et_pb_text _builder_version=&#8221;4.16&#8243; header_2_font=&#8221;Poppins|700|||||||&#8221; header_2_text_align=&#8221;center&#8221; header_2_font_size=&#8221;33px&#8221; header_2_font_size_tablet=&#8221;&#8221; header_2_font_size_phone=&#8221;&#8221; header_2_font_size_last_edited=&#8221;on|phone&#8221; global_colors_info=&#8221;{}&#8221;]<\/p>\n<h2>Ups&#8230; Der gik noget galt&#8230;<\/h2>\n<p>[\/et_pb_text][et_pb_text _builder_version=&#8221;4.16&#8243; header_2_text_align=&#8221;center&#8221; header_2_font_size=&#8221;21px&#8221; header_2_line_height=&#8221;1.4em&#8221; header_2_font_size_tablet=&#8221;&#8221; header_2_font_size_phone=&#8221;&#8221; header_2_font_size_last_edited=&#8221;on|phone&#8221; global_colors_info=&#8221;{}&#8221;]<\/p>\n<h2>Pr\u00f8v igen eller ring til os p\u00e5 +45 88 77 97 20<\/h2>\n<p>[\/et_pb_text][\/et_pb_column][\/et_pb_row][\/et_pb_section][et_pb_section fb_built=&#8221;1&#8243; _builder_version=&#8221;4.16&#8243; use_background_color_gradient=&#8221;on&#8221; background_color_gradient_stops=&#8221;rgba(76,15,36,0.27) 0%|#29c4a9 100%&#8221; background_color_gradient_start=&#8221;rgba(76,15,36,0.27)&#8221; background_image=&#8221;https:\/\/hoejskolenmors.dk\/wp-content\/uploads\/2019\/03\/pexels-photo-1574650.jpeg&#8221; parallax=&#8221;on&#8221; parallax_method=&#8221;off&#8221; custom_padding=&#8221;92px|0px|92px|0px|true|false&#8221; global_colors_info=&#8221;{}&#8221;][et_pb_row _builder_version=&#8221;4.16&#8243; global_colors_info=&#8221;{}&#8221;][et_pb_column type=&#8221;4_4&#8243; _builder_version=&#8221;4.16&#8243; custom_padding=&#8221;|||&#8221; global_colors_info=&#8221;{}&#8221; custom_padding__hover=&#8221;|||&#8221;][et_pb_text _builder_version=&#8221;4.16&#8243; text_font=&#8221;Poppins|600|||||||&#8221; text_text_color=&#8221;#ffffff&#8221; text_font_size=&#8221;30px&#8221; text_line_height=&#8221;1.8em&#8221; text_orientation=&#8221;center&#8221; global_colors_info=&#8221;{}&#8221;]<\/p>\n<p><span>Book en rundvisning &#8211; vi betaler transporten!<\/span><\/p>\n<p>[\/et_pb_text][\/et_pb_column][\/et_pb_row][\/et_pb_section][et_pb_section fb_built=&#8221;1&#8243; admin_label=&#8221;Footer Section&#8221; _builder_version=&#8221;3.27&#8243; background_color=&#8221;#f2f2f2&#8243; background_image=&#8221;https:\/\/hoejskolenmors.dk\/wp-content\/uploads\/2019\/06\/bg2-copy-1.jpg&#8221; parallax=&#8221;on&#8221; max_width=&#8221;100%&#8221; max_width_tablet=&#8221;&#8221; max_width_phone=&#8221;&#8221; max_width_last_edited=&#8221;on|tablet&#8221; custom_margin=&#8221;||0px||false|false&#8221; custom_margin_tablet=&#8221;||0vw&#8221; custom_margin_phone=&#8221;&#8221; custom_margin_last_edited=&#8221;on|desktop&#8221; custom_padding=&#8221;0px|0|2px|0|false|true&#8221; box_shadow_style=&#8221;preset7&#8243; box_shadow_position=&#8221;outer&#8221; global_module=&#8221;46759&#8243; saved_tabs=&#8221;all&#8221; global_colors_info=&#8221;{}&#8221;][et_pb_row disabled_on=&#8221;off|off|off&#8221; admin_label=&#8221;Social Media&#8221; _builder_version=&#8221;4.16&#8243; custom_margin=&#8221;30px|||&#8221; custom_margin_tablet=&#8221;&#8221; custom_margin_phone=&#8221;0px||||false|false&#8221; custom_margin_last_edited=&#8221;on|phone&#8221; global_colors_info=&#8221;{}&#8221;][et_pb_column type=&#8221;4_4&#8243; _builder_version=&#8221;4.16&#8243; custom_padding=&#8221;|||&#8221; global_colors_info=&#8221;{}&#8221; custom_padding__hover=&#8221;|||&#8221;][\/et_pb_column][\/et_pb_row][\/et_pb_section][et_pb_section fb_built=&#8221;1&#8243; _builder_version=&#8221;4.17.5&#8243; background_color=&#8221;#000000&#8243; min_height=&#8221;336px&#8221; custom_padding=&#8221;71px|0px|71px|0px|true|false&#8221; global_module=&#8221;46760&#8243; saved_tabs=&#8221;all&#8221; global_colors_info=&#8221;{}&#8221;][et_pb_row _builder_version=&#8221;4.16&#8243; global_colors_info=&#8221;{}&#8221;][et_pb_column type=&#8221;4_4&#8243; _builder_version=&#8221;4.16&#8243; background_color=&#8221;#000000&#8243; custom_padding=&#8221;|||&#8221; global_colors_info=&#8221;{}&#8221; custom_padding__hover=&#8221;|||&#8221;][et_pb_social_media_follow _builder_version=&#8221;4.17.4&#8243; text_orientation=&#8221;center&#8221; global_colors_info=&#8221;{}&#8221;][et_pb_social_media_follow_network social_network=&#8221;facebook&#8221; url=&#8221;https:\/\/www.facebook.com\/hojskolenmors\/&#8221; icon_color=&#8221;#ffffff&#8221; _builder_version=&#8221;4.16&#8243; background_color=&#8221;#000000&#8243; custom_margin=&#8221;|8px||8px&#8221; custom_padding=&#8221;14px|14px|14px|14px&#8221; border_radii=&#8221;on|100px|100px|100px|100px&#8221; border_width_all=&#8221;2px&#8221; border_color_all=&#8221;#ffffff&#8221; global_colors_info=&#8221;{}&#8221; follow_button=&#8221;off&#8221; url_new_window=&#8221;on&#8221;]facebook[\/et_pb_social_media_follow_network][et_pb_social_media_follow_network social_network=&#8221;instagram&#8221; url=&#8221;https:\/\/www.instagram.com\/hojskolenmors\/&#8221; _builder_version=&#8221;4.16&#8243; background_color=&#8221;#000000&#8243; custom_margin=&#8221;|8px||8px&#8221; custom_padding=&#8221;14px|14px|14px|14px&#8221; border_radii=&#8221;on|100px|100px|100px|100px&#8221; border_width_all=&#8221;2px&#8221; border_color_all=&#8221;#ffffff&#8221; global_colors_info=&#8221;{}&#8221; follow_button=&#8221;off&#8221; url_new_window=&#8221;on&#8221;]instagram[\/et_pb_social_media_follow_network][\/et_pb_social_media_follow][\/et_pb_column][\/et_pb_row][et_pb_row column_structure=&#8221;1_2,1_2&#8243; _builder_version=&#8221;4.16&#8243; global_colors_info=&#8221;{}&#8221;][et_pb_column type=&#8221;1_2&#8243; _builder_version=&#8221;4.16&#8243; global_colors_info=&#8221;{}&#8221;][et_pb_text _builder_version=&#8221;4.16&#8243; text_font=&#8221;Roboto|300|||||||&#8221; text_text_color=&#8221;#000000&#8243; text_line_height=&#8221;1.8em&#8221; header_font=&#8221;||||||||&#8221; header_3_font=&#8221;||||||||&#8221; width=&#8221;86%&#8221; animation_style=&#8221;fade&#8221; header_line_height_tablet=&#8221;&#8221; header_line_height_phone=&#8221;1.2em&#8221; header_line_height_last_edited=&#8221;on|phone&#8221; global_colors_info=&#8221;{}&#8221;]<\/p>\n<div class=\"page\" title=\"Page 17\"><\/div>\n<div class=\"page\" title=\"Page 17\">\n<div class=\"section\">\n<div class=\"layoutArea\">\n<div class=\"column\">\n<h1 class=\"p2\">Tilmelding og betaling<\/h1>\n<p class=\"p2\"><span style=\"font-size: 16px; color: #000000; font-family: Roboto, Helvetica, Arial, Lucida, sans-serif;\">N\u00e5r du tilmelder dig et kort kursus, bliver du opkr\u00e6vet et depositum p\u00e5 500 kr. F\u00f8rst n\u00e5r depositum er betalt, er din tilmelding endeligt bekr\u00e6ftet. Du modtager en automatisk bekr\u00e6ftelse p\u00e5 din tilmelding via mail. Tilmeldingen er bindende. Ca. 8 uger f\u00f8r kursusbegyndelse fremsender vi en en opkr\u00e6vning p\u00e5 restbel\u00f8bet for kurset.\u00a0<br \/>Ca. 4 uger f\u00f8r kurset sender vi dig et detaljeret kursusprogram p\u00e5 mail samt en opkr\u00e6vning p\u00e5 restbel\u00f8bet.\u00a0<\/span><\/p>\n<p class=\"p2\"><span style=\"font-size: 16px; color: #000000; font-family: Roboto, Helvetica, Arial, Lucida, sans-serif;\"><\/span><\/p>\n<h1 class=\"p2\">Afbudforsikring i tilf\u00e6lde af sygdom p\u00e5\u00a0 korte kurser<b><\/b><\/h1>\n<p class=\"p2\"><span>Hvis du melder afbud til kurset senere end 6 uger f\u00f8r start, kan du ikke f\u00e5 den indbetalte kursuspris tilbage fra <span style=\"color: #050505;\"><a href=\"https:\/\/hoejskolenmors.dk\" style=\"color: #050505;\">h\u00f8jskole<\/a><\/span>n. Vi opfordrer dig til at tegne en afbudsforsikring i forbindelse med sygdom enten her hos os (+250,-) eller ved eget forsikringsselskab. Hvis du melder afbud med afbudsforsikring f\u00e5r du ikke depositummet tilbage, udelukkende den resterende del af kursusbel\u00f8bet. Skolen kan anmode om en l\u00e6geerkl\u00e6ring.\u00a0<\/span><b><\/b><\/p>\n<p class=\"p2\">Afbudsforsikringen i forbindelse med sygdom skal betales sammen med depositum for at v\u00e6re g\u00e6ldende.<\/p>\n<p class=\"p2\">NB. G\u00e6lder kun for korte kurser.<\/p>\n<\/div>\n<\/div>\n<\/div>\n<\/div>\n<p>[\/et_pb_text][\/et_pb_column][et_pb_column type=&#8221;1_2&#8243; _builder_version=&#8221;4.16&#8243; global_colors_info=&#8221;{}&#8221;][et_pb_text _builder_version=&#8221;4.16&#8243; text_font=&#8221;Roboto|300|||||||&#8221; text_text_color=&#8221;#000000&#8243; text_line_height=&#8221;1.8em&#8221; header_font=&#8221;||||||||&#8221; header_3_font=&#8221;||||||||&#8221; width=&#8221;86%&#8221; animation_style=&#8221;fade&#8221; global_colors_info=&#8221;{}&#8221;]<\/p>\n<div class=\"page\" title=\"Page 17\">\n<div class=\"section\">\n<div class=\"layoutArea\">\n<div class=\"column\">\n<h1 class=\"p2\"><span style=\"color: #333333; font-family: Oswald, Helvetica, Arial, Lucida, sans-serif; font-size: 30px;\">Hvordan bor vi?<\/span><\/h1>\n<p class=\"p2\"><span style=\"font-size: 16px;\">Du bliver indlogeret p\u00e5 ene-, dobbelt eller tre-personersv\u00e6relse p\u00e5 enten \u201dBjerget\u201d, \u201dBakken\u201d eller \u201dDalen\u201d &#8211; som er vores 3 beboelsesfl\u00f8je. Der er k\u00f8kken og stor rummelig opholdstue i hver beboelsesfl\u00f8j, og alle v\u00e6relser er indrettet med boxmadrasser, skrivebord og t\u00f8jskabe. Vores bad- og toiletfaciliteter er nyrenoverede i alle tre fl\u00f8je. De er placeret, s\u00e5 der er let adgang fra v\u00e6relset. Badev\u00e6relserne har alle seperat toilet og man deler badev\u00e6relse med maks. 5 personer.<\/span><\/p>\n<p class=\"p2\"><b><\/b><\/p>\n<p class=\"p2\"><b><\/b><\/p>\n<p class=\"p4\">Beboelsesfl\u00f8jene er hyggeligt indrettet i sommerhus\/h\u00f8jskolestil med den sk\u00f8nneske natur lige udenfor vinduet. Senget\u00f8j kan lejes af h\u00f8jskolen for 100,-.<\/p>\n<p class=\"p4\">Se mere om livet p\u00e5 h\u00f8jskole\u00a0<span style=\"color: #0c71c3;\"><a href=\"https:\/\/hoejskolenmors.dk\/hojskolelivet\/\" style=\"color: #0c71c3;\">her.<\/a><\/span><\/p>\n<p class=\"p4\">\n<\/div>\n<\/div>\n<\/div>\n<\/div>\n<p>[\/et_pb_text][\/et_pb_column][\/et_pb_row][et_pb_row _builder_version=&#8221;4.16&#8243; global_colors_info=&#8221;{}&#8221;][et_pb_column type=&#8221;4_4&#8243; _builder_version=&#8221;4.16&#8243; global_colors_info=&#8221;{}&#8221;][et_pb_text _builder_version=&#8221;4.16&#8243; text_orientation=&#8221;center&#8221; global_colors_info=&#8221;{}&#8221;]<\/p>\n<p><span style=\"font-size: medium;\">H\u00f8jskolen Mors\u00a0\u2022 Salgerh\u00f8jvej 36\u00a0\u2022 7900 Nyk\u00f8bing Mors\u00a0<\/span><\/p>\n<p><span style=\"font-size: medium;\">Mail: <a href=\"mailto:info@hoejskolenmors.dk\">info@hoejskolenmors.dk<\/a>\u00a0<\/span><\/p>\n<p><span style=\"font-size: medium;\">Tel. +45 88 77 97 20<\/span><\/p>\n<p><span style=\"font-size: small;\">cvr. nr.\u00a040073507 \u2022\u00a0Reg. 9133\u00a0Kontonr. 0002000693<\/span><\/p>\n<p>[\/et_pb_text][et_pb_text _builder_version=&#8221;4.16&#8243; text_font=&#8221;Poppins||||||||&#8221; text_text_color=&#8221;#ffffff&#8221; link_font=&#8221;Poppins||||||||&#8221; link_text_color=&#8221;#ffffff&#8221; link_font_size=&#8221;12px&#8221; text_orientation=&#8221;center&#8221; text_font_size_tablet=&#8221;&#8221; text_font_size_phone=&#8221;12px&#8221; text_font_size_last_edited=&#8221;on|phone&#8221; global_colors_info=&#8221;{}&#8221;]<\/p>\n<p><span>\u00a9Hoejskolenmors.dk |\u00a0<\/span><span>Web design:<strong>\u00a0<\/strong><\/span><strong><a href=\"http:\/\/www.radesign.dk\/\" target=\"_blank\" rel=\"nofollow noopener noreferrer\">RADESIGN<\/a><\/strong><\/p>\n<p>[\/et_pb_text][\/et_pb_column][\/et_pb_row][\/et_pb_section]<\/p>\n","protected":false},"excerpt":{"rendered":"<p>Ups&#8230; Der gik noget galt&#8230;Pr\u00f8v igen eller ring til os p\u00e5 +45 88 77 97 20Book en rundvisning &#8211; vi betaler transporten! Tilmelding og betaling N\u00e5r du tilmelder dig et kort kursus, bliver du opkr\u00e6vet et depositum p\u00e5 500 kr. F\u00f8rst n\u00e5r depositum er betalt, er din tilmelding endeligt bekr\u00e6ftet. Du modtager en automatisk bekr\u00e6ftelse [&hellip;]<\/p>\n","protected":false},"author":3,"featured_media":0,"parent":0,"menu_order":0,"comment_status":"closed","ping_status":"closed","template":"","meta":{"_et_pb_use_builder":"on","_et_pb_old_content":"","_et_gb_content_width":"","inline_featured_image":false,"footnotes":""},"class_list":["post-49771","page","type-page","status-publish","hentry"],"yoast_head":"<!-- This site is optimized with the Yoast SEO plugin v27.5 - https:\/\/yoast.com\/product\/yoast-seo-wordpress\/ -->\n<title>Ups... Der gik noget galt<\/title>\n<meta name=\"robots\" content=\"index, follow, max-snippet:-1, max-image-preview:large, max-video-preview:-1\" \/>\n<link rel=\"canonical\" href=\"https:\/\/hoejskolenmors.dk\/en\/ups-der-gik-noget-galt\/\" \/>\n<meta property=\"og:locale\" content=\"en_GB\" \/>\n<meta property=\"og:type\" content=\"article\" \/>\n<meta property=\"og:title\" content=\"Ups... Der gik noget galt\" \/>\n<meta property=\"og:description\" content=\"Ups... Der gik noget galt...Pr\u00f8v igen eller ring til os p\u00e5 +45 88 77 97 20Book en rundvisning - vi betaler transporten! Tilmelding og betaling N\u00e5r du tilmelder dig et kort kursus, bliver du opkr\u00e6vet et depositum p\u00e5 500 kr. F\u00f8rst n\u00e5r depositum er betalt, er din tilmelding endeligt bekr\u00e6ftet. Du modtager en automatisk bekr\u00e6ftelse [&hellip;]\" \/>\n<meta property=\"og:url\" content=\"https:\/\/hoejskolenmors.dk\/en\/ups-der-gik-noget-galt\/\" \/>\n<meta property=\"og:site_name\" content=\"H\u00f8jskolen Mors\" \/>\n<meta property=\"article:publisher\" content=\"https:\/\/www.facebook.com\/hojskolenmors\/\" \/>\n<meta property=\"article:modified_time\" content=\"2022-11-01T08:40:51+00:00\" \/>\n<meta name=\"twitter:card\" content=\"summary_large_image\" \/>\n<meta name=\"twitter:label1\" content=\"Estimated reading time\" \/>\n\t<meta name=\"twitter:data1\" content=\"6 minutes\" \/>\n<script type=\"application\/ld+json\" class=\"yoast-schema-graph\">{\"@context\":\"https:\\\/\\\/schema.org\",\"@graph\":[{\"@type\":\"WebPage\",\"@id\":\"https:\\\/\\\/hoejskolenmors.dk\\\/ups-der-gik-noget-galt\\\/\",\"url\":\"https:\\\/\\\/hoejskolenmors.dk\\\/ups-der-gik-noget-galt\\\/\",\"name\":\"Ups... Der gik noget galt\",\"isPartOf\":{\"@id\":\"https:\\\/\\\/hoejskolenmors.dk\\\/#website\"},\"datePublished\":\"2019-11-27T12:15:22+00:00\",\"dateModified\":\"2022-11-01T08:40:51+00:00\",\"breadcrumb\":{\"@id\":\"https:\\\/\\\/hoejskolenmors.dk\\\/ups-der-gik-noget-galt\\\/#breadcrumb\"},\"inLanguage\":\"en-GB\",\"potentialAction\":[{\"@type\":\"ReadAction\",\"target\":[\"https:\\\/\\\/hoejskolenmors.dk\\\/ups-der-gik-noget-galt\\\/\"]}]},{\"@type\":\"BreadcrumbList\",\"@id\":\"https:\\\/\\\/hoejskolenmors.dk\\\/ups-der-gik-noget-galt\\\/#breadcrumb\",\"itemListElement\":[{\"@type\":\"ListItem\",\"position\":1,\"name\":\"Home\",\"item\":\"https:\\\/\\\/hoejskolenmors.dk\\\/\"},{\"@type\":\"ListItem\",\"position\":2,\"name\":\"Ups&#8230; Der gik noget galt\"}]},{\"@type\":\"WebSite\",\"@id\":\"https:\\\/\\\/hoejskolenmors.dk\\\/#website\",\"url\":\"https:\\\/\\\/hoejskolenmors.dk\\\/\",\"name\":\"H\u00f8jskolen Mors\",\"description\":\"Kultur p\u00e5 toppen\",\"publisher\":{\"@id\":\"https:\\\/\\\/hoejskolenmors.dk\\\/#organization\"},\"potentialAction\":[{\"@type\":\"SearchAction\",\"target\":{\"@type\":\"EntryPoint\",\"urlTemplate\":\"https:\\\/\\\/hoejskolenmors.dk\\\/?s={search_term_string}\"},\"query-input\":{\"@type\":\"PropertyValueSpecification\",\"valueRequired\":true,\"valueName\":\"search_term_string\"}}],\"inLanguage\":\"en-GB\"},{\"@type\":\"Organization\",\"@id\":\"https:\\\/\\\/hoejskolenmors.dk\\\/#organization\",\"name\":\"H\u00f8jskolen Mors\",\"url\":\"https:\\\/\\\/hoejskolenmors.dk\\\/\",\"logo\":{\"@type\":\"ImageObject\",\"inLanguage\":\"en-GB\",\"@id\":\"https:\\\/\\\/hoejskolenmors.dk\\\/#\\\/schema\\\/logo\\\/image\\\/\",\"url\":\"https:\\\/\\\/hoejskolenmors.dk\\\/wp-content\\\/uploads\\\/2017\\\/10\\\/Logo22.svg\",\"contentUrl\":\"https:\\\/\\\/hoejskolenmors.dk\\\/wp-content\\\/uploads\\\/2017\\\/10\\\/Logo22.svg\",\"width\":1,\"height\":1,\"caption\":\"H\u00f8jskolen Mors\"},\"image\":{\"@id\":\"https:\\\/\\\/hoejskolenmors.dk\\\/#\\\/schema\\\/logo\\\/image\\\/\"},\"sameAs\":[\"https:\\\/\\\/www.facebook.com\\\/hojskolenmors\\\/\",\"https:\\\/\\\/www.instagram.com\\\/hojskolenmors\\\/?hl=da\",\"https:\\\/\\\/www.tiktok.com\\\/@hojskolenmors\",\"https:\\\/\\\/www.linkedin.com\\\/company\\\/r-dding-h-jskole\"]}]}<\/script>\n<!-- \/ Yoast SEO plugin. -->","yoast_head_json":{"title":"Ups... Der gik noget galt","robots":{"index":"index","follow":"follow","max-snippet":"max-snippet:-1","max-image-preview":"max-image-preview:large","max-video-preview":"max-video-preview:-1"},"canonical":"https:\/\/hoejskolenmors.dk\/en\/ups-der-gik-noget-galt\/","og_locale":"en_GB","og_type":"article","og_title":"Ups... Der gik noget galt","og_description":"Ups... Der gik noget galt...Pr\u00f8v igen eller ring til os p\u00e5 +45 88 77 97 20Book en rundvisning - vi betaler transporten! Tilmelding og betaling N\u00e5r du tilmelder dig et kort kursus, bliver du opkr\u00e6vet et depositum p\u00e5 500 kr. F\u00f8rst n\u00e5r depositum er betalt, er din tilmelding endeligt bekr\u00e6ftet. Du modtager en automatisk bekr\u00e6ftelse [&hellip;]","og_url":"https:\/\/hoejskolenmors.dk\/en\/ups-der-gik-noget-galt\/","og_site_name":"H\u00f8jskolen Mors","article_publisher":"https:\/\/www.facebook.com\/hojskolenmors\/","article_modified_time":"2022-11-01T08:40:51+00:00","twitter_card":"summary_large_image","twitter_misc":{"Estimated reading time":"6 minutes"},"schema":{"@context":"https:\/\/schema.org","@graph":[{"@type":"WebPage","@id":"https:\/\/hoejskolenmors.dk\/ups-der-gik-noget-galt\/","url":"https:\/\/hoejskolenmors.dk\/ups-der-gik-noget-galt\/","name":"Ups... Der gik noget galt","isPartOf":{"@id":"https:\/\/hoejskolenmors.dk\/#website"},"datePublished":"2019-11-27T12:15:22+00:00","dateModified":"2022-11-01T08:40:51+00:00","breadcrumb":{"@id":"https:\/\/hoejskolenmors.dk\/ups-der-gik-noget-galt\/#breadcrumb"},"inLanguage":"en-GB","potentialAction":[{"@type":"ReadAction","target":["https:\/\/hoejskolenmors.dk\/ups-der-gik-noget-galt\/"]}]},{"@type":"BreadcrumbList","@id":"https:\/\/hoejskolenmors.dk\/ups-der-gik-noget-galt\/#breadcrumb","itemListElement":[{"@type":"ListItem","position":1,"name":"Home","item":"https:\/\/hoejskolenmors.dk\/"},{"@type":"ListItem","position":2,"name":"Ups&#8230; Der gik noget galt"}]},{"@type":"WebSite","@id":"https:\/\/hoejskolenmors.dk\/#website","url":"https:\/\/hoejskolenmors.dk\/","name":"H\u00f8jskolen Mors","description":"Culture at the top","publisher":{"@id":"https:\/\/hoejskolenmors.dk\/#organization"},"potentialAction":[{"@type":"SearchAction","target":{"@type":"EntryPoint","urlTemplate":"https:\/\/hoejskolenmors.dk\/?s={search_term_string}"},"query-input":{"@type":"PropertyValueSpecification","valueRequired":true,"valueName":"search_term_string"}}],"inLanguage":"en-GB"},{"@type":"Organization","@id":"https:\/\/hoejskolenmors.dk\/#organization","name":"H\u00f8jskolen Mors","url":"https:\/\/hoejskolenmors.dk\/","logo":{"@type":"ImageObject","inLanguage":"en-GB","@id":"https:\/\/hoejskolenmors.dk\/#\/schema\/logo\/image\/","url":"https:\/\/hoejskolenmors.dk\/wp-content\/uploads\/2017\/10\/Logo22.svg","contentUrl":"https:\/\/hoejskolenmors.dk\/wp-content\/uploads\/2017\/10\/Logo22.svg","width":1,"height":1,"caption":"H\u00f8jskolen Mors"},"image":{"@id":"https:\/\/hoejskolenmors.dk\/#\/schema\/logo\/image\/"},"sameAs":["https:\/\/www.facebook.com\/hojskolenmors\/","https:\/\/www.instagram.com\/hojskolenmors\/?hl=da","https:\/\/www.tiktok.com\/@hojskolenmors","https:\/\/www.linkedin.com\/company\/r-dding-h-jskole"]}]}},"_links":{"self":[{"href":"https:\/\/hoejskolenmors.dk\/en\/wp-json\/wp\/v2\/pages\/49771","targetHints":{"allow":["GET"]}}],"collection":[{"href":"https:\/\/hoejskolenmors.dk\/en\/wp-json\/wp\/v2\/pages"}],"about":[{"href":"https:\/\/hoejskolenmors.dk\/en\/wp-json\/wp\/v2\/types\/page"}],"author":[{"embeddable":true,"href":"https:\/\/hoejskolenmors.dk\/en\/wp-json\/wp\/v2\/users\/3"}],"replies":[{"embeddable":true,"href":"https:\/\/hoejskolenmors.dk\/en\/wp-json\/wp\/v2\/comments?post=49771"}],"version-history":[{"count":3,"href":"https:\/\/hoejskolenmors.dk\/en\/wp-json\/wp\/v2\/pages\/49771\/revisions"}],"predecessor-version":[{"id":54984,"href":"https:\/\/hoejskolenmors.dk\/en\/wp-json\/wp\/v2\/pages\/49771\/revisions\/54984"}],"wp:attachment":[{"href":"https:\/\/hoejskolenmors.dk\/en\/wp-json\/wp\/v2\/media?parent=49771"}],"curies":[{"name":"wp","href":"https:\/\/api.w.org\/{rel}","templated":true}]}}