{"id":50104,"date":"2020-02-04T11:35:07","date_gmt":"2020-02-04T10:35:07","guid":{"rendered":"https:\/\/hoejskolenmors.dk\/?page_id=50104"},"modified":"2023-08-30T09:31:13","modified_gmt":"2023-08-30T07:31:13","slug":"mentorordning","status":"publish","type":"page","link":"https:\/\/hoejskolenmors.dk\/en\/mentorordning\/","title":{"rendered":"."},"content":{"rendered":"<p>[et_pb_section fb_built=&#8221;1&#8243; custom_padding_last_edited=&#8221;off|desktop&#8221; admin_label=&#8221;Header&#8221; _builder_version=&#8221;4.17.4&#8243; background_enable_color=&#8221;off&#8221; background_image=&#8221;https:\/\/hoejskolenmors.dk\/wp-content\/uploads\/2021\/02\/hoejskolelivet-scaled.jpg&#8221; parallax=&#8221;on&#8221; custom_padding=&#8221;79px||79px||true|false&#8221; custom_padding_tablet=&#8221;0vw||&#8221; custom_padding_phone=&#8221;0vw||&#8221; global_colors_info=&#8221;{}&#8221;][et_pb_row custom_padding_last_edited=&#8221;off|desktop&#8221; _builder_version=&#8221;4.17.4&#8243; max_width=&#8221;80%&#8221; custom_margin=&#8221;1px|auto||auto||&#8221; custom_padding=&#8221;3px|7px|0|0px|false|false&#8221; custom_padding_tablet=&#8221;||40px|0%&#8221; use_custom_width=&#8221;on&#8221; width_unit=&#8221;off&#8221; global_colors_info=&#8221;{}&#8221;][et_pb_column type=&#8221;4_4&#8243; _builder_version=&#8221;4.17.4&#8243; background_color=&#8221;rgba(0,70,84,0.8)&#8221; custom_padding=&#8221;|||&#8221; global_colors_info=&#8221;{}&#8221; custom_padding__hover=&#8221;|||&#8221;][et_pb_text _builder_version=&#8221;4.16&#8243; header_2_font=&#8221;Poppins|700|||||||&#8221; header_2_text_align=&#8221;center&#8221; header_2_font_size=&#8221;33px&#8221; width=&#8221;100%&#8221; custom_margin=&#8221;20px|||||&#8221; custom_padding=&#8221;|0px||20px||&#8221; header_2_font_size_tablet=&#8221;&#8221; header_2_font_size_phone=&#8221;&#8221; header_2_font_size_last_edited=&#8221;on|phone&#8221; global_colors_info=&#8221;{}&#8221;]<\/p>\n<h2 style=\"text-align: left;\"><span style=\"color: #ffffff;\">Mentorordningen &amp; Mangfoldighedspuljen<\/span><\/h2>\n<p>[\/et_pb_text][et_pb_text _builder_version=&#8221;4.16&#8243; text_font=&#8221;|300|||||||&#8221; text_text_color=&#8221;#000000&#8243; text_orientation=&#8221;center&#8221; width=&#8221;100%&#8221; custom_padding=&#8221;|35px|9px|23px||&#8221; text_font_size_tablet=&#8221;&#8221; text_font_size_phone=&#8221;&#8221; text_font_size_last_edited=&#8221;on|phone&#8221; text_text_align=&#8221;center&#8221; global_colors_info=&#8221;{}&#8221;]<\/p>\n<p style=\"text-align: left;\"><span style=\"font-size: large;\"><strong><span style=\"color: #ffffff;\">Er du mellem 17,5-25 \u00e5r og uden ungdomsuddannelse?<br \/><\/span><\/strong><strong><span style=\"color: #ffffff;\">S\u00e5 kan du modtage \u00f8konomisk st\u00f8tte til dit h\u00f8jskoleophold!<\/span>\u00a0<\/strong><\/span><span style=\"color: #ffffff;\"><\/span><\/p>\n<p style=\"text-align: left;\"><strong><\/strong><\/p>\n<p style=\"text-align: left;\"><span style=\"color: #ffffff;\"><strong>Som mentorelev kan du s\u00f8ge \u00f8konomisk st\u00f8tte til neds\u00e6ttelse af egenbetalingen. Som udgangspunkt kan du modtage 300 kr. pr uge i st\u00f8tte. Bel\u00f8b herover afg\u00f8res ved individuel vurdering.\u00a0<\/strong><\/span><\/p>\n<p style=\"text-align: left;\"><span style=\"color: #ffffff;\">Som mentorelev deltager du p\u00e5 lige fod med alle de andre elever og du v\u00e6lger selv dit skema. P\u00e5 den m\u00e5de kan du v\u00e6lge de fag, der passer allerbedst til dig. Du kan afpr\u00f8ve nye fag og nye sider af dig selv, s\u00e5 du bliver mere afklaret omkring, hvilken uddannelsesretning du \u00f8nsker.<\/span><span style=\"color: #ffffff;\"><\/span><span style=\"color: #ffffff;\"><strong>For at modtage mentorst\u00f8tte skal du<\/strong>:<\/span><\/p>\n<p style=\"text-align: left;\"><span style=\"color: #ffffff;\"><strong>\u00b7\u00a0<\/strong>V\u00e6re mellem 17 1\/2 og 25 \u00e5r<br \/><strong>\u00b7\u00a0<\/strong>Ikke have f\u00e6rdiggjort en ungdomsuddannelse<br \/><strong>\u00b7\u00a0<\/strong>V\u00e6lge et h\u00f8jskoleopholdet p\u00e5 mindst 12 uger<br \/><strong>\u00b7<\/strong>\u00a0Kontakte din UU vejleder og komme med en uddannelsesplan<\/span><\/p>\n<p style=\"text-align: left;\">\n<p style=\"text-align: left;\"><span style=\"color: #ffffff;\">Mentorst\u00f8tte betyder, at du f\u00e5r en h\u00f8jskolel\u00e6rer som din mentor, alts\u00e5 en fast kontaktperson. Vores mentorl\u00e6rere er enten uddannet specialp\u00e6dagog og\/eller mentoruddannet hos H\u00f8jskolernes brancheorganisation,\u00a0FFD.<\/span><\/p>\n<p style=\"text-align: left;\"><span style=\"color: #ffffff;\">I starten af dit h\u00f8jskoleophold s\u00e6tter du dig sammen med din mentorl\u00e6rer, og udarbejder en aftale med m\u00e5ls\u00e6tninger for dit ophold. Heri aftaler I, hvordan mentorordningen skal fungere i praksis: Hvor ofte skal I m\u00f8des? Hvad \u00f8nsker du s\u00e6rligt fokus p\u00e5, fagligt og socialt? Skal I ops\u00e6tte nogle m\u00e5l og delm\u00e5l for forl\u00f8bet?<\/span><br \/><span style=\"color: #ffffff;\"><\/span><\/p>\n<p style=\"text-align: left;\"><span style=\"color: #ffffff;\">Kontakt skolen for mere information: <a href=\"mailto:mette@hojskolenmors.dk\" style=\"color: #ffffff;\">info@hojskolenmors.dk<\/a><\/span><\/p>\n<p style=\"text-align: left;\"><span style=\"color: #ffffff;\">\u00a0<\/span><\/p>\n<p style=\"text-align: left;\"><span style=\"color: #ffffff;\"><strong><\/strong><\/span><\/p>\n<p style=\"text-align: left;\">\n<p>[\/et_pb_text][\/et_pb_column][\/et_pb_row][\/et_pb_section][et_pb_section fb_built=&#8221;1&#8243; _builder_version=&#8221;4.20.0&#8243; _dynamic_attributes=&#8221;link_option_url&#8221; background_color_gradient_direction=&#8221;41deg&#8221; background_image=&#8221;https:\/\/hoejskolenmors.dk\/wp-content\/uploads\/2022\/12\/DSC04232-scaled.jpg&#8221; parallax=&#8221;on&#8221; parallax_method=&#8221;off&#8221; custom_margin=&#8221;-6px|||||&#8221; custom_padding=&#8221;91px|0px|91px|0px|true|false&#8221; link_option_url=&#8221;@ET-DC@eyJkeW5hbWljIjp0cnVlLCJjb250ZW50IjoicG9zdF9saW5rX3VybF9wYWdlIiwic2V0dGluZ3MiOnsicG9zdF9pZCI6IjUxNTI3In19@&#8221; global_colors_info=&#8221;{}&#8221;][et_pb_row _builder_version=&#8221;4.17.4&#8243; _dynamic_attributes=&#8221;link_option_url&#8221; link_option_url=&#8221;@ET-DC@eyJkeW5hbWljIjp0cnVlLCJjb250ZW50IjoicG9zdF9saW5rX3VybF9wYWdlIiwic2V0dGluZ3MiOnsicG9zdF9pZCI6IjUxNTI3In19@&#8221; global_colors_info=&#8221;{}&#8221;][et_pb_column type=&#8221;4_4&#8243; _builder_version=&#8221;4.17.4&#8243; _dynamic_attributes=&#8221;link_option_url&#8221; custom_padding=&#8221;|||&#8221; link_option_url=&#8221;@ET-DC@eyJkeW5hbWljIjp0cnVlLCJjb250ZW50IjoicG9zdF9saW5rX3VybF9wYWdlIiwic2V0dGluZ3MiOnsicG9zdF9pZCI6IjUxNTI3In19@&#8221; global_colors_info=&#8221;{}&#8221; custom_padding__hover=&#8221;|||&#8221;][et_pb_button button_url=&#8221;@ET-DC@eyJkeW5hbWljIjp0cnVlLCJjb250ZW50IjoicG9zdF9saW5rX3VybF9wYWdlIiwic2V0dGluZ3MiOnsicG9zdF9pZCI6IjUxNTI3In19@&#8221; button_text=&#8221;Hvordan er H\u00f8jskolelivet? &#8211; l\u00e6s mere her&#8221; button_alignment=&#8221;center&#8221; _builder_version=&#8221;4.17.4&#8243; _dynamic_attributes=&#8221;button_url&#8221; custom_button=&#8221;on&#8221; button_text_size=&#8221;28px&#8221; button_text_color=&#8221;#ffffff&#8221; button_bg_color=&#8221;#004b4f&#8221; button_border_width=&#8221;3px&#8221; button_border_color=&#8221;#FFFFFF&#8221; button_border_radius=&#8221;0px&#8221; button_letter_spacing=&#8221;2px&#8221; button_font=&#8221;Oswald|600||on|||||&#8221; button_use_icon=&#8221;off&#8221; animation_style=&#8221;fade&#8221; global_colors_info=&#8221;{}&#8221; button_text_size__hover_enabled=&#8221;off&#8221; button_one_text_size__hover_enabled=&#8221;off&#8221; button_two_text_size__hover_enabled=&#8221;off&#8221; button_text_color__hover_enabled=&#8221;off&#8221; button_one_text_color__hover_enabled=&#8221;off&#8221; button_two_text_color__hover_enabled=&#8221;off&#8221; button_border_width__hover_enabled=&#8221;off&#8221; button_one_border_width__hover_enabled=&#8221;off&#8221; button_two_border_width__hover_enabled=&#8221;off&#8221; button_border_color__hover_enabled=&#8221;on&#8221; button_one_border_color__hover_enabled=&#8221;off&#8221; button_two_border_color__hover_enabled=&#8221;off&#8221; button_border_radius__hover_enabled=&#8221;off&#8221; button_one_border_radius__hover_enabled=&#8221;off&#8221; button_two_border_radius__hover_enabled=&#8221;off&#8221; button_letter_spacing__hover_enabled=&#8221;off&#8221; button_one_letter_spacing__hover_enabled=&#8221;off&#8221; button_two_letter_spacing__hover_enabled=&#8221;off&#8221; button_bg_color__hover_enabled=&#8221;off&#8221; button_one_bg_color__hover_enabled=&#8221;off&#8221; button_two_bg_color__hover_enabled=&#8221;off&#8221; button_border_color__hover=&#8221;#ffffff&#8221; button_icon_color__hover_enabled=&#8221;on&#8221;][\/et_pb_button][\/et_pb_column][\/et_pb_row][\/et_pb_section][et_pb_section fb_built=&#8221;1&#8243; _builder_version=&#8221;4.17.5&#8243; background_color=&#8221;#000000&#8243; min_height=&#8221;278px&#8221; custom_padding=&#8221;71px|0px|71px|0px|true|false&#8221; global_module=&#8221;46760&#8243; saved_tabs=&#8221;all&#8221; global_colors_info=&#8221;{}&#8221;][et_pb_row _builder_version=&#8221;4.16&#8243; global_colors_info=&#8221;{}&#8221;][et_pb_column type=&#8221;4_4&#8243; _builder_version=&#8221;4.16&#8243; background_color=&#8221;#000000&#8243; custom_padding=&#8221;|||&#8221; global_colors_info=&#8221;{}&#8221; custom_padding__hover=&#8221;|||&#8221;][et_pb_social_media_follow _builder_version=&#8221;4.17.4&#8243; text_orientation=&#8221;center&#8221; global_colors_info=&#8221;{}&#8221;][et_pb_social_media_follow_network social_network=&#8221;facebook&#8221; url=&#8221;https:\/\/www.facebook.com\/hojskolenmors\/&#8221; icon_color=&#8221;#ffffff&#8221; _builder_version=&#8221;4.16&#8243; background_color=&#8221;#000000&#8243; custom_margin=&#8221;|8px||8px&#8221; custom_padding=&#8221;14px|14px|14px|14px&#8221; border_radii=&#8221;on|100px|100px|100px|100px&#8221; border_width_all=&#8221;2px&#8221; border_color_all=&#8221;#ffffff&#8221; global_colors_info=&#8221;{}&#8221; follow_button=&#8221;off&#8221; url_new_window=&#8221;on&#8221;]facebook[\/et_pb_social_media_follow_network][et_pb_social_media_follow_network social_network=&#8221;instagram&#8221; url=&#8221;https:\/\/www.instagram.com\/hojskolenmors\/&#8221; _builder_version=&#8221;4.16&#8243; background_color=&#8221;#000000&#8243; custom_margin=&#8221;|8px||8px&#8221; custom_padding=&#8221;14px|14px|14px|14px&#8221; border_radii=&#8221;on|100px|100px|100px|100px&#8221; border_width_all=&#8221;2px&#8221; border_color_all=&#8221;#ffffff&#8221; global_colors_info=&#8221;{}&#8221; follow_button=&#8221;off&#8221; url_new_window=&#8221;on&#8221;]instagram[\/et_pb_social_media_follow_network][\/et_pb_social_media_follow][\/et_pb_column][\/et_pb_row][et_pb_row _builder_version=&#8221;4.16&#8243; global_colors_info=&#8221;{}&#8221;][et_pb_column type=&#8221;4_4&#8243; _builder_version=&#8221;4.16&#8243; global_colors_info=&#8221;{}&#8221;][et_pb_text _builder_version=&#8221;4.16&#8243; text_orientation=&#8221;center&#8221; global_colors_info=&#8221;{}&#8221;]<\/p>\n<p><span style=\"font-size: medium;\">H\u00f8jskolen Mors\u00a0\u2022 Salgerh\u00f8jvej 36\u00a0\u2022 7900 Nyk\u00f8bing Mors\u00a0<\/span><\/p>\n<p><span style=\"font-size: medium;\">Mail: <a href=\"mailto:info@hoejskolenmors.dk\">info@hoejskolenmors.dk<\/a>\u00a0<\/span><\/p>\n<p><span style=\"font-size: medium;\">Tel. +45 88 77 97 20<\/span><\/p>\n<p><span style=\"font-size: small;\">cvr. nr.\u00a040073507 \u2022\u00a0Reg. 9133\u00a0Kontonr. 0002000693<\/span><\/p>\n<p>[\/et_pb_text][et_pb_text _builder_version=&#8221;4.16&#8243; text_font=&#8221;Poppins||||||||&#8221; text_text_color=&#8221;#ffffff&#8221; link_font=&#8221;Poppins||||||||&#8221; link_text_color=&#8221;#ffffff&#8221; link_font_size=&#8221;12px&#8221; text_orientation=&#8221;center&#8221; text_font_size_tablet=&#8221;&#8221; text_font_size_phone=&#8221;12px&#8221; text_font_size_last_edited=&#8221;on|phone&#8221; global_colors_info=&#8221;{}&#8221;]<\/p>\n<p><span>\u00a9Hoejskolenmors.dk |\u00a0<\/span><span>Web design:<strong>\u00a0<\/strong><\/span><strong><a href=\"http:\/\/www.radesign.dk\/\" target=\"_blank\" rel=\"nofollow noopener noreferrer\">RADESIGN<\/a><\/strong><\/p>\n<p>[\/et_pb_text][\/et_pb_column][\/et_pb_row][\/et_pb_section]<\/p>\n","protected":false},"excerpt":{"rendered":"<p>Mentorordningen &amp; MangfoldighedspuljenEr du mellem 17,5-25 \u00e5r og uden ungdomsuddannelse?S\u00e5 kan du modtage \u00f8konomisk st\u00f8tte til dit h\u00f8jskoleophold!\u00a0 Som mentorelev kan du s\u00f8ge \u00f8konomisk st\u00f8tte til neds\u00e6ttelse af egenbetalingen. Som udgangspunkt kan du modtage 300 kr. pr uge i st\u00f8tte. Bel\u00f8b herover afg\u00f8res ved individuel vurdering.\u00a0 Som mentorelev deltager du p\u00e5 lige fod med alle [&hellip;]<\/p>\n","protected":false},"author":3,"featured_media":0,"parent":0,"menu_order":0,"comment_status":"closed","ping_status":"closed","template":"","meta":{"_et_pb_use_builder":"on","_et_pb_old_content":"","_et_gb_content_width":"","inline_featured_image":false,"footnotes":""},"class_list":["post-50104","page","type-page","status-publish","hentry"],"yoast_head":"<!-- This site is optimized with the Yoast SEO plugin v27.5 - https:\/\/yoast.com\/product\/yoast-seo-wordpress\/ -->\n<title>Mentorordning p\u00e5 H\u00f8jskolen Mors<\/title>\n<meta name=\"description\" content=\"F\u00e5 \u00f8konomisk st\u00f8tte til et h\u00f8jskoleophold. En mentorordning p\u00e5 H\u00f8jskolen Mors betyder, at du kan f\u00e5 \u00f8konomisk st\u00f8tte til et h\u00f8jskoleophold.\" \/>\n<meta name=\"robots\" content=\"index, follow, max-snippet:-1, max-image-preview:large, max-video-preview:-1\" \/>\n<link rel=\"canonical\" href=\"https:\/\/hoejskolenmors.dk\/en\/mentorordning\/\" \/>\n<meta property=\"og:locale\" content=\"en_GB\" \/>\n<meta property=\"og:type\" content=\"article\" \/>\n<meta property=\"og:title\" content=\"Mentorordning p\u00e5 H\u00f8jskolen Mors\" \/>\n<meta property=\"og:description\" content=\"F\u00e5 \u00f8konomisk st\u00f8tte til et h\u00f8jskoleophold. En mentorordning p\u00e5 H\u00f8jskolen Mors betyder, at du kan f\u00e5 \u00f8konomisk st\u00f8tte til et h\u00f8jskoleophold.\" \/>\n<meta property=\"og:url\" content=\"https:\/\/hoejskolenmors.dk\/en\/mentorordning\/\" \/>\n<meta property=\"og:site_name\" content=\"H\u00f8jskolen Mors\" \/>\n<meta property=\"article:publisher\" content=\"https:\/\/www.facebook.com\/hojskolenmors\/\" \/>\n<meta property=\"article:modified_time\" content=\"2023-08-30T07:31:13+00:00\" \/>\n<meta name=\"twitter:card\" content=\"summary_large_image\" \/>\n<meta name=\"twitter:label1\" content=\"Estimated reading time\" \/>\n\t<meta name=\"twitter:data1\" content=\"6 minutes\" \/>\n<script type=\"application\/ld+json\" class=\"yoast-schema-graph\">{\"@context\":\"https:\\\/\\\/schema.org\",\"@graph\":[{\"@type\":\"WebPage\",\"@id\":\"https:\\\/\\\/hoejskolenmors.dk\\\/mentorordning\\\/\",\"url\":\"https:\\\/\\\/hoejskolenmors.dk\\\/mentorordning\\\/\",\"name\":\"Mentorordning p\u00e5 H\u00f8jskolen Mors\",\"isPartOf\":{\"@id\":\"https:\\\/\\\/hoejskolenmors.dk\\\/#website\"},\"datePublished\":\"2020-02-04T10:35:07+00:00\",\"dateModified\":\"2023-08-30T07:31:13+00:00\",\"description\":\"F\u00e5 \u00f8konomisk st\u00f8tte til et h\u00f8jskoleophold. En mentorordning p\u00e5 H\u00f8jskolen Mors betyder, at du kan f\u00e5 \u00f8konomisk st\u00f8tte til et h\u00f8jskoleophold.\",\"breadcrumb\":{\"@id\":\"https:\\\/\\\/hoejskolenmors.dk\\\/mentorordning\\\/#breadcrumb\"},\"inLanguage\":\"en-GB\",\"potentialAction\":[{\"@type\":\"ReadAction\",\"target\":[\"https:\\\/\\\/hoejskolenmors.dk\\\/mentorordning\\\/\"]}]},{\"@type\":\"BreadcrumbList\",\"@id\":\"https:\\\/\\\/hoejskolenmors.dk\\\/mentorordning\\\/#breadcrumb\",\"itemListElement\":[{\"@type\":\"ListItem\",\"position\":1,\"name\":\"Home\",\"item\":\"https:\\\/\\\/hoejskolenmors.dk\\\/\"},{\"@type\":\"ListItem\",\"position\":2,\"name\":\"Mentorordning\"}]},{\"@type\":\"WebSite\",\"@id\":\"https:\\\/\\\/hoejskolenmors.dk\\\/#website\",\"url\":\"https:\\\/\\\/hoejskolenmors.dk\\\/\",\"name\":\"H\u00f8jskolen Mors\",\"description\":\"Kultur p\u00e5 toppen\",\"publisher\":{\"@id\":\"https:\\\/\\\/hoejskolenmors.dk\\\/#organization\"},\"potentialAction\":[{\"@type\":\"SearchAction\",\"target\":{\"@type\":\"EntryPoint\",\"urlTemplate\":\"https:\\\/\\\/hoejskolenmors.dk\\\/?s={search_term_string}\"},\"query-input\":{\"@type\":\"PropertyValueSpecification\",\"valueRequired\":true,\"valueName\":\"search_term_string\"}}],\"inLanguage\":\"en-GB\"},{\"@type\":\"Organization\",\"@id\":\"https:\\\/\\\/hoejskolenmors.dk\\\/#organization\",\"name\":\"H\u00f8jskolen Mors\",\"url\":\"https:\\\/\\\/hoejskolenmors.dk\\\/\",\"logo\":{\"@type\":\"ImageObject\",\"inLanguage\":\"en-GB\",\"@id\":\"https:\\\/\\\/hoejskolenmors.dk\\\/#\\\/schema\\\/logo\\\/image\\\/\",\"url\":\"https:\\\/\\\/hoejskolenmors.dk\\\/wp-content\\\/uploads\\\/2017\\\/10\\\/Logo22.svg\",\"contentUrl\":\"https:\\\/\\\/hoejskolenmors.dk\\\/wp-content\\\/uploads\\\/2017\\\/10\\\/Logo22.svg\",\"width\":1,\"height\":1,\"caption\":\"H\u00f8jskolen Mors\"},\"image\":{\"@id\":\"https:\\\/\\\/hoejskolenmors.dk\\\/#\\\/schema\\\/logo\\\/image\\\/\"},\"sameAs\":[\"https:\\\/\\\/www.facebook.com\\\/hojskolenmors\\\/\",\"https:\\\/\\\/www.instagram.com\\\/hojskolenmors\\\/?hl=da\",\"https:\\\/\\\/www.tiktok.com\\\/@hojskolenmors\",\"https:\\\/\\\/www.linkedin.com\\\/company\\\/r-dding-h-jskole\"]}]}<\/script>\n<!-- \/ Yoast SEO plugin. -->","yoast_head_json":{"title":"Mentorordning p\u00e5 H\u00f8jskolen Mors","description":"F\u00e5 \u00f8konomisk st\u00f8tte til et h\u00f8jskoleophold. En mentorordning p\u00e5 H\u00f8jskolen Mors betyder, at du kan f\u00e5 \u00f8konomisk st\u00f8tte til et h\u00f8jskoleophold.","robots":{"index":"index","follow":"follow","max-snippet":"max-snippet:-1","max-image-preview":"max-image-preview:large","max-video-preview":"max-video-preview:-1"},"canonical":"https:\/\/hoejskolenmors.dk\/en\/mentorordning\/","og_locale":"en_GB","og_type":"article","og_title":"Mentorordning p\u00e5 H\u00f8jskolen Mors","og_description":"F\u00e5 \u00f8konomisk st\u00f8tte til et h\u00f8jskoleophold. En mentorordning p\u00e5 H\u00f8jskolen Mors betyder, at du kan f\u00e5 \u00f8konomisk st\u00f8tte til et h\u00f8jskoleophold.","og_url":"https:\/\/hoejskolenmors.dk\/en\/mentorordning\/","og_site_name":"H\u00f8jskolen Mors","article_publisher":"https:\/\/www.facebook.com\/hojskolenmors\/","article_modified_time":"2023-08-30T07:31:13+00:00","twitter_card":"summary_large_image","twitter_misc":{"Estimated reading time":"6 minutes"},"schema":{"@context":"https:\/\/schema.org","@graph":[{"@type":"WebPage","@id":"https:\/\/hoejskolenmors.dk\/mentorordning\/","url":"https:\/\/hoejskolenmors.dk\/mentorordning\/","name":"Mentorordning p\u00e5 H\u00f8jskolen Mors","isPartOf":{"@id":"https:\/\/hoejskolenmors.dk\/#website"},"datePublished":"2020-02-04T10:35:07+00:00","dateModified":"2023-08-30T07:31:13+00:00","description":"F\u00e5 \u00f8konomisk st\u00f8tte til et h\u00f8jskoleophold. En mentorordning p\u00e5 H\u00f8jskolen Mors betyder, at du kan f\u00e5 \u00f8konomisk st\u00f8tte til et h\u00f8jskoleophold.","breadcrumb":{"@id":"https:\/\/hoejskolenmors.dk\/mentorordning\/#breadcrumb"},"inLanguage":"en-GB","potentialAction":[{"@type":"ReadAction","target":["https:\/\/hoejskolenmors.dk\/mentorordning\/"]}]},{"@type":"BreadcrumbList","@id":"https:\/\/hoejskolenmors.dk\/mentorordning\/#breadcrumb","itemListElement":[{"@type":"ListItem","position":1,"name":"Home","item":"https:\/\/hoejskolenmors.dk\/"},{"@type":"ListItem","position":2,"name":"Mentorordning"}]},{"@type":"WebSite","@id":"https:\/\/hoejskolenmors.dk\/#website","url":"https:\/\/hoejskolenmors.dk\/","name":"H\u00f8jskolen Mors","description":"Culture at the top","publisher":{"@id":"https:\/\/hoejskolenmors.dk\/#organization"},"potentialAction":[{"@type":"SearchAction","target":{"@type":"EntryPoint","urlTemplate":"https:\/\/hoejskolenmors.dk\/?s={search_term_string}"},"query-input":{"@type":"PropertyValueSpecification","valueRequired":true,"valueName":"search_term_string"}}],"inLanguage":"en-GB"},{"@type":"Organization","@id":"https:\/\/hoejskolenmors.dk\/#organization","name":"H\u00f8jskolen Mors","url":"https:\/\/hoejskolenmors.dk\/","logo":{"@type":"ImageObject","inLanguage":"en-GB","@id":"https:\/\/hoejskolenmors.dk\/#\/schema\/logo\/image\/","url":"https:\/\/hoejskolenmors.dk\/wp-content\/uploads\/2017\/10\/Logo22.svg","contentUrl":"https:\/\/hoejskolenmors.dk\/wp-content\/uploads\/2017\/10\/Logo22.svg","width":1,"height":1,"caption":"H\u00f8jskolen Mors"},"image":{"@id":"https:\/\/hoejskolenmors.dk\/#\/schema\/logo\/image\/"},"sameAs":["https:\/\/www.facebook.com\/hojskolenmors\/","https:\/\/www.instagram.com\/hojskolenmors\/?hl=da","https:\/\/www.tiktok.com\/@hojskolenmors","https:\/\/www.linkedin.com\/company\/r-dding-h-jskole"]}]}},"_links":{"self":[{"href":"https:\/\/hoejskolenmors.dk\/en\/wp-json\/wp\/v2\/pages\/50104","targetHints":{"allow":["GET"]}}],"collection":[{"href":"https:\/\/hoejskolenmors.dk\/en\/wp-json\/wp\/v2\/pages"}],"about":[{"href":"https:\/\/hoejskolenmors.dk\/en\/wp-json\/wp\/v2\/types\/page"}],"author":[{"embeddable":true,"href":"https:\/\/hoejskolenmors.dk\/en\/wp-json\/wp\/v2\/users\/3"}],"replies":[{"embeddable":true,"href":"https:\/\/hoejskolenmors.dk\/en\/wp-json\/wp\/v2\/comments?post=50104"}],"version-history":[{"count":3,"href":"https:\/\/hoejskolenmors.dk\/en\/wp-json\/wp\/v2\/pages\/50104\/revisions"}],"predecessor-version":[{"id":56154,"href":"https:\/\/hoejskolenmors.dk\/en\/wp-json\/wp\/v2\/pages\/50104\/revisions\/56154"}],"wp:attachment":[{"href":"https:\/\/hoejskolenmors.dk\/en\/wp-json\/wp\/v2\/media?parent=50104"}],"curies":[{"name":"wp","href":"https:\/\/api.w.org\/{rel}","templated":true}]}}