{"id":50821,"date":"2020-05-15T12:25:17","date_gmt":"2020-05-15T10:25:17","guid":{"rendered":"https:\/\/hoejskolenmors.dk\/?page_id=50821"},"modified":"2024-10-21T13:40:20","modified_gmt":"2024-10-21T11:40:20","slug":"forbered-dig-til-optagelsesproeven-i-skuespil-paa-den-danske-scenekunstskole","status":"publish","type":"page","link":"https:\/\/hoejskolenmors.dk\/en\/fag\/forbered-dig-til-optagelsesproeven-i-skuespil-paa-den-danske-scenekunstskole\/","title":{"rendered":"Forbered dig til optagelsespr\u00f8ven i skuespil p\u00e5 Den Danske Scenekunstskole"},"content":{"rendered":"<p>[et_pb_section fb_built=&#8221;1&#8243; admin_label=&#8221;Page Title Section&#8221; _builder_version=&#8221;4.16&#8243; use_background_color_gradient=&#8221;on&#8221; background_color_gradient_direction=&#8221;120deg&#8221; background_color_gradient_stops=&#8221;#000000 0%|rgba(0,0,0,0) 100%&#8221; background_color_gradient_overlays_image=&#8221;on&#8221; background_color_gradient_start=&#8221;#000000&#8243; background_color_gradient_end=&#8221;rgba(0,0,0,0)&#8221; background_image=&#8221;https:\/\/hoejskolenmors.dk\/wp-content\/uploads\/2019\/03\/ahmad-odeh-705334-unsplash-e1552994430681.jpg&#8221; background_position=&#8221;top_center&#8221; custom_padding=&#8221;1px||1px||true|&#8221; global_colors_info=&#8221;{}&#8221;][et_pb_row admin_label=&#8221;Page Title Area&#8221; _builder_version=&#8221;4.16&#8243; background_size=&#8221;initial&#8221; background_position=&#8221;top_left&#8221; background_repeat=&#8221;repeat&#8221; custom_padding=&#8221;4vw||4vw||true|false&#8221; global_colors_info=&#8221;{}&#8221;][et_pb_column type=&#8221;4_4&#8243; _builder_version=&#8221;4.16&#8243; custom_padding=&#8221;|||&#8221; global_colors_info=&#8221;{}&#8221; custom_padding__hover=&#8221;|||&#8221;][et_pb_text admin_label=&#8221;Title&#8221; _builder_version=&#8221;4.16&#8243; text_font=&#8221;||||||||&#8221; header_font=&#8221;Oswald|300||on|||||&#8221; header_font_size=&#8221;64px&#8221; header_letter_spacing=&#8221;4px&#8221; header_line_height=&#8221;1.2em&#8221; header_2_font=&#8221;||||||||&#8221; background_layout=&#8221;dark&#8221; width=&#8221;100%&#8221; custom_margin=&#8221;||20px|&#8221; custom_padding=&#8221;|||&#8221; animation_style=&#8221;fade&#8221; header_font_size_tablet=&#8221;&#8221; header_font_size_phone=&#8221;40px&#8221; header_font_size_last_edited=&#8221;on|desktop&#8221; header_2_font_size_last_edited=&#8221;off|desktop&#8221; global_colors_info=&#8221;{}&#8221;]<\/p>\n<div class=\"page\" title=\"Page 14\">\n<div class=\"section\">\n<div class=\"layoutArea\">\n<div class=\"column\">\n<h1 class=\"p2\">Forberedelse til<\/h1>\n<h1 class=\"p2\">den Danske Scenekunstskole<\/h1>\n<\/div>\n<\/div>\n<\/div>\n<\/div>\n<p>[\/et_pb_text][\/et_pb_column][\/et_pb_row][\/et_pb_section][et_pb_section fb_built=&#8221;1&#8243; admin_label=&#8221;Class Details Section&#8221; _builder_version=&#8221;4.16&#8243; custom_padding=&#8221;90px||27px|||&#8221; global_colors_info=&#8221;{}&#8221;][et_pb_row admin_label=&#8221;Course Overview Area &#8221; _builder_version=&#8221;4.16&#8243; custom_margin=&#8221;|||&#8221; custom_padding=&#8221;|||&#8221; global_colors_info=&#8221;{}&#8221;][et_pb_column type=&#8221;4_4&#8243; _builder_version=&#8221;4.16&#8243; custom_padding=&#8221;|||&#8221; global_colors_info=&#8221;{}&#8221; custom_padding__hover=&#8221;|||&#8221;][et_pb_text admin_label=&#8221;Title&#8221; _builder_version=&#8221;4.16&#8243; header_font=&#8221;Oswald|||on|||||&#8221; header_3_font=&#8221;Poppins|600|||||||&#8221; header_3_line_height=&#8221;1.2em&#8221; custom_margin=&#8221;||20px|&#8221; animation_style=&#8221;fade&#8221; hover_enabled=&#8221;0&#8243; global_colors_info=&#8221;{}&#8221; sticky_enabled=&#8221;0&#8243;]<\/p>\n<h1 class=\"tw-data-text tw-ta tw-text-medium\" data-placeholder=\"Translation\" id=\"tw-target-text\" dir=\"ltr\">intensiv forberedende kursus til optagelsespr\u00f8ven p\u00e5 den danske scenekunstskole<\/h1>\n<p>[\/et_pb_text][et_pb_text _builder_version=&#8221;4.16&#8243; text_font=&#8221;Roboto|300|||||||&#8221; text_text_color=&#8221;#000000&#8243; text_line_height=&#8221;1.8em&#8221; header_font=&#8221;||||||||&#8221; header_3_font=&#8221;||||||||&#8221; width=&#8221;86%&#8221; animation_style=&#8221;fade&#8221; global_colors_info=&#8221;{}&#8221;]<\/p>\n<div class=\"page\" title=\"Page 17\">\n<div class=\"section\">\n<div class=\"layoutArea\">\n<div class=\"column\">\n<div class=\"page\" title=\"Page 17\">\n<div class=\"section\">\n<div class=\"layoutArea\">\n<div class=\"column\">\n<p>Dr\u00f8mmer du om at blive skuespiller?<\/p>\n<p>Her kan du tage et intensivt kursus og forberede dig m\u00e5lrettet og konkret til optagelsespr\u00f8ven i skuespil (bachelor niveau) p\u00e5 Den Danske Scenekunstskole (f\u00f8rste pr\u00f8ve, anden pr\u00f8ve og tredje pr\u00f8ve).<\/p>\n<p>Arbejdet fokuserer p\u00e5 de elementer, som er beskrevet i Scenekunstskolensbed\u00f8mmelseskriterier, og vil give dig konkrete v\u00e6rkt\u00f8j for tydeligt at strukturere og profilere dine\u00a0egne kunstneriske tendenser og egenskaber.<\/p>\n<p><strong>Arbejdet best\u00e5r af:<\/strong><\/p>\n<ul>\n<li>daglig fysisk og stemme tr\u00e6ning<\/li>\n<li>fysisk komposition<\/li>\n<li>individuel og gruppeimprovisation<\/li>\n<li>sangtr\u00e6ning<\/li>\n<li>grundig forberedelse af de monologer, der skal bruges til f\u00f8rste og anden pr\u00f8ve &#8211; dette punkt indeholder b\u00e5de tekstens analyse og fortolkning, stemmeteknik og udtale, dramatisk struktur, komposition og udf\u00f8relse<\/li>\n<\/ul>\n<p>OBS: Forberedelseskursus giver ingen garanti for at blive optaget p\u00e5 Scenekunstskole. Eleverne vil i alle tilf\u00e6lde v\u00e6re ansvarlige for valget af deres egne tekster og materialer og for at beholde og f\u00e6rdig\u00f8re deres forberedelse til pr\u00f8ven efter kursus<\/p>\n<p>\u00a0<span style=\"font-size: 16px;\">\u00a0<\/span><\/p>\n<\/div>\n<\/div>\n<\/div>\n<\/div>\n<\/div>\n<\/div>\n<\/div>\n<\/div>\n<p>[\/et_pb_text][\/et_pb_column][\/et_pb_row][et_pb_row _builder_version=&#8221;4.16&#8243; custom_padding=&#8221;8px|||0px||&#8221; global_colors_info=&#8221;{}&#8221;][et_pb_column type=&#8221;4_4&#8243; _builder_version=&#8221;4.16&#8243; global_colors_info=&#8221;{}&#8221;][et_pb_team_member name=&#8221;UNDERVISER og instrukt\u00f8r&#8221; position=&#8221;PIERANGELO POMPA&#8221; image_url=&#8221;https:\/\/hoejskolenmors.dk\/wp-content\/uploads\/2020\/03\/pierangelo-scaled-e1584429202318.jpg&#8221; _builder_version=&#8221;4.16&#8243; header_font=&#8221;Oswald|||on|||||&#8221; header_text_color=&#8221;#474747&#8243; header_font_size=&#8221;26px&#8221; header_letter_spacing=&#8221;1px&#8221; body_font=&#8221;Roboto|300|||||||&#8221; body_text_color=&#8221;#000000&#8243; position_font=&#8221;Oswald|600|||||||&#8221; position_text_color=&#8221;#6b6b6b&#8221; position_font_size=&#8221;20px&#8221; position_line_height=&#8221;2em&#8221; transform_translate=&#8221;9px|0px&#8221; transform_origin=&#8221;55%|50%&#8221; width=&#8221;100%&#8221; min_height=&#8221;398px&#8221; custom_margin=&#8221;-2px|0px|0px|0px|false|false&#8221; custom_padding=&#8221;1px|0px|0px|0px||&#8221; global_colors_info=&#8221;{}&#8221;]<\/p>\n<p><span>\u00a0&#8220;At se den enkelte udvikle sig menneskeligt og kunstnerisk er det, der giver mening i mit arbejde &#8211; teaterundervisningen skal v\u00e6re sp\u00e6ndende og overraskende&#8221;. <\/span><\/p>\n<p><span>Pierangelo er teaterunderviser, instrukt\u00f8r, teaterforsker og dramaturg. Han har som teaterinstrukt\u00f8r st\u00e5et i spidsen for det eksperimenterende teater, Altamira siden 2010, og han var i en \u00e5rr\u00e6kke instrukt\u00f8rassistent for den ber\u00f8mte teaterinstrukt\u00f8r Eugenio Barba p\u00e5 Odin Teatret.\u00a0<\/span><\/p>\n<p><span>Derudover har han undervist ved teatre og universiteter i Rom, Grenoble, Teheran, Beijing, Aarhus og lokal<span style=\"color: #0a0a0a;\">t p\u00e5\u00a0<a class=\"profileLink\" href=\"https:\/\/www.facebook.com\/Limfjordsteatret\/?__tn__=K-R&amp;eid=ARAqVuA0fInu7Kkz4cg0MtlogoK4BGG4KYCv3GJuR3XhRzB25pOhzVGSqIS8iTPvbosJOAGt4u8rfKIn&amp;fref=mentions&amp;__xts__%5B0%5D=68.ARAy9HOu1EXLz1WsuXH-Dnog7jfwI_iblNyghMm1MUCucNaIN7aGRjCglrU8F2lqF4M0FjGYqdoMaGNgGg4KtHC30YvXpzR2SZOIzEDuz1g96fDTR9CdwU9TuJwMCoQQPztFoY2luO-6Q20zCVuhOiGIkexf8kNeqHcgpX34GnkZZX0rfrVhYPaDmNQ7C1H6HGFXP5numatqUYK7XAyhzSeI3cbok0T7moj8Wfi_r5eGNUUZGh2LHz3hwuy9o84ZRpzRBuXxliK-64BlsYjPxdqsBKhs1TR-EjIW2UWUT75CqGXMKBgHy2acxeA35Ctkd1UVNtSCkWAD3X3e2epRGpdObxtr\" data-hovercard=\"\/ajax\/hovercard\/page.php?id=136011649780656&amp;extragetparams=%7B%22__tn__%22%3A%22%2CdK-R-R%22%2C%22eid%22%3A%22ARAqVuA0fInu7Kkz4cg0MtlogoK4BGG4KYCv3GJuR3XhRzB25pOhzVGSqIS8iTPvbosJOAGt4u8rfKIn%22%2C%22fref%22%3A%22mentions%22%7D\" data-hovercard-prefer-more-content-show=\"1\" style=\"color: #0a0a0a;\">Limfjordsteatret<\/a>s<\/span> talentlinje. Han underviser i alle H\u00f8jskolen Mors&#8217; <span style=\"text-decoration: underline; color: #000000;\"><a href=\"https:\/\/hoejskolenmors.dk\/teater-scenekunst\/\" style=\"color: #000000; text-decoration: underline;\">Teater<\/a><\/span>\u00a0fag.\u00a0<\/span><\/p>\n<p>&nbsp;<\/p>\n<p>&nbsp;<\/p>\n<p><span style=\"font-size: 14px;\"><\/span><\/p>\n<p><span style=\"font-size: 14px;\"><\/span><\/p>\n<p>[\/et_pb_team_member][\/et_pb_column][\/et_pb_row][\/et_pb_section][et_pb_section fb_built=&#8221;1&#8243; admin_label=&#8221;Borwse More Course Section&#8221; _builder_version=&#8221;4.16&#8243; background_color=&#8221;#12876f&#8221; border_color_all=&#8221;#12876f&#8221; global_colors_info=&#8221;{}&#8221;][et_pb_row admin_label=&#8221;Browse More Course Area &#8221; _builder_version=&#8221;4.16&#8243; global_colors_info=&#8221;{}&#8221;][et_pb_column type=&#8221;4_4&#8243; _builder_version=&#8221;4.16&#8243; custom_padding=&#8221;|||&#8221; global_colors_info=&#8221;{}&#8221; custom_padding__hover=&#8221;|||&#8221;][et_pb_button button_url=&#8221;https:\/\/hoejskolenmors.dk\/?page_id=46953&#8243; button_text=&#8221;tilbage til alle fag&#8221; button_alignment=&#8221;center&#8221; _builder_version=&#8221;4.16&#8243; custom_button=&#8221;on&#8221; button_text_size=&#8221;28px&#8221; button_text_color=&#8221;#ffffff&#8221; button_bg_color=&#8221;#12876f&#8221; button_border_width=&#8221;3px&#8221; button_border_color=&#8221;#12876f&#8221; button_border_radius=&#8221;0px&#8221; button_letter_spacing=&#8221;2px&#8221; button_font=&#8221;Oswald|600||on|||||&#8221; button_use_icon=&#8221;off&#8221; animation_style=&#8221;fade&#8221; global_colors_info=&#8221;{}&#8221; button_text_size__hover_enabled=&#8221;off&#8221; button_one_text_size__hover_enabled=&#8221;off&#8221; button_two_text_size__hover_enabled=&#8221;off&#8221; button_text_color__hover_enabled=&#8221;off&#8221; button_one_text_color__hover_enabled=&#8221;off&#8221; button_two_text_color__hover_enabled=&#8221;off&#8221; button_border_width__hover_enabled=&#8221;off&#8221; button_one_border_width__hover_enabled=&#8221;off&#8221; button_two_border_width__hover_enabled=&#8221;off&#8221; button_border_color__hover_enabled=&#8221;on&#8221; button_one_border_color__hover_enabled=&#8221;off&#8221; button_two_border_color__hover_enabled=&#8221;off&#8221; button_border_radius__hover_enabled=&#8221;off&#8221; button_one_border_radius__hover_enabled=&#8221;off&#8221; button_two_border_radius__hover_enabled=&#8221;off&#8221; button_letter_spacing__hover_enabled=&#8221;off&#8221; button_one_letter_spacing__hover_enabled=&#8221;off&#8221; button_two_letter_spacing__hover_enabled=&#8221;off&#8221; button_bg_color__hover_enabled=&#8221;off&#8221; button_one_bg_color__hover_enabled=&#8221;off&#8221; button_two_bg_color__hover_enabled=&#8221;off&#8221; button_border_color__hover=&#8221;#ffffff&#8221; button_icon_color__hover_enabled=&#8221;on&#8221;][\/et_pb_button][\/et_pb_column][\/et_pb_row][\/et_pb_section][et_pb_section fb_built=&#8221;1&#8243; _builder_version=&#8221;4.17.5&#8243; background_color=&#8221;#000000&#8243; min_height=&#8221;336px&#8221; custom_padding=&#8221;71px|0px|71px|0px|true|false&#8221; global_module=&#8221;46760&#8243; saved_tabs=&#8221;all&#8221; global_colors_info=&#8221;{}&#8221;][et_pb_row _builder_version=&#8221;4.16&#8243; global_colors_info=&#8221;{}&#8221;][et_pb_column type=&#8221;4_4&#8243; _builder_version=&#8221;4.16&#8243; background_color=&#8221;#000000&#8243; custom_padding=&#8221;|||&#8221; global_colors_info=&#8221;{}&#8221; custom_padding__hover=&#8221;|||&#8221;][et_pb_social_media_follow _builder_version=&#8221;4.17.4&#8243; text_orientation=&#8221;center&#8221; global_colors_info=&#8221;{}&#8221;][et_pb_social_media_follow_network social_network=&#8221;facebook&#8221; url=&#8221;https:\/\/www.facebook.com\/hojskolenmors\/&#8221; icon_color=&#8221;#ffffff&#8221; _builder_version=&#8221;4.16&#8243; background_color=&#8221;#000000&#8243; custom_margin=&#8221;|8px||8px&#8221; custom_padding=&#8221;14px|14px|14px|14px&#8221; border_radii=&#8221;on|100px|100px|100px|100px&#8221; border_width_all=&#8221;2px&#8221; border_color_all=&#8221;#ffffff&#8221; global_colors_info=&#8221;{}&#8221; follow_button=&#8221;off&#8221; url_new_window=&#8221;on&#8221;]facebook[\/et_pb_social_media_follow_network][et_pb_social_media_follow_network social_network=&#8221;instagram&#8221; url=&#8221;https:\/\/www.instagram.com\/hojskolenmors\/&#8221; _builder_version=&#8221;4.16&#8243; background_color=&#8221;#000000&#8243; custom_margin=&#8221;|8px||8px&#8221; custom_padding=&#8221;14px|14px|14px|14px&#8221; border_radii=&#8221;on|100px|100px|100px|100px&#8221; border_width_all=&#8221;2px&#8221; border_color_all=&#8221;#ffffff&#8221; global_colors_info=&#8221;{}&#8221; follow_button=&#8221;off&#8221; url_new_window=&#8221;on&#8221;]instagram[\/et_pb_social_media_follow_network][\/et_pb_social_media_follow][\/et_pb_column][\/et_pb_row][et_pb_row _builder_version=&#8221;4.16&#8243; global_colors_info=&#8221;{}&#8221;][et_pb_column type=&#8221;4_4&#8243; _builder_version=&#8221;4.16&#8243; global_colors_info=&#8221;{}&#8221;][et_pb_text _builder_version=&#8221;4.16&#8243; text_orientation=&#8221;center&#8221; global_colors_info=&#8221;{}&#8221;]<\/p>\n<p><span style=\"font-size: medium;\">H\u00f8jskolen Mors\u00a0\u2022 Salgerh\u00f8jvej 36\u00a0\u2022 7900 Nyk\u00f8bing Mors\u00a0<\/span><\/p>\n<p><span style=\"font-size: medium;\">Mail: <a href=\"mailto:info@hoejskolenmors.dk\">info@hoejskolenmors.dk<\/a>\u00a0<\/span><\/p>\n<p><span style=\"font-size: medium;\">Tel. +45 88 77 97 20<\/span><\/p>\n<p><span style=\"font-size: small;\">cvr. nr.\u00a040073507 \u2022\u00a0Reg. 9133\u00a0Kontonr. 0002000693<\/span><\/p>\n<p>[\/et_pb_text][et_pb_text _builder_version=&#8221;4.16&#8243; text_font=&#8221;Poppins||||||||&#8221; text_text_color=&#8221;#ffffff&#8221; link_font=&#8221;Poppins||||||||&#8221; link_text_color=&#8221;#ffffff&#8221; link_font_size=&#8221;12px&#8221; text_orientation=&#8221;center&#8221; text_font_size_tablet=&#8221;&#8221; text_font_size_phone=&#8221;12px&#8221; text_font_size_last_edited=&#8221;on|phone&#8221; global_colors_info=&#8221;{}&#8221;]<\/p>\n<p><span>\u00a9Hoejskolenmors.dk |\u00a0<\/span><span>Web design:<strong>\u00a0<\/strong><\/span><strong><a href=\"http:\/\/www.radesign.dk\/\" target=\"_blank\" rel=\"nofollow noopener noreferrer\">RADESIGN<\/a><\/strong><\/p>\n<p>[\/et_pb_text][\/et_pb_column][\/et_pb_row][\/et_pb_section]<\/p>\n","protected":false},"excerpt":{"rendered":"<p>Forberedelse til den Danske Scenekunstskole intensiv forberedende kursus til optagelsespr\u00f8ven p\u00e5 den danske scenekunstskole Dr\u00f8mmer du om at blive skuespiller? Her kan du tage et intensivt kursus og forberede dig m\u00e5lrettet og konkret til optagelsespr\u00f8ven i skuespil (bachelor niveau) p\u00e5 Den Danske Scenekunstskole (f\u00f8rste pr\u00f8ve, anden pr\u00f8ve og tredje pr\u00f8ve). Arbejdet fokuserer p\u00e5 de elementer, [&hellip;]<\/p>\n","protected":false},"author":3,"featured_media":0,"parent":46953,"menu_order":0,"comment_status":"closed","ping_status":"closed","template":"","meta":{"_et_pb_use_builder":"on","_et_pb_old_content":"","_et_gb_content_width":"","inline_featured_image":false,"footnotes":""},"class_list":["post-50821","page","type-page","status-publish","hentry"],"yoast_head":"<!-- This site is optimized with the Yoast SEO plugin v27.4 - https:\/\/yoast.com\/product\/yoast-seo-wordpress\/ -->\n<title>Forbered dig til Scenekunstskolens optagelsespr\u00f8ve<\/title>\n<meta name=\"description\" content=\"Vil du have professionel tr\u00e6ning af en af branchens bedste undervisere, inden din pr\u00f8ve p\u00e5 scenekunstskolen? S\u00e5 skal du p\u00e5 H\u00f8jskolen Mors.\" \/>\n<meta name=\"robots\" content=\"index, follow, max-snippet:-1, max-image-preview:large, max-video-preview:-1\" \/>\n<link rel=\"canonical\" href=\"https:\/\/hoejskolenmors.dk\/en\/fag\/forbered-dig-til-optagelsesproeven-i-skuespil-paa-den-danske-scenekunstskole\/\" \/>\n<meta property=\"og:locale\" content=\"en_GB\" \/>\n<meta property=\"og:type\" content=\"article\" \/>\n<meta property=\"og:title\" content=\"Forbered dig til Scenekunstskolens optagelsespr\u00f8ve\" \/>\n<meta property=\"og:description\" content=\"Vil du have professionel tr\u00e6ning af en af branchens bedste undervisere, inden din pr\u00f8ve p\u00e5 scenekunstskolen? S\u00e5 skal du p\u00e5 H\u00f8jskolen Mors.\" \/>\n<meta property=\"og:url\" content=\"https:\/\/hoejskolenmors.dk\/en\/fag\/forbered-dig-til-optagelsesproeven-i-skuespil-paa-den-danske-scenekunstskole\/\" \/>\n<meta property=\"og:site_name\" content=\"H\u00f8jskolen Mors\" \/>\n<meta property=\"article:publisher\" content=\"https:\/\/www.facebook.com\/hojskolenmors\/\" \/>\n<meta property=\"article:modified_time\" content=\"2024-10-21T11:40:20+00:00\" \/>\n<meta name=\"twitter:card\" content=\"summary_large_image\" \/>\n<meta name=\"twitter:label1\" content=\"Estimated reading time\" \/>\n\t<meta name=\"twitter:data1\" content=\"4 minutes\" \/>\n<script type=\"application\/ld+json\" class=\"yoast-schema-graph\">{\"@context\":\"https:\\\/\\\/schema.org\",\"@graph\":[{\"@type\":\"WebPage\",\"@id\":\"https:\\\/\\\/hoejskolenmors.dk\\\/fag\\\/forbered-dig-til-optagelsesproeven-i-skuespil-paa-den-danske-scenekunstskole\\\/\",\"url\":\"https:\\\/\\\/hoejskolenmors.dk\\\/fag\\\/forbered-dig-til-optagelsesproeven-i-skuespil-paa-den-danske-scenekunstskole\\\/\",\"name\":\"Forbered dig til Scenekunstskolens optagelsespr\u00f8ve\",\"isPartOf\":{\"@id\":\"https:\\\/\\\/hoejskolenmors.dk\\\/#website\"},\"datePublished\":\"2020-05-15T10:25:17+00:00\",\"dateModified\":\"2024-10-21T11:40:20+00:00\",\"description\":\"Vil du have professionel tr\u00e6ning af en af branchens bedste undervisere, inden din pr\u00f8ve p\u00e5 scenekunstskolen? S\u00e5 skal du p\u00e5 H\u00f8jskolen Mors.\",\"breadcrumb\":{\"@id\":\"https:\\\/\\\/hoejskolenmors.dk\\\/fag\\\/forbered-dig-til-optagelsesproeven-i-skuespil-paa-den-danske-scenekunstskole\\\/#breadcrumb\"},\"inLanguage\":\"en-GB\",\"potentialAction\":[{\"@type\":\"ReadAction\",\"target\":[\"https:\\\/\\\/hoejskolenmors.dk\\\/fag\\\/forbered-dig-til-optagelsesproeven-i-skuespil-paa-den-danske-scenekunstskole\\\/\"]}]},{\"@type\":\"BreadcrumbList\",\"@id\":\"https:\\\/\\\/hoejskolenmors.dk\\\/fag\\\/forbered-dig-til-optagelsesproeven-i-skuespil-paa-den-danske-scenekunstskole\\\/#breadcrumb\",\"itemListElement\":[{\"@type\":\"ListItem\",\"position\":1,\"name\":\"Home\",\"item\":\"https:\\\/\\\/hoejskolenmors.dk\\\/\"},{\"@type\":\"ListItem\",\"position\":2,\"name\":\"Fag\",\"item\":\"https:\\\/\\\/hoejskolenmors.dk\\\/fag\\\/\"},{\"@type\":\"ListItem\",\"position\":3,\"name\":\"Forbered dig til optagelsespr\u00f8ven i skuespil p\u00e5 Den Danske Scenekunstskole\"}]},{\"@type\":\"WebSite\",\"@id\":\"https:\\\/\\\/hoejskolenmors.dk\\\/#website\",\"url\":\"https:\\\/\\\/hoejskolenmors.dk\\\/\",\"name\":\"H\u00f8jskolen Mors\",\"description\":\"Kultur p\u00e5 toppen\",\"publisher\":{\"@id\":\"https:\\\/\\\/hoejskolenmors.dk\\\/#organization\"},\"potentialAction\":[{\"@type\":\"SearchAction\",\"target\":{\"@type\":\"EntryPoint\",\"urlTemplate\":\"https:\\\/\\\/hoejskolenmors.dk\\\/?s={search_term_string}\"},\"query-input\":{\"@type\":\"PropertyValueSpecification\",\"valueRequired\":true,\"valueName\":\"search_term_string\"}}],\"inLanguage\":\"en-GB\"},{\"@type\":\"Organization\",\"@id\":\"https:\\\/\\\/hoejskolenmors.dk\\\/#organization\",\"name\":\"H\u00f8jskolen Mors\",\"url\":\"https:\\\/\\\/hoejskolenmors.dk\\\/\",\"logo\":{\"@type\":\"ImageObject\",\"inLanguage\":\"en-GB\",\"@id\":\"https:\\\/\\\/hoejskolenmors.dk\\\/#\\\/schema\\\/logo\\\/image\\\/\",\"url\":\"https:\\\/\\\/hoejskolenmors.dk\\\/wp-content\\\/uploads\\\/2017\\\/10\\\/Logo22.svg\",\"contentUrl\":\"https:\\\/\\\/hoejskolenmors.dk\\\/wp-content\\\/uploads\\\/2017\\\/10\\\/Logo22.svg\",\"width\":1,\"height\":1,\"caption\":\"H\u00f8jskolen Mors\"},\"image\":{\"@id\":\"https:\\\/\\\/hoejskolenmors.dk\\\/#\\\/schema\\\/logo\\\/image\\\/\"},\"sameAs\":[\"https:\\\/\\\/www.facebook.com\\\/hojskolenmors\\\/\",\"https:\\\/\\\/www.instagram.com\\\/hojskolenmors\\\/?hl=da\",\"https:\\\/\\\/www.tiktok.com\\\/@hojskolenmors\",\"https:\\\/\\\/www.linkedin.com\\\/company\\\/r-dding-h-jskole\"]}]}<\/script>\n<!-- \/ Yoast SEO plugin. -->","yoast_head_json":{"title":"Forbered dig til Scenekunstskolens optagelsespr\u00f8ve","description":"Vil du have professionel tr\u00e6ning af en af branchens bedste undervisere, inden din pr\u00f8ve p\u00e5 scenekunstskolen? S\u00e5 skal du p\u00e5 H\u00f8jskolen Mors.","robots":{"index":"index","follow":"follow","max-snippet":"max-snippet:-1","max-image-preview":"max-image-preview:large","max-video-preview":"max-video-preview:-1"},"canonical":"https:\/\/hoejskolenmors.dk\/en\/fag\/forbered-dig-til-optagelsesproeven-i-skuespil-paa-den-danske-scenekunstskole\/","og_locale":"en_GB","og_type":"article","og_title":"Forbered dig til Scenekunstskolens optagelsespr\u00f8ve","og_description":"Vil du have professionel tr\u00e6ning af en af branchens bedste undervisere, inden din pr\u00f8ve p\u00e5 scenekunstskolen? S\u00e5 skal du p\u00e5 H\u00f8jskolen Mors.","og_url":"https:\/\/hoejskolenmors.dk\/en\/fag\/forbered-dig-til-optagelsesproeven-i-skuespil-paa-den-danske-scenekunstskole\/","og_site_name":"H\u00f8jskolen Mors","article_publisher":"https:\/\/www.facebook.com\/hojskolenmors\/","article_modified_time":"2024-10-21T11:40:20+00:00","twitter_card":"summary_large_image","twitter_misc":{"Estimated reading time":"4 minutes"},"schema":{"@context":"https:\/\/schema.org","@graph":[{"@type":"WebPage","@id":"https:\/\/hoejskolenmors.dk\/fag\/forbered-dig-til-optagelsesproeven-i-skuespil-paa-den-danske-scenekunstskole\/","url":"https:\/\/hoejskolenmors.dk\/fag\/forbered-dig-til-optagelsesproeven-i-skuespil-paa-den-danske-scenekunstskole\/","name":"Forbered dig til Scenekunstskolens optagelsespr\u00f8ve","isPartOf":{"@id":"https:\/\/hoejskolenmors.dk\/#website"},"datePublished":"2020-05-15T10:25:17+00:00","dateModified":"2024-10-21T11:40:20+00:00","description":"Vil du have professionel tr\u00e6ning af en af branchens bedste undervisere, inden din pr\u00f8ve p\u00e5 scenekunstskolen? S\u00e5 skal du p\u00e5 H\u00f8jskolen Mors.","breadcrumb":{"@id":"https:\/\/hoejskolenmors.dk\/fag\/forbered-dig-til-optagelsesproeven-i-skuespil-paa-den-danske-scenekunstskole\/#breadcrumb"},"inLanguage":"en-GB","potentialAction":[{"@type":"ReadAction","target":["https:\/\/hoejskolenmors.dk\/fag\/forbered-dig-til-optagelsesproeven-i-skuespil-paa-den-danske-scenekunstskole\/"]}]},{"@type":"BreadcrumbList","@id":"https:\/\/hoejskolenmors.dk\/fag\/forbered-dig-til-optagelsesproeven-i-skuespil-paa-den-danske-scenekunstskole\/#breadcrumb","itemListElement":[{"@type":"ListItem","position":1,"name":"Home","item":"https:\/\/hoejskolenmors.dk\/"},{"@type":"ListItem","position":2,"name":"Fag","item":"https:\/\/hoejskolenmors.dk\/fag\/"},{"@type":"ListItem","position":3,"name":"Forbered dig til optagelsespr\u00f8ven i skuespil p\u00e5 Den Danske Scenekunstskole"}]},{"@type":"WebSite","@id":"https:\/\/hoejskolenmors.dk\/#website","url":"https:\/\/hoejskolenmors.dk\/","name":"H\u00f8jskolen Mors","description":"Culture at the top","publisher":{"@id":"https:\/\/hoejskolenmors.dk\/#organization"},"potentialAction":[{"@type":"SearchAction","target":{"@type":"EntryPoint","urlTemplate":"https:\/\/hoejskolenmors.dk\/?s={search_term_string}"},"query-input":{"@type":"PropertyValueSpecification","valueRequired":true,"valueName":"search_term_string"}}],"inLanguage":"en-GB"},{"@type":"Organization","@id":"https:\/\/hoejskolenmors.dk\/#organization","name":"H\u00f8jskolen Mors","url":"https:\/\/hoejskolenmors.dk\/","logo":{"@type":"ImageObject","inLanguage":"en-GB","@id":"https:\/\/hoejskolenmors.dk\/#\/schema\/logo\/image\/","url":"https:\/\/hoejskolenmors.dk\/wp-content\/uploads\/2017\/10\/Logo22.svg","contentUrl":"https:\/\/hoejskolenmors.dk\/wp-content\/uploads\/2017\/10\/Logo22.svg","width":1,"height":1,"caption":"H\u00f8jskolen Mors"},"image":{"@id":"https:\/\/hoejskolenmors.dk\/#\/schema\/logo\/image\/"},"sameAs":["https:\/\/www.facebook.com\/hojskolenmors\/","https:\/\/www.instagram.com\/hojskolenmors\/?hl=da","https:\/\/www.tiktok.com\/@hojskolenmors","https:\/\/www.linkedin.com\/company\/r-dding-h-jskole"]}]}},"_links":{"self":[{"href":"https:\/\/hoejskolenmors.dk\/en\/wp-json\/wp\/v2\/pages\/50821","targetHints":{"allow":["GET"]}}],"collection":[{"href":"https:\/\/hoejskolenmors.dk\/en\/wp-json\/wp\/v2\/pages"}],"about":[{"href":"https:\/\/hoejskolenmors.dk\/en\/wp-json\/wp\/v2\/types\/page"}],"author":[{"embeddable":true,"href":"https:\/\/hoejskolenmors.dk\/en\/wp-json\/wp\/v2\/users\/3"}],"replies":[{"embeddable":true,"href":"https:\/\/hoejskolenmors.dk\/en\/wp-json\/wp\/v2\/comments?post=50821"}],"version-history":[{"count":3,"href":"https:\/\/hoejskolenmors.dk\/en\/wp-json\/wp\/v2\/pages\/50821\/revisions"}],"predecessor-version":[{"id":54554,"href":"https:\/\/hoejskolenmors.dk\/en\/wp-json\/wp\/v2\/pages\/50821\/revisions\/54554"}],"up":[{"embeddable":true,"href":"https:\/\/hoejskolenmors.dk\/en\/wp-json\/wp\/v2\/pages\/46953"}],"wp:attachment":[{"href":"https:\/\/hoejskolenmors.dk\/en\/wp-json\/wp\/v2\/media?parent=50821"}],"curies":[{"name":"wp","href":"https:\/\/api.w.org\/{rel}","templated":true}]}}