{"id":50860,"date":"2020-05-25T15:58:21","date_gmt":"2020-05-25T13:58:21","guid":{"rendered":"https:\/\/hoejskolenmors.dk\/?page_id=50860"},"modified":"2022-06-22T07:53:10","modified_gmt":"2022-06-22T05:53:10","slug":"book-en-rundvisning","status":"publish","type":"page","link":"https:\/\/hoejskolenmors.dk\/en\/book-en-rundvisning\/","title":{"rendered":"BOOK A VIRTUAL TOUR"},"content":{"rendered":"\n\n\n[et_pb_section][et_pb_row][et_pb_column type=&#8221;4_4&#8243;][et_pb_text]<!-- divi:wp-live-chat-support\/wplc-chat-box -->\n<div id=\"wplc-chat-box\" class=\"wp-block-wp-live-chat-support-wplc-chat-box\">\t\t            \t<!-- Default HTML -->\r\n<div class=\"wplc_block\">\r\n\t<span class=\"wplc_block_logo\"><span class=\"wplc_block_logo lazyload\" style=\"background-image:inherit;\" data-bg-image=\"url(&#039;https:\/\/hoejskolenmors.dk\/wp-content\/plugins\/wp-live-chat-support\/images\/wplc_loading.png&#039;)\"><\/span><\/span>\r\n\t<span class=\"wplc_block_text\">Live Chat<\/span>\r\n\t<span class=\"wplc_block_icon\"><i class=\"fa fa-comment-dots\"><\/i><\/span>\r\n<\/div>\t\t            <\/div>\n<!-- \/divi:wp-live-chat-support\/wplc-chat-box -->\n\n<!-- divi:wp-live-chat-support\/wplc-inline-chat-box -->\n<div id=\"wplc-inline-chat-box\" class=\"wp-block-wp-live-chat-support-wplc-inline-chat-box\">[wplc_live_chat style=&#8221;undefined&#8221;]<\/div>\n<!-- \/divi:wp-live-chat-support\/wplc-inline-chat-box -->[\/et_pb_text][\/et_pb_column][\/et_pb_row][\/et_pb_section]\n\n\n","protected":false},"excerpt":{"rendered":"<p><div class=\"et_pb_section et_pb_section_0 et_section_regular\" >\n\t\t\t\t\n\t\t\t\t\n\t\t\t\t\n\t\t\t\t\n\t\t\t\t\n\t\t\t\t\n\t\t\t\t\n\t\t\t\t\n\t\t\t\t\n\t\t\t<\/div><div class=\"et_pb_row et_pb_row_0 et_pb_row_empty\">\n\t\t\t\t\n\t\t\t\t\n\t\t\t\t\n\t\t\t\t\n\t\t\t\t\n\t\t\t<\/div><div class=\"et_pb_module et_pb_text et_pb_text_0  et_pb_text_align_left et_pb_bg_layout_light\">\n\t\t\t\t\n\t\t\t\t\n\t\t\t\t\n\t\t\t\t\n\t\t\t\t\n\t\t\t<\/div> Live Chat [wplc_live_chat style=&#8221;undefined&#8221;]<\/p>\n","protected":false},"author":3,"featured_media":0,"parent":0,"menu_order":0,"comment_status":"closed","ping_status":"closed","template":"","meta":{"_et_pb_use_builder":"on","_et_pb_old_content":"<!-- wp:wp-live-chat-support\/wplc-chat-box -->\n<div id=\"wplc-chat-box\" class=\"wp-block-wp-live-chat-support-wplc-chat-box\">\t\t            \t<!-- Default HTML -->\r\n<div class=\"wplc_block\">\r\n\t<span class=\"wplc_block_logo\"><span class=\"wplc_block_logo\" style=\"background-image: url('https:\/\/hoejskolenmors.dk\/wp-content\/plugins\/wp-live-chat-support\/images\/wplc_loading.png');\"><\/span><\/span>\r\n\t<span class=\"wplc_block_text\">Live Chat<\/span>\r\n\t<span class=\"wplc_block_icon\"><i class=\"fa fa-comment-dots\"><\/i><\/span>\r\n<\/div>\t\t            <\/div>\n<!-- \/wp:wp-live-chat-support\/wplc-chat-box -->\n\n<!-- wp:wp-live-chat-support\/wplc-inline-chat-box -->\n<div id=\"wplc-inline-chat-box\" class=\"wp-block-wp-live-chat-support-wplc-inline-chat-box\">[wplc_live_chat style=\"undefined\"]<\/div>\n<!-- \/wp:wp-live-chat-support\/wplc-inline-chat-box -->","_et_gb_content_width":"","inline_featured_image":false,"footnotes":""},"class_list":["post-50860","page","type-page","status-publish","hentry"],"yoast_head":"<!-- This site is optimized with the Yoast SEO plugin v27.4 - https:\/\/yoast.com\/product\/yoast-seo-wordpress\/ -->\n<title>Book en rundvisning | H\u00f8jskolen Mors | Byg dit skema ud fra 25 fag<\/title>\n<meta name=\"description\" content=\"Kom og se h\u00f8jskolen, m\u00e6rk h\u00f8jskolestemningen, m\u00f8d eleverne og byg dit helt eget skema udefra 25 fede fag. Book en rundvisning allerede i dag!\" \/>\n<meta name=\"robots\" content=\"index, follow, max-snippet:-1, max-image-preview:large, max-video-preview:-1\" \/>\n<link rel=\"canonical\" href=\"https:\/\/hoejskolenmors.dk\/en\/book-en-rundvisning\/\" \/>\n<meta property=\"og:locale\" content=\"en_GB\" \/>\n<meta property=\"og:type\" content=\"article\" \/>\n<meta property=\"og:title\" content=\"Book en rundvisning | H\u00f8jskolen Mors | Byg dit skema ud fra 25 fag\" \/>\n<meta property=\"og:description\" content=\"Kom og se h\u00f8jskolen, m\u00e6rk h\u00f8jskolestemningen, m\u00f8d eleverne og byg dit helt eget skema udefra 25 fede fag. Book en rundvisning allerede i dag!\" \/>\n<meta property=\"og:url\" content=\"https:\/\/hoejskolenmors.dk\/en\/book-en-rundvisning\/\" \/>\n<meta property=\"og:site_name\" content=\"H\u00f8jskolen Mors\" \/>\n<meta property=\"article:publisher\" content=\"https:\/\/www.facebook.com\/hojskolenmors\/\" \/>\n<meta property=\"article:modified_time\" content=\"2022-06-22T05:53:10+00:00\" \/>\n<meta name=\"twitter:card\" content=\"summary_large_image\" \/>\n<meta name=\"twitter:label1\" content=\"Estimated reading time\" \/>\n\t<meta name=\"twitter:data1\" content=\"1 minute\" \/>\n<script type=\"application\/ld+json\" class=\"yoast-schema-graph\">{\"@context\":\"https:\\\/\\\/schema.org\",\"@graph\":[{\"@type\":\"WebPage\",\"@id\":\"https:\\\/\\\/hoejskolenmors.dk\\\/book-en-rundvisning\\\/\",\"url\":\"https:\\\/\\\/hoejskolenmors.dk\\\/book-en-rundvisning\\\/\",\"name\":\"Book en rundvisning | H\u00f8jskolen Mors | Byg dit skema ud fra 25 fag\",\"isPartOf\":{\"@id\":\"https:\\\/\\\/hoejskolenmors.dk\\\/#website\"},\"datePublished\":\"2020-05-25T13:58:21+00:00\",\"dateModified\":\"2022-06-22T05:53:10+00:00\",\"description\":\"Kom og se h\u00f8jskolen, m\u00e6rk h\u00f8jskolestemningen, m\u00f8d eleverne og byg dit helt eget skema udefra 25 fede fag. Book en rundvisning allerede i dag!\",\"breadcrumb\":{\"@id\":\"https:\\\/\\\/hoejskolenmors.dk\\\/book-en-rundvisning\\\/#breadcrumb\"},\"inLanguage\":\"en-GB\",\"potentialAction\":[{\"@type\":\"ReadAction\",\"target\":[\"https:\\\/\\\/hoejskolenmors.dk\\\/book-en-rundvisning\\\/\"]}]},{\"@type\":\"BreadcrumbList\",\"@id\":\"https:\\\/\\\/hoejskolenmors.dk\\\/book-en-rundvisning\\\/#breadcrumb\",\"itemListElement\":[{\"@type\":\"ListItem\",\"position\":1,\"name\":\"Home\",\"item\":\"https:\\\/\\\/hoejskolenmors.dk\\\/\"},{\"@type\":\"ListItem\",\"position\":2,\"name\":\"Book en rundvisning\"}]},{\"@type\":\"WebSite\",\"@id\":\"https:\\\/\\\/hoejskolenmors.dk\\\/#website\",\"url\":\"https:\\\/\\\/hoejskolenmors.dk\\\/\",\"name\":\"H\u00f8jskolen Mors\",\"description\":\"Kultur p\u00e5 toppen\",\"publisher\":{\"@id\":\"https:\\\/\\\/hoejskolenmors.dk\\\/#organization\"},\"potentialAction\":[{\"@type\":\"SearchAction\",\"target\":{\"@type\":\"EntryPoint\",\"urlTemplate\":\"https:\\\/\\\/hoejskolenmors.dk\\\/?s={search_term_string}\"},\"query-input\":{\"@type\":\"PropertyValueSpecification\",\"valueRequired\":true,\"valueName\":\"search_term_string\"}}],\"inLanguage\":\"en-GB\"},{\"@type\":\"Organization\",\"@id\":\"https:\\\/\\\/hoejskolenmors.dk\\\/#organization\",\"name\":\"H\u00f8jskolen Mors\",\"url\":\"https:\\\/\\\/hoejskolenmors.dk\\\/\",\"logo\":{\"@type\":\"ImageObject\",\"inLanguage\":\"en-GB\",\"@id\":\"https:\\\/\\\/hoejskolenmors.dk\\\/#\\\/schema\\\/logo\\\/image\\\/\",\"url\":\"https:\\\/\\\/hoejskolenmors.dk\\\/wp-content\\\/uploads\\\/2017\\\/10\\\/Logo22.svg\",\"contentUrl\":\"https:\\\/\\\/hoejskolenmors.dk\\\/wp-content\\\/uploads\\\/2017\\\/10\\\/Logo22.svg\",\"width\":1,\"height\":1,\"caption\":\"H\u00f8jskolen Mors\"},\"image\":{\"@id\":\"https:\\\/\\\/hoejskolenmors.dk\\\/#\\\/schema\\\/logo\\\/image\\\/\"},\"sameAs\":[\"https:\\\/\\\/www.facebook.com\\\/hojskolenmors\\\/\",\"https:\\\/\\\/www.instagram.com\\\/hojskolenmors\\\/?hl=da\",\"https:\\\/\\\/www.tiktok.com\\\/@hojskolenmors\",\"https:\\\/\\\/www.linkedin.com\\\/company\\\/r-dding-h-jskole\"]}]}<\/script>\n<!-- \/ Yoast SEO plugin. -->","yoast_head_json":{"title":"Book en rundvisning | H\u00f8jskolen Mors | Byg dit skema ud fra 25 fag","description":"Kom og se h\u00f8jskolen, m\u00e6rk h\u00f8jskolestemningen, m\u00f8d eleverne og byg dit helt eget skema udefra 25 fede fag. Book en rundvisning allerede i dag!","robots":{"index":"index","follow":"follow","max-snippet":"max-snippet:-1","max-image-preview":"max-image-preview:large","max-video-preview":"max-video-preview:-1"},"canonical":"https:\/\/hoejskolenmors.dk\/en\/book-en-rundvisning\/","og_locale":"en_GB","og_type":"article","og_title":"Book en rundvisning | H\u00f8jskolen Mors | Byg dit skema ud fra 25 fag","og_description":"Kom og se h\u00f8jskolen, m\u00e6rk h\u00f8jskolestemningen, m\u00f8d eleverne og byg dit helt eget skema udefra 25 fede fag. Book en rundvisning allerede i dag!","og_url":"https:\/\/hoejskolenmors.dk\/en\/book-en-rundvisning\/","og_site_name":"H\u00f8jskolen Mors","article_publisher":"https:\/\/www.facebook.com\/hojskolenmors\/","article_modified_time":"2022-06-22T05:53:10+00:00","twitter_card":"summary_large_image","twitter_misc":{"Estimated reading time":"1 minute"},"schema":{"@context":"https:\/\/schema.org","@graph":[{"@type":"WebPage","@id":"https:\/\/hoejskolenmors.dk\/book-en-rundvisning\/","url":"https:\/\/hoejskolenmors.dk\/book-en-rundvisning\/","name":"Book en rundvisning | H\u00f8jskolen Mors | Byg dit skema ud fra 25 fag","isPartOf":{"@id":"https:\/\/hoejskolenmors.dk\/#website"},"datePublished":"2020-05-25T13:58:21+00:00","dateModified":"2022-06-22T05:53:10+00:00","description":"Kom og se h\u00f8jskolen, m\u00e6rk h\u00f8jskolestemningen, m\u00f8d eleverne og byg dit helt eget skema udefra 25 fede fag. Book en rundvisning allerede i dag!","breadcrumb":{"@id":"https:\/\/hoejskolenmors.dk\/book-en-rundvisning\/#breadcrumb"},"inLanguage":"en-GB","potentialAction":[{"@type":"ReadAction","target":["https:\/\/hoejskolenmors.dk\/book-en-rundvisning\/"]}]},{"@type":"BreadcrumbList","@id":"https:\/\/hoejskolenmors.dk\/book-en-rundvisning\/#breadcrumb","itemListElement":[{"@type":"ListItem","position":1,"name":"Home","item":"https:\/\/hoejskolenmors.dk\/"},{"@type":"ListItem","position":2,"name":"Book en rundvisning"}]},{"@type":"WebSite","@id":"https:\/\/hoejskolenmors.dk\/#website","url":"https:\/\/hoejskolenmors.dk\/","name":"H\u00f8jskolen Mors","description":"Culture at the top","publisher":{"@id":"https:\/\/hoejskolenmors.dk\/#organization"},"potentialAction":[{"@type":"SearchAction","target":{"@type":"EntryPoint","urlTemplate":"https:\/\/hoejskolenmors.dk\/?s={search_term_string}"},"query-input":{"@type":"PropertyValueSpecification","valueRequired":true,"valueName":"search_term_string"}}],"inLanguage":"en-GB"},{"@type":"Organization","@id":"https:\/\/hoejskolenmors.dk\/#organization","name":"H\u00f8jskolen Mors","url":"https:\/\/hoejskolenmors.dk\/","logo":{"@type":"ImageObject","inLanguage":"en-GB","@id":"https:\/\/hoejskolenmors.dk\/#\/schema\/logo\/image\/","url":"https:\/\/hoejskolenmors.dk\/wp-content\/uploads\/2017\/10\/Logo22.svg","contentUrl":"https:\/\/hoejskolenmors.dk\/wp-content\/uploads\/2017\/10\/Logo22.svg","width":1,"height":1,"caption":"H\u00f8jskolen Mors"},"image":{"@id":"https:\/\/hoejskolenmors.dk\/#\/schema\/logo\/image\/"},"sameAs":["https:\/\/www.facebook.com\/hojskolenmors\/","https:\/\/www.instagram.com\/hojskolenmors\/?hl=da","https:\/\/www.tiktok.com\/@hojskolenmors","https:\/\/www.linkedin.com\/company\/r-dding-h-jskole"]}]}},"_links":{"self":[{"href":"https:\/\/hoejskolenmors.dk\/en\/wp-json\/wp\/v2\/pages\/50860","targetHints":{"allow":["GET"]}}],"collection":[{"href":"https:\/\/hoejskolenmors.dk\/en\/wp-json\/wp\/v2\/pages"}],"about":[{"href":"https:\/\/hoejskolenmors.dk\/en\/wp-json\/wp\/v2\/types\/page"}],"author":[{"embeddable":true,"href":"https:\/\/hoejskolenmors.dk\/en\/wp-json\/wp\/v2\/users\/3"}],"replies":[{"embeddable":true,"href":"https:\/\/hoejskolenmors.dk\/en\/wp-json\/wp\/v2\/comments?post=50860"}],"version-history":[{"count":3,"href":"https:\/\/hoejskolenmors.dk\/en\/wp-json\/wp\/v2\/pages\/50860\/revisions"}],"predecessor-version":[{"id":50876,"href":"https:\/\/hoejskolenmors.dk\/en\/wp-json\/wp\/v2\/pages\/50860\/revisions\/50876"}],"wp:attachment":[{"href":"https:\/\/hoejskolenmors.dk\/en\/wp-json\/wp\/v2\/media?parent=50860"}],"curies":[{"name":"wp","href":"https:\/\/api.w.org\/{rel}","templated":true}]}}