{"id":51296,"date":"2020-09-19T14:55:35","date_gmt":"2020-09-19T12:55:35","guid":{"rendered":"https:\/\/hoejskolenmors.dk\/?page_id=51296"},"modified":"2024-10-21T13:54:59","modified_gmt":"2024-10-21T11:54:59","slug":"om-fortaelle-akademiet","status":"publish","type":"page","link":"https:\/\/hoejskolenmors.dk\/en\/om-fortaelle-akademiet\/","title":{"rendered":"Om Fort\u00e6lle Akademiet"},"content":{"rendered":"<p>[et_pb_section fb_built=&#8221;1&#8243; admin_label=&#8221;Page Title Section&#8221; _builder_version=&#8221;4.16&#8243; use_background_color_gradient=&#8221;on&#8221; background_color_gradient_direction=&#8221;120deg&#8221; background_color_gradient_stops=&#8221;#000000 0%|rgba(0,0,0,0) 100%&#8221; background_color_gradient_overlays_image=&#8221;on&#8221; background_color_gradient_start=&#8221;#000000&#8243; background_color_gradient_end=&#8221;rgba(0,0,0,0)&#8221; background_image=&#8221;https:\/\/hoejskolenmors.dk\/wp-content\/uploads\/2020\/09\/fortaelleakademiet.jpeg&#8221; background_position=&#8221;top_center&#8221; custom_padding=&#8221;1px||1px||true|&#8221; global_colors_info=&#8221;{}&#8221;][et_pb_row column_structure=&#8221;2_3,1_3&#8243; admin_label=&#8221;Page Title Area&#8221; _builder_version=&#8221;4.16&#8243; background_size=&#8221;initial&#8221; background_position=&#8221;top_left&#8221; background_repeat=&#8221;repeat&#8221; width=&#8221;91.8%&#8221; custom_padding=&#8221;31px|||||&#8221; global_colors_info=&#8221;{}&#8221;][et_pb_column type=&#8221;2_3&#8243; _builder_version=&#8221;4.16&#8243; custom_padding=&#8221;|||&#8221; global_colors_info=&#8221;{}&#8221; custom_padding__hover=&#8221;|||&#8221;][et_pb_text admin_label=&#8221;Title&#8221; _builder_version=&#8221;4.16&#8243; text_font=&#8221;||||||||&#8221; header_font=&#8221;Oswald|300||on|||||&#8221; header_font_size=&#8221;64px&#8221; header_letter_spacing=&#8221;4px&#8221; header_line_height=&#8221;1.2em&#8221; header_2_font=&#8221;||||||||&#8221; background_layout=&#8221;dark&#8221; width=&#8221;99.9%&#8221; custom_margin=&#8221;||20px|-1px||&#8221; custom_padding=&#8221;|4px||0px||&#8221; animation_style=&#8221;fade&#8221; header_font_size_tablet=&#8221;&#8221; header_font_size_phone=&#8221;40px&#8221; header_font_size_last_edited=&#8221;on|desktop&#8221; header_2_font_size_last_edited=&#8221;off|desktop&#8221; inline_fonts=&#8221;Abel&#8221; global_colors_info=&#8221;{}&#8221;]<\/p>\n<h1>fort\u00e6lle akademiet<br \/><span style=\"font-size: xx-large;\">Fort\u00e6lleruddannelse -2023 -2025<\/span><\/h1>\n<h4><span style=\"font-family: Abel; font-weight: normal;\"><span style=\"font-size: xx-large;\">8 moduler af 4 d\u00f8gn over 2 \u00e5r<\/span>\u00a0<\/span><\/h4>\n<p><span style=\"font-size: 16px;\">\u00a0<\/span><\/p>\n<p>[\/et_pb_text][\/et_pb_column][et_pb_column type=&#8221;1_3&#8243; _builder_version=&#8221;4.16&#8243; custom_padding=&#8221;|||&#8221; global_colors_info=&#8221;{}&#8221; custom_padding__hover=&#8221;|||&#8221;][\/et_pb_column][\/et_pb_row][\/et_pb_section][et_pb_section fb_built=&#8221;1&#8243; admin_label=&#8221;Class Details Section&#8221; _builder_version=&#8221;4.16&#8243; custom_padding=&#8221;90px||90px|&#8221; global_colors_info=&#8221;{}&#8221;][et_pb_row admin_label=&#8221;Course Overview Area &#8221; _builder_version=&#8221;4.16&#8243; custom_margin=&#8221;|||&#8221; custom_padding=&#8221;|||&#8221; global_colors_info=&#8221;{}&#8221;][et_pb_column type=&#8221;4_4&#8243; _builder_version=&#8221;4.16&#8243; custom_padding=&#8221;|||&#8221; global_colors_info=&#8221;{}&#8221; custom_padding__hover=&#8221;|||&#8221;][et_pb_text admin_label=&#8221;Title&#8221; _builder_version=&#8221;4.16&#8243; header_font=&#8221;Oswald|||on|||||&#8221; header_3_font=&#8221;Poppins|600|||||||&#8221; header_3_line_height=&#8221;1.2em&#8221; custom_margin=&#8221;||20px|&#8221; animation_style=&#8221;fade&#8221; global_colors_info=&#8221;{}&#8221;]<\/p>\n<h1 class=\"tw-data-text tw-ta tw-text-medium\" data-placeholder=\"Translation\" id=\"tw-target-text\" dir=\"ltr\" style=\"text-align: center;\"><span lang=\"da\" tabindex=\"0\">kursusoversigt<\/span>:<\/h1>\n<p>[\/et_pb_text][et_pb_text _builder_version=&#8221;4.16&#8243; text_font=&#8221;Roboto|300|||||||&#8221; text_text_color=&#8221;#000000&#8243; text_line_height=&#8221;1.8em&#8221; header_font=&#8221;||||||||&#8221; header_3_font=&#8221;||||||||&#8221; animation_style=&#8221;fade&#8221; global_colors_info=&#8221;{}&#8221;]<\/p>\n<p style=\"text-align: center;\">Fort\u00e6lle Akademiet p\u00e5 H\u00f8jskolen Mors tilbyder fordybelse og udfordringer for enhver, der \u00f8nsker at udvikle fort\u00e6llinger og fort\u00e6llestil, hvad enten du allerede er fort\u00e6ller eller gerne vil l\u00e6re at fort\u00e6lle.<\/p>\n<p style=\"text-align: center;\">Den\u00a0 30. August begynder et nyt sp\u00e6ndende og l\u00e6rerigt forl\u00f8b, hvor du kan f\u00e5 redskaber til bruge mundtlig fort\u00e6lling i mange sammenh\u00e6nge, b\u00e5de som formidling og som kunstnerisk udtryksform. Det foreg\u00e5r i et trygt og inspirerende milj\u00f8 p\u00e5 <span style=\"color: #0a0a0a;\"><a href=\"https:\/\/hoejskolenmors.dk\" style=\"color: #0a0a0a;\">H\u00f8jskole<\/a><\/span>n Mors.<\/p>\n<p style=\"text-align: center;\">Fort\u00e6lle Akademiet indeholder 8 moduler \u00e1 4 d\u00f8gn over 2 \u00e5r. Du v\u00e6lger selv om du \u00f8nsker at deltage p\u00e5 alle 8 moduler eller enkelte moduler, der indeholder lige det du har brug for. De mange sp\u00e6ndende undervisere er alle ud\u00f8vende fort\u00e6llere.<\/p>\n<p style=\"text-align: center;\"><span style=\"font-size: 16px;\">Vi gl\u00e6der os til at se dig p\u00e5 \u00f8en bag havet!<\/span><\/p>\n<p style=\"text-align: center;\">Else Mathiasssen, kursusleder, fort\u00e6ller, danser og foredragsholder<br \/>Mette Damiri og Nikolai Seidelin, forstandere p\u00e5 H\u00f8jskolen Mors<\/p>\n<h1 style=\"text-align: center;\"><span style=\"font-size: x-large;\">L\u00e6s mere om program og undervisere: <span style=\"color: #0c71c3;\"><a href=\"https:\/\/fortaelleakademiet.dk\/\" style=\"color: #0c71c3;\">\u00a0<span style=\"text-decoration: underline;\">Fort\u00e6lleakademiet<\/span><\/a><\/span>\u00a0<\/span>\u00a0<\/h1>\n<p>&nbsp;<\/p>\n<p>[\/et_pb_text][\/et_pb_column][\/et_pb_row][\/et_pb_section][et_pb_section fb_built=&#8221;1&#8243; admin_label=&#8221;Borwse More Course Section&#8221; _builder_version=&#8221;4.16&#8243; background_color=&#8221;#282624&#8243; global_colors_info=&#8221;{}&#8221;][et_pb_row admin_label=&#8221;Browse More Course Area &#8221; _builder_version=&#8221;4.16&#8243; global_colors_info=&#8221;{}&#8221;][et_pb_column type=&#8221;4_4&#8243; _builder_version=&#8221;4.16&#8243; custom_padding=&#8221;|||&#8221; global_colors_info=&#8221;{}&#8221; custom_padding__hover=&#8221;|||&#8221;][et_pb_button button_url=&#8221;https:\/\/hoejskolenmors.dk\/?page_id=46947&#8243; button_text=&#8221;Se flere kurser&#8221; button_alignment=&#8221;center&#8221; _builder_version=&#8221;4.16&#8243; custom_button=&#8221;on&#8221; button_text_size=&#8221;18px&#8221; button_text_color=&#8221;#ffffff&#8221; button_bg_color=&#8221;#282624&#8243; button_border_width=&#8221;8px&#8221; button_border_color=&#8221;#282624&#8243; button_border_radius=&#8221;0px&#8221; button_letter_spacing=&#8221;2px&#8221; button_font=&#8221;Poppins|600||on|||||&#8221; button_icon=&#8221;&#x24;||divi||400&#8243; animation_style=&#8221;fade&#8221; global_colors_info=&#8221;{}&#8221; button_text_size__hover_enabled=&#8221;off&#8221; button_one_text_size__hover_enabled=&#8221;off&#8221; button_two_text_size__hover_enabled=&#8221;off&#8221; button_text_color__hover_enabled=&#8221;off&#8221; button_one_text_color__hover_enabled=&#8221;off&#8221; button_two_text_color__hover_enabled=&#8221;off&#8221; button_border_width__hover_enabled=&#8221;off&#8221; button_one_border_width__hover_enabled=&#8221;off&#8221; button_two_border_width__hover_enabled=&#8221;off&#8221; button_border_color__hover_enabled=&#8221;off&#8221; button_one_border_color__hover_enabled=&#8221;off&#8221; button_two_border_color__hover_enabled=&#8221;off&#8221; button_border_radius__hover_enabled=&#8221;off&#8221; button_one_border_radius__hover_enabled=&#8221;off&#8221; button_two_border_radius__hover_enabled=&#8221;off&#8221; button_letter_spacing__hover_enabled=&#8221;off&#8221; button_one_letter_spacing__hover_enabled=&#8221;off&#8221; button_two_letter_spacing__hover_enabled=&#8221;off&#8221; button_bg_color__hover_enabled=&#8221;off&#8221; button_one_bg_color__hover_enabled=&#8221;off&#8221; button_two_bg_color__hover_enabled=&#8221;off&#8221;][\/et_pb_button][\/et_pb_column][\/et_pb_row][\/et_pb_section][et_pb_section fb_built=&#8221;1&#8243; _builder_version=&#8221;4.27.0&#8243; background_color=&#8221;#000000&#8243; min_height=&#8221;291px&#8221; custom_margin=&#8221;0px||||false|false&#8221; custom_padding=&#8221;71px|0px|71px|0px|true|false&#8221; global_module=&#8221;46760&#8243; saved_tabs=&#8221;all&#8221; global_colors_info=&#8221;{}&#8221;][et_pb_row _builder_version=&#8221;4.16&#8243; global_colors_info=&#8221;{}&#8221;][et_pb_column type=&#8221;4_4&#8243; _builder_version=&#8221;4.16&#8243; background_color=&#8221;#000000&#8243; custom_padding=&#8221;|||&#8221; global_colors_info=&#8221;{}&#8221; custom_padding__hover=&#8221;|||&#8221;][et_pb_social_media_follow _builder_version=&#8221;4.27.0&#8243; text_orientation=&#8221;center&#8221; global_colors_info=&#8221;{}&#8221;][et_pb_social_media_follow_network social_network=&#8221;facebook&#8221; url=&#8221;https:\/\/www.facebook.com\/hojskolenmors\/&#8221; icon_color=&#8221;#ffffff&#8221; _builder_version=&#8221;4.16&#8243; background_color=&#8221;#000000&#8243; custom_margin=&#8221;|8px||8px&#8221; custom_padding=&#8221;14px|14px|14px|14px&#8221; border_radii=&#8221;on|100px|100px|100px|100px&#8221; border_width_all=&#8221;2px&#8221; border_color_all=&#8221;#ffffff&#8221; global_colors_info=&#8221;{}&#8221; follow_button=&#8221;off&#8221; url_new_window=&#8221;on&#8221;]facebook[\/et_pb_social_media_follow_network][et_pb_social_media_follow_network social_network=&#8221;instagram&#8221; url=&#8221;https:\/\/www.instagram.com\/hojskolenmors\/&#8221; _builder_version=&#8221;4.27.0&#8243; background_color=&#8221;#000000&#8243; custom_margin=&#8221;|8px||8px&#8221; custom_padding=&#8221;14px|14px|14px|14px&#8221; border_radii=&#8221;on|100px|100px|100px|100px&#8221; border_width_all=&#8221;2px&#8221; border_color_all=&#8221;#ffffff&#8221; global_colors_info=&#8221;{}&#8221; follow_button=&#8221;off&#8221; url_new_window=&#8221;on&#8221;]instagram[\/et_pb_social_media_follow_network][et_pb_social_media_follow_network social_network=&#8221;tiktok&#8221; url=&#8221;https:\/\/www.tiktok.com\/@hojskolenmors&#8221; _builder_version=&#8221;4.27.0&#8243; background_color=&#8221;#000000&#8243; background_enable_color=&#8221;on&#8221; custom_margin=&#8221;|8px||8px&#8221; custom_padding=&#8221;14px|14px|14px|14px&#8221; border_radii=&#8221;on|100px|100px|100px|100px&#8221; border_width_all=&#8221;2px&#8221; border_color_all=&#8221;#ffffff&#8221; global_colors_info=&#8221;{}&#8221; follow_button=&#8221;off&#8221; url_new_window=&#8221;on&#8221;]tiktok[\/et_pb_social_media_follow_network][\/et_pb_social_media_follow][\/et_pb_column][\/et_pb_row][et_pb_row _builder_version=&#8221;4.16&#8243; global_colors_info=&#8221;{}&#8221;][et_pb_column type=&#8221;4_4&#8243; _builder_version=&#8221;4.16&#8243; global_colors_info=&#8221;{}&#8221;][et_pb_text _builder_version=&#8221;4.27.0&#8243; text_orientation=&#8221;center&#8221; global_colors_info=&#8221;{}&#8221;]<span style=\"font-size: medium;\">H\u00f8jskolen Mors\u00a0\u2022 Salgerh\u00f8jvej 36\u00a0\u2022 7900 Nyk\u00f8bing Mors\u00a0<\/span><\/p>\n<p><span style=\"font-size: medium;\">Mail: <a href=\"mailto:info@hoejskolenmors.dk\">info@hoejskolenmors.dk<\/a>\u00a0<\/span><\/p>\n<p><span style=\"font-size: medium;\">Tel. +45 88 77 97 20<\/span><\/p>\n<p><span style=\"font-size: medium;\">cvr. nr. 40073507 \u2022 Reg. 9133 Kontonr. 0002000693 \u2022 EAN:5790002725647<\/span>[\/et_pb_text][et_pb_text _builder_version=&#8221;4.27.0&#8243; text_font=&#8221;Poppins||||||||&#8221; text_text_color=&#8221;#ffffff&#8221; link_font=&#8221;Poppins||||||||&#8221; link_text_color=&#8221;#ffffff&#8221; link_font_size=&#8221;12px&#8221; text_orientation=&#8221;center&#8221; text_font_size_tablet=&#8221;&#8221; text_font_size_phone=&#8221;12px&#8221; text_font_size_last_edited=&#8221;on|phone&#8221; global_colors_info=&#8221;{}&#8221;]<\/p>\n<p><span>\u00a9Hoejskolenmors.dk |\u00a0<\/span><span>Web design:<strong>\u00a0<\/strong><\/span><strong><a href=\"http:\/\/www.radesign.dk\/\" target=\"_blank\" rel=\"nofollow noopener noreferrer\">RADESIGN<\/a><\/strong><\/p>\n<p>[\/et_pb_text][\/et_pb_column][\/et_pb_row][\/et_pb_section]<\/p>\n","protected":false},"excerpt":{"rendered":"<p>fort\u00e6lle akademietFort\u00e6lleruddannelse -2023 -2025 8 moduler af 4 d\u00f8gn over 2 \u00e5r\u00a0 \u00a0kursusoversigt:Fort\u00e6lle Akademiet p\u00e5 H\u00f8jskolen Mors tilbyder fordybelse og udfordringer for enhver, der \u00f8nsker at udvikle fort\u00e6llinger og fort\u00e6llestil, hvad enten du allerede er fort\u00e6ller eller gerne vil l\u00e6re at fort\u00e6lle. Den\u00a0 30. August begynder et nyt sp\u00e6ndende og l\u00e6rerigt forl\u00f8b, hvor du kan [&hellip;]<\/p>\n","protected":false},"author":3,"featured_media":0,"parent":0,"menu_order":0,"comment_status":"closed","ping_status":"closed","template":"","meta":{"_et_pb_use_builder":"on","_et_pb_old_content":"","_et_gb_content_width":"","inline_featured_image":false,"footnotes":""},"class_list":["post-51296","page","type-page","status-publish","hentry"],"yoast_head":"<!-- This site is optimized with the Yoast SEO plugin v27.4 - https:\/\/yoast.com\/product\/yoast-seo-wordpress\/ -->\n<title>Om Fort\u00e6lle Akademiet<\/title>\n<meta name=\"robots\" content=\"index, follow, max-snippet:-1, max-image-preview:large, max-video-preview:-1\" \/>\n<link rel=\"canonical\" href=\"https:\/\/hoejskolenmors.dk\/en\/om-fortaelle-akademiet\/\" \/>\n<meta property=\"og:locale\" content=\"en_GB\" \/>\n<meta property=\"og:type\" content=\"article\" \/>\n<meta property=\"og:title\" content=\"Om Fort\u00e6lle Akademiet\" \/>\n<meta property=\"og:description\" content=\"fort\u00e6lle akademietFort\u00e6lleruddannelse -2023 -2025 8 moduler af 4 d\u00f8gn over 2 \u00e5r\u00a0 \u00a0kursusoversigt:Fort\u00e6lle Akademiet p\u00e5 H\u00f8jskolen Mors tilbyder fordybelse og udfordringer for enhver, der \u00f8nsker at udvikle fort\u00e6llinger og fort\u00e6llestil, hvad enten du allerede er fort\u00e6ller eller gerne vil l\u00e6re at fort\u00e6lle. Den\u00a0 30. August begynder et nyt sp\u00e6ndende og l\u00e6rerigt forl\u00f8b, hvor du kan [&hellip;]\" \/>\n<meta property=\"og:url\" content=\"https:\/\/hoejskolenmors.dk\/en\/om-fortaelle-akademiet\/\" \/>\n<meta property=\"og:site_name\" content=\"H\u00f8jskolen Mors\" \/>\n<meta property=\"article:publisher\" content=\"https:\/\/www.facebook.com\/hojskolenmors\/\" \/>\n<meta property=\"article:modified_time\" content=\"2024-10-21T11:54:59+00:00\" \/>\n<meta name=\"twitter:card\" content=\"summary_large_image\" \/>\n<meta name=\"twitter:label1\" content=\"Estimated reading time\" \/>\n\t<meta name=\"twitter:data1\" content=\"6 minutes\" \/>\n<script type=\"application\/ld+json\" class=\"yoast-schema-graph\">{\"@context\":\"https:\\\/\\\/schema.org\",\"@graph\":[{\"@type\":\"WebPage\",\"@id\":\"https:\\\/\\\/hoejskolenmors.dk\\\/om-fortaelle-akademiet\\\/\",\"url\":\"https:\\\/\\\/hoejskolenmors.dk\\\/om-fortaelle-akademiet\\\/\",\"name\":\"Om Fort\u00e6lle Akademiet\",\"isPartOf\":{\"@id\":\"https:\\\/\\\/hoejskolenmors.dk\\\/#website\"},\"datePublished\":\"2020-09-19T12:55:35+00:00\",\"dateModified\":\"2024-10-21T11:54:59+00:00\",\"breadcrumb\":{\"@id\":\"https:\\\/\\\/hoejskolenmors.dk\\\/om-fortaelle-akademiet\\\/#breadcrumb\"},\"inLanguage\":\"en-GB\",\"potentialAction\":[{\"@type\":\"ReadAction\",\"target\":[\"https:\\\/\\\/hoejskolenmors.dk\\\/om-fortaelle-akademiet\\\/\"]}]},{\"@type\":\"BreadcrumbList\",\"@id\":\"https:\\\/\\\/hoejskolenmors.dk\\\/om-fortaelle-akademiet\\\/#breadcrumb\",\"itemListElement\":[{\"@type\":\"ListItem\",\"position\":1,\"name\":\"Home\",\"item\":\"https:\\\/\\\/hoejskolenmors.dk\\\/\"},{\"@type\":\"ListItem\",\"position\":2,\"name\":\"Om Fort\u00e6lle Akademiet\"}]},{\"@type\":\"WebSite\",\"@id\":\"https:\\\/\\\/hoejskolenmors.dk\\\/#website\",\"url\":\"https:\\\/\\\/hoejskolenmors.dk\\\/\",\"name\":\"H\u00f8jskolen Mors\",\"description\":\"Kultur p\u00e5 toppen\",\"publisher\":{\"@id\":\"https:\\\/\\\/hoejskolenmors.dk\\\/#organization\"},\"potentialAction\":[{\"@type\":\"SearchAction\",\"target\":{\"@type\":\"EntryPoint\",\"urlTemplate\":\"https:\\\/\\\/hoejskolenmors.dk\\\/?s={search_term_string}\"},\"query-input\":{\"@type\":\"PropertyValueSpecification\",\"valueRequired\":true,\"valueName\":\"search_term_string\"}}],\"inLanguage\":\"en-GB\"},{\"@type\":\"Organization\",\"@id\":\"https:\\\/\\\/hoejskolenmors.dk\\\/#organization\",\"name\":\"H\u00f8jskolen Mors\",\"url\":\"https:\\\/\\\/hoejskolenmors.dk\\\/\",\"logo\":{\"@type\":\"ImageObject\",\"inLanguage\":\"en-GB\",\"@id\":\"https:\\\/\\\/hoejskolenmors.dk\\\/#\\\/schema\\\/logo\\\/image\\\/\",\"url\":\"https:\\\/\\\/hoejskolenmors.dk\\\/wp-content\\\/uploads\\\/2017\\\/10\\\/Logo22.svg\",\"contentUrl\":\"https:\\\/\\\/hoejskolenmors.dk\\\/wp-content\\\/uploads\\\/2017\\\/10\\\/Logo22.svg\",\"width\":1,\"height\":1,\"caption\":\"H\u00f8jskolen Mors\"},\"image\":{\"@id\":\"https:\\\/\\\/hoejskolenmors.dk\\\/#\\\/schema\\\/logo\\\/image\\\/\"},\"sameAs\":[\"https:\\\/\\\/www.facebook.com\\\/hojskolenmors\\\/\",\"https:\\\/\\\/www.instagram.com\\\/hojskolenmors\\\/?hl=da\",\"https:\\\/\\\/www.tiktok.com\\\/@hojskolenmors\",\"https:\\\/\\\/www.linkedin.com\\\/company\\\/r-dding-h-jskole\"]}]}<\/script>\n<!-- \/ Yoast SEO plugin. -->","yoast_head_json":{"title":"Om Fort\u00e6lle Akademiet","robots":{"index":"index","follow":"follow","max-snippet":"max-snippet:-1","max-image-preview":"max-image-preview:large","max-video-preview":"max-video-preview:-1"},"canonical":"https:\/\/hoejskolenmors.dk\/en\/om-fortaelle-akademiet\/","og_locale":"en_GB","og_type":"article","og_title":"Om Fort\u00e6lle Akademiet","og_description":"fort\u00e6lle akademietFort\u00e6lleruddannelse -2023 -2025 8 moduler af 4 d\u00f8gn over 2 \u00e5r\u00a0 \u00a0kursusoversigt:Fort\u00e6lle Akademiet p\u00e5 H\u00f8jskolen Mors tilbyder fordybelse og udfordringer for enhver, der \u00f8nsker at udvikle fort\u00e6llinger og fort\u00e6llestil, hvad enten du allerede er fort\u00e6ller eller gerne vil l\u00e6re at fort\u00e6lle. Den\u00a0 30. August begynder et nyt sp\u00e6ndende og l\u00e6rerigt forl\u00f8b, hvor du kan [&hellip;]","og_url":"https:\/\/hoejskolenmors.dk\/en\/om-fortaelle-akademiet\/","og_site_name":"H\u00f8jskolen Mors","article_publisher":"https:\/\/www.facebook.com\/hojskolenmors\/","article_modified_time":"2024-10-21T11:54:59+00:00","twitter_card":"summary_large_image","twitter_misc":{"Estimated reading time":"6 minutes"},"schema":{"@context":"https:\/\/schema.org","@graph":[{"@type":"WebPage","@id":"https:\/\/hoejskolenmors.dk\/om-fortaelle-akademiet\/","url":"https:\/\/hoejskolenmors.dk\/om-fortaelle-akademiet\/","name":"Om Fort\u00e6lle Akademiet","isPartOf":{"@id":"https:\/\/hoejskolenmors.dk\/#website"},"datePublished":"2020-09-19T12:55:35+00:00","dateModified":"2024-10-21T11:54:59+00:00","breadcrumb":{"@id":"https:\/\/hoejskolenmors.dk\/om-fortaelle-akademiet\/#breadcrumb"},"inLanguage":"en-GB","potentialAction":[{"@type":"ReadAction","target":["https:\/\/hoejskolenmors.dk\/om-fortaelle-akademiet\/"]}]},{"@type":"BreadcrumbList","@id":"https:\/\/hoejskolenmors.dk\/om-fortaelle-akademiet\/#breadcrumb","itemListElement":[{"@type":"ListItem","position":1,"name":"Home","item":"https:\/\/hoejskolenmors.dk\/"},{"@type":"ListItem","position":2,"name":"Om Fort\u00e6lle Akademiet"}]},{"@type":"WebSite","@id":"https:\/\/hoejskolenmors.dk\/#website","url":"https:\/\/hoejskolenmors.dk\/","name":"H\u00f8jskolen Mors","description":"Culture at the top","publisher":{"@id":"https:\/\/hoejskolenmors.dk\/#organization"},"potentialAction":[{"@type":"SearchAction","target":{"@type":"EntryPoint","urlTemplate":"https:\/\/hoejskolenmors.dk\/?s={search_term_string}"},"query-input":{"@type":"PropertyValueSpecification","valueRequired":true,"valueName":"search_term_string"}}],"inLanguage":"en-GB"},{"@type":"Organization","@id":"https:\/\/hoejskolenmors.dk\/#organization","name":"H\u00f8jskolen Mors","url":"https:\/\/hoejskolenmors.dk\/","logo":{"@type":"ImageObject","inLanguage":"en-GB","@id":"https:\/\/hoejskolenmors.dk\/#\/schema\/logo\/image\/","url":"https:\/\/hoejskolenmors.dk\/wp-content\/uploads\/2017\/10\/Logo22.svg","contentUrl":"https:\/\/hoejskolenmors.dk\/wp-content\/uploads\/2017\/10\/Logo22.svg","width":1,"height":1,"caption":"H\u00f8jskolen Mors"},"image":{"@id":"https:\/\/hoejskolenmors.dk\/#\/schema\/logo\/image\/"},"sameAs":["https:\/\/www.facebook.com\/hojskolenmors\/","https:\/\/www.instagram.com\/hojskolenmors\/?hl=da","https:\/\/www.tiktok.com\/@hojskolenmors","https:\/\/www.linkedin.com\/company\/r-dding-h-jskole"]}]}},"_links":{"self":[{"href":"https:\/\/hoejskolenmors.dk\/en\/wp-json\/wp\/v2\/pages\/51296","targetHints":{"allow":["GET"]}}],"collection":[{"href":"https:\/\/hoejskolenmors.dk\/en\/wp-json\/wp\/v2\/pages"}],"about":[{"href":"https:\/\/hoejskolenmors.dk\/en\/wp-json\/wp\/v2\/types\/page"}],"author":[{"embeddable":true,"href":"https:\/\/hoejskolenmors.dk\/en\/wp-json\/wp\/v2\/users\/3"}],"replies":[{"embeddable":true,"href":"https:\/\/hoejskolenmors.dk\/en\/wp-json\/wp\/v2\/comments?post=51296"}],"version-history":[{"count":3,"href":"https:\/\/hoejskolenmors.dk\/en\/wp-json\/wp\/v2\/pages\/51296\/revisions"}],"predecessor-version":[{"id":57636,"href":"https:\/\/hoejskolenmors.dk\/en\/wp-json\/wp\/v2\/pages\/51296\/revisions\/57636"}],"wp:attachment":[{"href":"https:\/\/hoejskolenmors.dk\/en\/wp-json\/wp\/v2\/media?parent=51296"}],"curies":[{"name":"wp","href":"https:\/\/api.w.org\/{rel}","templated":true}]}}