{"id":51951,"date":"2021-02-09T08:36:13","date_gmt":"2021-02-09T07:36:13","guid":{"rendered":"https:\/\/hoejskolenmors.dk\/?page_id=51951"},"modified":"2022-06-08T14:45:27","modified_gmt":"2022-06-08T12:45:27","slug":"cookies-og-privatpolitik","status":"publish","type":"page","link":"https:\/\/hoejskolenmors.dk\/en\/cookies-og-privatpolitik\/","title":{"rendered":"Cookies og privatpolitik"},"content":{"rendered":"\n[et_pb_section fb_built=&#8221;1&#8243; admin_label=&#8221;Page Title Section&#8221; _builder_version=&#8221;4.8.2&#8243; use_background_color_gradient=&#8221;on&#8221; background_color_gradient_start=&#8221;#000000&#8243; background_color_gradient_end=&#8221;rgba(0,0,0,0)&#8221; background_color_gradient_direction=&#8221;120deg&#8221; background_color_gradient_overlays_image=&#8221;on&#8221; background_image=&#8221;https:\/\/hoejskolenmors.dk\/wp-content\/uploads\/2019\/03\/37574469_2039261972774501_6887981246077468672_o.jpg&#8221; custom_padding=&#8221;1px||1px||true|&#8221; hover_enabled=&#8221;0&#8243; title_text=&#8221;37574469_2039261972774501_6887981246077468672_o&#8221; sticky_enabled=&#8221;0&#8243;][et_pb_row column_structure=&#8221;2_3,1_3&#8243; admin_label=&#8221;Page Title Area&#8221; _builder_version=&#8221;3.26.7&#8243; background_size=&#8221;initial&#8221; background_position=&#8221;top_left&#8221; background_repeat=&#8221;repeat&#8221; custom_padding=&#8221;4vw||4vw||true|false&#8221;][et_pb_column type=&#8221;2_3&#8243; _builder_version=&#8221;3.25&#8243; custom_padding=&#8221;|||&#8221; custom_padding__hover=&#8221;|||&#8221;][et_pb_text admin_label=&#8221;Title&#8221; _builder_version=&#8221;3.27.4&#8243; text_font=&#8221;||||||||&#8221; header_font=&#8221;Oswald|300||on|||||&#8221; header_font_size=&#8221;64px&#8221; header_letter_spacing=&#8221;4px&#8221; header_line_height=&#8221;1.2em&#8221; header_2_font=&#8221;||||||||&#8221; background_layout=&#8221;dark&#8221; custom_margin=&#8221;||20px|&#8221; custom_padding=&#8221;|||&#8221; animation_style=&#8221;fade&#8221; header_font_size_tablet=&#8221;&#8221; header_font_size_phone=&#8221;40px&#8221; header_font_size_last_edited=&#8221;on|desktop&#8221; header_2_font_size_last_edited=&#8221;off|desktop&#8221;]<div class=\"page\" title=\"Page 14\">\n<div class=\"section\">\n<div class=\"layoutArea\">\n<div class=\"column\">\n<h1 class=\"p2\">Cookies og privatpolitik<\/h1>\n<\/div>\n<\/div>\n<\/div>\n<\/div>[\/et_pb_text][\/et_pb_column][et_pb_column type=&#8221;1_3&#8243; _builder_version=&#8221;3.25&#8243; custom_padding=&#8221;|||&#8221; custom_padding__hover=&#8221;|||&#8221;][\/et_pb_column][\/et_pb_row][\/et_pb_section][et_pb_section fb_built=&#8221;1&#8243; admin_label=&#8221;Class Details Section&#8221; _builder_version=&#8221;3.26.6&#8243; custom_padding=&#8221;90px||90px|&#8221;][et_pb_row column_structure=&#8221;1_2,1_2&#8243; admin_label=&#8221;Course Overview Area &#8221; _builder_version=&#8221;3.25&#8243; custom_margin=&#8221;|||&#8221; custom_padding=&#8221;|||&#8221;][et_pb_column type=&#8221;1_2&#8243; _builder_version=&#8221;3.25&#8243; custom_padding=&#8221;|||&#8221; custom_padding__hover=&#8221;|||&#8221;][et_pb_text _builder_version=&#8221;3.27.4&#8243; text_font=&#8221;Roboto|300|||||||&#8221; text_text_color=&#8221;#000000&#8243; text_line_height=&#8221;1.8em&#8221; header_font=&#8221;||||||||&#8221; header_3_font=&#8221;||||||||&#8221; width=&#8221;86%&#8221; animation_style=&#8221;fade&#8221;]<div class=\"page\" title=\"Page 17\">\n<div class=\"section\">\n<div class=\"layoutArea\">\n<div class=\"column\">\n<div class=\"u-size-30\">\n<div class=\"u-layout-col\">\n<div class=\"u-align-left u-container-style u-layout-cell u-size-60 u-layout-cell-1\">\n<div class=\"u-container-layout u-valign-bottom u-container-layout-1\">\n<h2 class=\"u-text u-text-1\">Cookies<\/h2>\n<p class=\"u-text u-text-2\"><span>Ejeroplysninger<\/span><br \/>Dette website udbydes af:\u00a0<br \/>H\u00f8jskolen Mors<br \/>Salgerh\u00f8jvej 36<br \/>7900 Nyk\u00f8bing Mors<br \/><strong>T:<\/strong>\u00a0<strong><span style=\"color: #000000;\"><a title=\"telefonnummer til H\u00f8jskolen Mors\" href=\"tel:+4521626455\" class=\"u-active-none u-border-none u-btn u-button-link u-button-style u-hover-none u-none u-text-palette-1-base u-btn-1\" style=\"color: #000000;\">88 77 97 20<\/a><\/span><\/strong><br \/><span style=\"color: #000000;\"><strong>M:<\/strong>\u00a0<strong><a href=\"mailto:info@hojskolenmors.dk\" class=\"u-active-none u-border-none u-btn u-button-link u-button-style u-hover-none u-none u-text-palette-1-base u-btn-2\" style=\"color: #000000;\">info@hojskolenmors.dk<\/a><\/strong><\/span><\/p>\n<p><strong>Cookies<\/strong><br \/>Dette website anvender cookies i forbindelse med trafikm\u00e5ling og sitets tekniske funktionalitet. En cookie er en lille tekstfil, der lagres i din browser og for at kunne genkende din computer ved tilbagevendende bes\u00f8g.<\/p>\n<p>Der er ingen personlige oplysninger gemt i vores cookies og de kan ikke indeholde virus.<br \/><span><br \/><strong>S\u00e5 lang tid opbevares cookies<\/strong><\/span><br \/>Cookies sletter sig selv efter et vist antal m\u00e5neder (kan variere), men de fornyes efter hvert bes\u00f8g.<br \/><span><br \/><strong>S\u00e5dan sletter du cookies<\/strong><\/span><br \/>Se vejledning her:<br \/>http:\/\/minecookies.org\/cookiehandtering\u00a0<br \/><span><br \/>S\u00e5dan undg\u00e5r jeg cookies?<\/span><br \/>Hvis du ikke \u00f8nsker at modtage cookies kan du blokere dem.\u00a0<br \/>Se vejledning her:<br \/>http:\/\/minecookies.org\/cookiehandtering<br \/><span><br \/><strong>Hvad cookies bruges til p\u00e5 vores website<\/strong><\/span><br \/>Cookies anvendes til at f\u00f8re statistik over antallet af brugere samt deres f\u00e6rden p\u00e5 sitet. Der anvendes ogs\u00e5 cookies n\u00e5r du klikker p\u00e5 videolinks. Derudover anvendes cookies i forbindelse med tilmelding og brochure bestilling p\u00e5 sitet,<br \/><span><br \/><strong>Google Analytics<\/strong><\/span><br \/>(trafikm\u00e5ling). Websitet bruger cookies fra Google Analytics til at m\u00e5ltrafikken p\u00e5 websitet. Du kan frav\u00e6lge cookies fra Google Analytics h<span style=\"color: #0a0a0a;\">er: <a href=\"http:\/\/tools.google.com\/dlpage\/gaoptout\" style=\"color: #0a0a0a;\">http:\/\/tools.google.com\/dlpage\/gaoptout<\/a><\/span><\/p>\n<\/div>\n<\/div>\n<\/div>\n<\/div>\n<div class=\"u-size-30\">\n<div class=\"u-layout-col\">\n<div class=\"u-align-left u-container-style u-layout-cell u-size-60 u-layout-cell-2\">\n<div class=\"u-container-layout u-container-layout-2\">\n<p>&nbsp;<\/p>\n<\/div>\n<\/div>\n<\/div>\n<\/div>\n<\/div>\n<\/div>\n<\/div>\n<\/div>[\/et_pb_text][\/et_pb_column][et_pb_column type=&#8221;1_2&#8243; _builder_version=&#8221;3.25&#8243; custom_padding=&#8221;|||&#8221; custom_padding__hover=&#8221;|||&#8221;][et_pb_text _builder_version=&#8221;3.27.4&#8243; text_font=&#8221;Roboto|300|||||||&#8221; text_text_color=&#8221;#000000&#8243; text_line_height=&#8221;1.8em&#8221; header_font=&#8221;||||||||&#8221; header_3_font=&#8221;||||||||&#8221; width=&#8221;86%&#8221; animation_style=&#8221;fade&#8221;]<div class=\"page\" title=\"Page 17\">\n<div class=\"section\">\n<div class=\"layoutArea\">\n<div class=\"column\">\n<div class=\"u-size-30\">\n<div class=\"u-layout-col\">\n<div class=\"u-align-left u-container-style u-layout-cell u-size-60 u-layout-cell-1\">\n<div class=\"u-container-layout u-valign-bottom u-container-layout-1\">\n<h2 class=\"u-text u-text-1\"><span style=\"font-size: 26px;\">Privatlivspolitik<\/span><\/h2>\n<\/div>\n<\/div>\n<\/div>\n<\/div>\n<div class=\"u-size-30\">\n<div class=\"u-layout-col\">\n<div class=\"u-align-left u-container-style u-layout-cell u-size-60 u-layout-cell-2\">\n<div class=\"u-container-layout u-container-layout-2\">\n<p class=\"u-align-left-lg u-align-left-md u-align-left-sm u-align-left-xs u-text u-text-4\"><span>Brug af personoplysninger<\/span><br \/>Personoplysninger afgives aldrig til tredjepart, med mindre du selv udtrykkeligt giver tilsagn hertil, og vi indsamler aldrig personoplysninger, uden at du selv har givet os disse oplysninger ved registrering eller bestilling.\u00a0<\/p>\n<p>Personoplysninger bruges til at gennemf\u00f8relse af deltagelse og den henvendelse, som oplysningerne er indsamlet i forbindelse med.<br \/><span><br \/><strong>Kontakt vedr. personoplysninger<\/strong><\/span><br \/>Hvis du \u00f8nsker adgang til de oplysninger, som er registreret om dig hos H\u00f8jskolen Mors skal du rette henvendelse p\u00e5 telefon:<br \/>2162 6455 eller mail: info@hojskolenmors.dk\u00a0<br \/><span><br \/><strong>Beskyttelse af personoplysninger<\/strong><\/span><br \/>If\u00f8lge persondataloven skal dine personlige oplysninger opbevares sikkert og fortroligt. Vi gemmer dine personlige oplysninger p\u00e5 computere med begr\u00e6nset adgang, som er placeret i kontrollerede faciliteter, og vores sikkerhedsforanstaltninger kontrolleres l\u00f8bende for at afg\u00f8re, om vores brugeroplysninger h\u00e5ndteres forsvarligt, og under stadig hensyntagen til dine rettigheder som bruger. Vi kan dog ikke garantere 100 procent sikkerhed ved dataoverf\u00f8rsler via internettet. Det betyder, at der kan v\u00e6re en risiko for, at andre uberettiget tiltvinger sig adgang til oplysninger, n\u00e5r data sendes og opbevares elektronisk. Du afgiver s\u00e5ledes dine personlige oplysninger p\u00e5 eget ansvar.\u00a0<\/p>\n<p>Den hurtige udvikling af internettet betyder, at \u00e6ndringer i vores behandling af personoplysninger kan blive n\u00f8dvendige. Vi forbeholder os derfor ret til at opdatere og \u00e6ndre n\u00e6rv\u00e6rende retningslinjer for behandling af personoplysninger.<\/p>\n<p>I det omfang, der behandles personoplysninger om dig, har du if\u00f8lge persondataloven ret til at f\u00e5 oplyst, hvilke personoplysninger, der kan henf\u00f8res til dig. S\u00e5fremt det viser sig, at de oplysninger eller data, der behandles om dig, er urigtige eller vildledende, har du ret til at kr\u00e6ve disse berigtiget, slettet eller blokeret.<\/p>\n<p>Du kan til enhver tid g\u00f8re indsigelse mod, at oplysninger om dig g\u00f8res til genstand for behandling. Du kan ogs\u00e5 til enhver tid tilbagekalde dit samtykke. Du har mulighed for at klage over behandlingen af oplysninger og data vedr\u00f8rende dig. Klage indgives til Datatilsynet, jf. persondatalovens \u00a7 58, stk. 1.<\/p>\n<\/div>\n<\/div>\n<\/div>\n<\/div>\n<\/div>\n<\/div>\n<\/div>\n<\/div>[\/et_pb_text][\/et_pb_column][\/et_pb_row][\/et_pb_section][et_pb_section fb_built=&#8221;1&#8243; admin_label=&#8221;Borwse More Course Section&#8221; _builder_version=&#8221;3.26.7&#8243; background_color=&#8221;#12876f&#8221; border_color_all=&#8221;#12876f&#8221;][et_pb_row admin_label=&#8221;Browse More Course Area &#8221; _builder_version=&#8221;3.25&#8243;][et_pb_column type=&#8221;4_4&#8243; _builder_version=&#8221;3.25&#8243; custom_padding=&#8221;|||&#8221; custom_padding__hover=&#8221;|||&#8221;][et_pb_button button_url=&#8221;@ET-DC@eyJkeW5hbWljIjp0cnVlLCJjb250ZW50IjoicG9zdF9saW5rX3VybF9wYWdlIiwic2V0dGluZ3MiOnsicG9zdF9pZCI6IjQ2NDc2In19@&#8221; button_text=&#8221;tilbage til alle forsiden&#8221; button_alignment=&#8221;center&#8221; _builder_version=&#8221;4.8.2&#8243; custom_button=&#8221;on&#8221; button_text_size=&#8221;28px&#8221; button_text_color=&#8221;#ffffff&#8221; button_bg_color=&#8221;#12876f&#8221; button_border_width=&#8221;3px&#8221; button_border_color=&#8221;#12876f&#8221; button_border_radius=&#8221;0px&#8221; button_letter_spacing=&#8221;2px&#8221; button_font=&#8221;Oswald|600||on|||||&#8221; button_use_icon=&#8221;off&#8221; animation_style=&#8221;fade&#8221; hover_enabled=&#8221;0&#8243; button_text_size__hover_enabled=&#8221;off&#8221; button_one_text_size__hover_enabled=&#8221;off&#8221; button_two_text_size__hover_enabled=&#8221;off&#8221; button_text_color__hover_enabled=&#8221;off&#8221; button_one_text_color__hover_enabled=&#8221;off&#8221; button_two_text_color__hover_enabled=&#8221;off&#8221; button_border_width__hover_enabled=&#8221;off&#8221; button_one_border_width__hover_enabled=&#8221;off&#8221; button_two_border_width__hover_enabled=&#8221;off&#8221; button_border_color__hover_enabled=&#8221;on&#8221; button_one_border_color__hover_enabled=&#8221;off&#8221; button_two_border_color__hover_enabled=&#8221;off&#8221; button_border_radius__hover_enabled=&#8221;off&#8221; button_one_border_radius__hover_enabled=&#8221;off&#8221; button_two_border_radius__hover_enabled=&#8221;off&#8221; button_letter_spacing__hover_enabled=&#8221;off&#8221; button_one_letter_spacing__hover_enabled=&#8221;off&#8221; button_two_letter_spacing__hover_enabled=&#8221;off&#8221; button_bg_color__hover_enabled=&#8221;off&#8221; button_one_bg_color__hover_enabled=&#8221;off&#8221; button_two_bg_color__hover_enabled=&#8221;off&#8221; button_border_color__hover=&#8221;#ffffff&#8221; button_icon_color__hover_enabled=&#8221;on&#8221; _dynamic_attributes=&#8221;button_url&#8221; sticky_enabled=&#8221;0&#8243;][\/et_pb_button][\/et_pb_column][\/et_pb_row][\/et_pb_section][et_pb_section fb_built=&#8221;1&#8243; _builder_version=&#8221;3.21.1&#8243; background_color=&#8221;#000000&#8243; min_height=&#8221;386px&#8221; custom_padding=&#8221;5px|0px|5px|0px|true|false&#8221; global_module=&#8221;46760&#8243; saved_tabs=&#8221;all&#8221;][et_pb_row _builder_version=&#8221;3.25&#8243;][et_pb_column type=&#8221;4_4&#8243; _builder_version=&#8221;3.25&#8243; custom_padding=&#8221;|||&#8221; custom_padding__hover=&#8221;|||&#8221;][et_pb_social_media_follow _builder_version=&#8221;4.4.2&#8243; text_orientation=&#8221;center&#8221;][et_pb_social_media_follow_network social_network=&#8221;facebook&#8221; url=&#8221;https:\/\/www.facebook.com\/hojskolenmors\/&#8221; icon_color=&#8221;#ffffff&#8221; _builder_version=&#8221;4.4.2&#8243; background_color=&#8221;#000000&#8243; custom_margin=&#8221;|8px||8px&#8221; custom_padding=&#8221;14px|14px|14px|14px&#8221; border_radii=&#8221;on|100px|100px|100px|100px&#8221; border_width_all=&#8221;2px&#8221; border_color_all=&#8221;#ffffff&#8221; follow_button=&#8221;off&#8221; url_new_window=&#8221;on&#8221;]facebook[\/et_pb_social_media_follow_network][et_pb_social_media_follow_network social_network=&#8221;instagram&#8221; url=&#8221;https:\/\/www.instagram.com\/hojskolenmors\/&#8221; _builder_version=&#8221;4.4.2&#8243; background_color=&#8221;#000000&#8243; custom_margin=&#8221;|8px||8px&#8221; custom_padding=&#8221;14px|14px|14px|14px&#8221; border_radii=&#8221;on|100px|100px|100px|100px&#8221; border_width_all=&#8221;2px&#8221; border_color_all=&#8221;#ffffff&#8221; follow_button=&#8221;off&#8221; url_new_window=&#8221;on&#8221;]instagram[\/et_pb_social_media_follow_network][\/et_pb_social_media_follow][\/et_pb_column][\/et_pb_row][et_pb_row _builder_version=&#8221;4.4.2&#8243;][et_pb_column type=&#8221;4_4&#8243; _builder_version=&#8221;4.4.2&#8243;][et_pb_text _builder_version=&#8221;4.4.6&#8243; text_orientation=&#8221;center&#8221;]<p><span style=\"font-size: medium;\">H\u00f8jskolen Mors\u00a0\u2022 Salgerh\u00f8jvej 36\u00a0\u2022 7900 Nyk\u00f8bing Mors\u00a0<\/span><\/p>\n<p><span style=\"font-size: medium;\">Mail: <a href=\"mailto:info@hoejskolenmors.dk\">info@hoejskolenmors.dk<\/a>\u00a0<\/span><\/p>\n<p><span style=\"font-size: medium;\">Tel. +45 88 77 97 20<\/span><\/p>\n<p><span style=\"font-size: small;\">cvr. nr.\u00a040073507 \u2022\u00a0Reg. 9133\u00a0Kontonr. 0002000693<\/span><\/p>[\/et_pb_text][et_pb_text _builder_version=&#8221;4.4.7&#8243; text_font=&#8221;Poppins||||||||&#8221; text_text_color=&#8221;#ffffff&#8221; link_font=&#8221;Poppins||||||||&#8221; link_text_color=&#8221;#ffffff&#8221; link_font_size=&#8221;12px&#8221; text_orientation=&#8221;center&#8221; text_font_size_tablet=&#8221;&#8221; text_font_size_phone=&#8221;12px&#8221; text_font_size_last_edited=&#8221;on|phone&#8221;]<p><span>\u00a9Hoejskolenmors.dk |\u00a0<\/span><span>Web design:<strong>\u00a0<\/strong><\/span><strong><a href=\"http:\/\/www.radesign.dk\/\" target=\"_blank\" rel=\"nofollow noopener noreferrer\">RADESIGN<\/a><\/strong><\/p>[\/et_pb_text][\/et_pb_column][\/et_pb_row][\/et_pb_section]\n","protected":false},"excerpt":{"rendered":"<p>Cookies og privatpolitik Cookies EjeroplysningerDette website udbydes af:\u00a0H\u00f8jskolen MorsSalgerh\u00f8jvej 367900 Nyk\u00f8bing MorsT:\u00a088 77 97 20M:\u00a0info@hojskolenmors.dk CookiesDette website anvender cookies i forbindelse med trafikm\u00e5ling og sitets tekniske funktionalitet. En cookie er en lille tekstfil, der lagres i din browser og for at kunne genkende din computer ved tilbagevendende bes\u00f8g. Der er ingen personlige oplysninger gemt i [&hellip;]<\/p>\n","protected":false},"author":3,"featured_media":0,"parent":0,"menu_order":0,"comment_status":"closed","ping_status":"closed","template":"","meta":{"_et_pb_use_builder":"on","_et_pb_old_content":"","_et_gb_content_width":"","inline_featured_image":false,"footnotes":""},"class_list":["post-51951","page","type-page","status-publish","hentry"],"yoast_head":"<!-- This site is optimized with the Yoast SEO plugin v27.5 - https:\/\/yoast.com\/product\/yoast-seo-wordpress\/ -->\n<title>H\u00f8jskolen Mors | Cookies og privatlivspolitik<\/title>\n<meta name=\"description\" content=\"Cookies og privatlivspolitik p\u00e5 H\u00f8jskolen Mors&#039; hjemmeside. Overvejer du et h\u00f8jskoleophold? Book en rundvisning p\u00e5 H\u00f8jskolen Mors.\" \/>\n<meta name=\"robots\" content=\"index, follow, max-snippet:-1, max-image-preview:large, max-video-preview:-1\" \/>\n<link rel=\"canonical\" href=\"https:\/\/hoejskolenmors.dk\/en\/cookies-og-privatpolitik\/\" \/>\n<meta property=\"og:locale\" content=\"en_GB\" \/>\n<meta property=\"og:type\" content=\"article\" \/>\n<meta property=\"og:title\" content=\"H\u00f8jskolen Mors | Cookies og privatlivspolitik\" \/>\n<meta property=\"og:description\" content=\"Cookies og privatlivspolitik p\u00e5 H\u00f8jskolen Mors&#039; hjemmeside. Overvejer du et h\u00f8jskoleophold? Book en rundvisning p\u00e5 H\u00f8jskolen Mors.\" \/>\n<meta property=\"og:url\" content=\"https:\/\/hoejskolenmors.dk\/en\/cookies-og-privatpolitik\/\" \/>\n<meta property=\"og:site_name\" content=\"H\u00f8jskolen Mors\" \/>\n<meta property=\"article:publisher\" content=\"https:\/\/www.facebook.com\/hojskolenmors\/\" \/>\n<meta property=\"article:modified_time\" content=\"2022-06-08T12:45:27+00:00\" \/>\n<meta name=\"twitter:card\" content=\"summary_large_image\" \/>\n<meta name=\"twitter:label1\" content=\"Estimated reading time\" \/>\n\t<meta name=\"twitter:data1\" content=\"4 minutes\" \/>\n<script type=\"application\/ld+json\" class=\"yoast-schema-graph\">{\"@context\":\"https:\\\/\\\/schema.org\",\"@graph\":[{\"@type\":\"WebPage\",\"@id\":\"https:\\\/\\\/hoejskolenmors.dk\\\/cookies-og-privatpolitik\\\/\",\"url\":\"https:\\\/\\\/hoejskolenmors.dk\\\/cookies-og-privatpolitik\\\/\",\"name\":\"H\u00f8jskolen Mors | Cookies og privatlivspolitik\",\"isPartOf\":{\"@id\":\"https:\\\/\\\/hoejskolenmors.dk\\\/#website\"},\"datePublished\":\"2021-02-09T07:36:13+00:00\",\"dateModified\":\"2022-06-08T12:45:27+00:00\",\"description\":\"Cookies og privatlivspolitik p\u00e5 H\u00f8jskolen Mors' hjemmeside. Overvejer du et h\u00f8jskoleophold? Book en rundvisning p\u00e5 H\u00f8jskolen Mors.\",\"breadcrumb\":{\"@id\":\"https:\\\/\\\/hoejskolenmors.dk\\\/cookies-og-privatpolitik\\\/#breadcrumb\"},\"inLanguage\":\"en-GB\",\"potentialAction\":[{\"@type\":\"ReadAction\",\"target\":[\"https:\\\/\\\/hoejskolenmors.dk\\\/cookies-og-privatpolitik\\\/\"]}]},{\"@type\":\"BreadcrumbList\",\"@id\":\"https:\\\/\\\/hoejskolenmors.dk\\\/cookies-og-privatpolitik\\\/#breadcrumb\",\"itemListElement\":[{\"@type\":\"ListItem\",\"position\":1,\"name\":\"Home\",\"item\":\"https:\\\/\\\/hoejskolenmors.dk\\\/\"},{\"@type\":\"ListItem\",\"position\":2,\"name\":\"Cookies og privatpolitik\"}]},{\"@type\":\"WebSite\",\"@id\":\"https:\\\/\\\/hoejskolenmors.dk\\\/#website\",\"url\":\"https:\\\/\\\/hoejskolenmors.dk\\\/\",\"name\":\"H\u00f8jskolen Mors\",\"description\":\"Kultur p\u00e5 toppen\",\"publisher\":{\"@id\":\"https:\\\/\\\/hoejskolenmors.dk\\\/#organization\"},\"potentialAction\":[{\"@type\":\"SearchAction\",\"target\":{\"@type\":\"EntryPoint\",\"urlTemplate\":\"https:\\\/\\\/hoejskolenmors.dk\\\/?s={search_term_string}\"},\"query-input\":{\"@type\":\"PropertyValueSpecification\",\"valueRequired\":true,\"valueName\":\"search_term_string\"}}],\"inLanguage\":\"en-GB\"},{\"@type\":\"Organization\",\"@id\":\"https:\\\/\\\/hoejskolenmors.dk\\\/#organization\",\"name\":\"H\u00f8jskolen Mors\",\"url\":\"https:\\\/\\\/hoejskolenmors.dk\\\/\",\"logo\":{\"@type\":\"ImageObject\",\"inLanguage\":\"en-GB\",\"@id\":\"https:\\\/\\\/hoejskolenmors.dk\\\/#\\\/schema\\\/logo\\\/image\\\/\",\"url\":\"https:\\\/\\\/hoejskolenmors.dk\\\/wp-content\\\/uploads\\\/2017\\\/10\\\/Logo22.svg\",\"contentUrl\":\"https:\\\/\\\/hoejskolenmors.dk\\\/wp-content\\\/uploads\\\/2017\\\/10\\\/Logo22.svg\",\"width\":1,\"height\":1,\"caption\":\"H\u00f8jskolen Mors\"},\"image\":{\"@id\":\"https:\\\/\\\/hoejskolenmors.dk\\\/#\\\/schema\\\/logo\\\/image\\\/\"},\"sameAs\":[\"https:\\\/\\\/www.facebook.com\\\/hojskolenmors\\\/\",\"https:\\\/\\\/www.instagram.com\\\/hojskolenmors\\\/?hl=da\",\"https:\\\/\\\/www.tiktok.com\\\/@hojskolenmors\",\"https:\\\/\\\/www.linkedin.com\\\/company\\\/r-dding-h-jskole\"]}]}<\/script>\n<!-- \/ Yoast SEO plugin. -->","yoast_head_json":{"title":"H\u00f8jskolen Mors | Cookies og privatlivspolitik","description":"Cookies og privatlivspolitik p\u00e5 H\u00f8jskolen Mors' hjemmeside. Overvejer du et h\u00f8jskoleophold? Book en rundvisning p\u00e5 H\u00f8jskolen Mors.","robots":{"index":"index","follow":"follow","max-snippet":"max-snippet:-1","max-image-preview":"max-image-preview:large","max-video-preview":"max-video-preview:-1"},"canonical":"https:\/\/hoejskolenmors.dk\/en\/cookies-og-privatpolitik\/","og_locale":"en_GB","og_type":"article","og_title":"H\u00f8jskolen Mors | Cookies og privatlivspolitik","og_description":"Cookies og privatlivspolitik p\u00e5 H\u00f8jskolen Mors' hjemmeside. Overvejer du et h\u00f8jskoleophold? Book en rundvisning p\u00e5 H\u00f8jskolen Mors.","og_url":"https:\/\/hoejskolenmors.dk\/en\/cookies-og-privatpolitik\/","og_site_name":"H\u00f8jskolen Mors","article_publisher":"https:\/\/www.facebook.com\/hojskolenmors\/","article_modified_time":"2022-06-08T12:45:27+00:00","twitter_card":"summary_large_image","twitter_misc":{"Estimated reading time":"4 minutes"},"schema":{"@context":"https:\/\/schema.org","@graph":[{"@type":"WebPage","@id":"https:\/\/hoejskolenmors.dk\/cookies-og-privatpolitik\/","url":"https:\/\/hoejskolenmors.dk\/cookies-og-privatpolitik\/","name":"H\u00f8jskolen Mors | Cookies og privatlivspolitik","isPartOf":{"@id":"https:\/\/hoejskolenmors.dk\/#website"},"datePublished":"2021-02-09T07:36:13+00:00","dateModified":"2022-06-08T12:45:27+00:00","description":"Cookies og privatlivspolitik p\u00e5 H\u00f8jskolen Mors' hjemmeside. Overvejer du et h\u00f8jskoleophold? Book en rundvisning p\u00e5 H\u00f8jskolen Mors.","breadcrumb":{"@id":"https:\/\/hoejskolenmors.dk\/cookies-og-privatpolitik\/#breadcrumb"},"inLanguage":"en-GB","potentialAction":[{"@type":"ReadAction","target":["https:\/\/hoejskolenmors.dk\/cookies-og-privatpolitik\/"]}]},{"@type":"BreadcrumbList","@id":"https:\/\/hoejskolenmors.dk\/cookies-og-privatpolitik\/#breadcrumb","itemListElement":[{"@type":"ListItem","position":1,"name":"Home","item":"https:\/\/hoejskolenmors.dk\/"},{"@type":"ListItem","position":2,"name":"Cookies og privatpolitik"}]},{"@type":"WebSite","@id":"https:\/\/hoejskolenmors.dk\/#website","url":"https:\/\/hoejskolenmors.dk\/","name":"H\u00f8jskolen Mors","description":"Culture at the top","publisher":{"@id":"https:\/\/hoejskolenmors.dk\/#organization"},"potentialAction":[{"@type":"SearchAction","target":{"@type":"EntryPoint","urlTemplate":"https:\/\/hoejskolenmors.dk\/?s={search_term_string}"},"query-input":{"@type":"PropertyValueSpecification","valueRequired":true,"valueName":"search_term_string"}}],"inLanguage":"en-GB"},{"@type":"Organization","@id":"https:\/\/hoejskolenmors.dk\/#organization","name":"H\u00f8jskolen Mors","url":"https:\/\/hoejskolenmors.dk\/","logo":{"@type":"ImageObject","inLanguage":"en-GB","@id":"https:\/\/hoejskolenmors.dk\/#\/schema\/logo\/image\/","url":"https:\/\/hoejskolenmors.dk\/wp-content\/uploads\/2017\/10\/Logo22.svg","contentUrl":"https:\/\/hoejskolenmors.dk\/wp-content\/uploads\/2017\/10\/Logo22.svg","width":1,"height":1,"caption":"H\u00f8jskolen Mors"},"image":{"@id":"https:\/\/hoejskolenmors.dk\/#\/schema\/logo\/image\/"},"sameAs":["https:\/\/www.facebook.com\/hojskolenmors\/","https:\/\/www.instagram.com\/hojskolenmors\/?hl=da","https:\/\/www.tiktok.com\/@hojskolenmors","https:\/\/www.linkedin.com\/company\/r-dding-h-jskole"]}]}},"_links":{"self":[{"href":"https:\/\/hoejskolenmors.dk\/en\/wp-json\/wp\/v2\/pages\/51951","targetHints":{"allow":["GET"]}}],"collection":[{"href":"https:\/\/hoejskolenmors.dk\/en\/wp-json\/wp\/v2\/pages"}],"about":[{"href":"https:\/\/hoejskolenmors.dk\/en\/wp-json\/wp\/v2\/types\/page"}],"author":[{"embeddable":true,"href":"https:\/\/hoejskolenmors.dk\/en\/wp-json\/wp\/v2\/users\/3"}],"replies":[{"embeddable":true,"href":"https:\/\/hoejskolenmors.dk\/en\/wp-json\/wp\/v2\/comments?post=51951"}],"version-history":[{"count":3,"href":"https:\/\/hoejskolenmors.dk\/en\/wp-json\/wp\/v2\/pages\/51951\/revisions"}],"predecessor-version":[{"id":53709,"href":"https:\/\/hoejskolenmors.dk\/en\/wp-json\/wp\/v2\/pages\/51951\/revisions\/53709"}],"wp:attachment":[{"href":"https:\/\/hoejskolenmors.dk\/en\/wp-json\/wp\/v2\/media?parent=51951"}],"curies":[{"name":"wp","href":"https:\/\/api.w.org\/{rel}","templated":true}]}}